{"id":282230,"date":"2022-03-25T12:20:19","date_gmt":"2025-06-23T10:54:07","guid":{"rendered":"https:\/\/www.huntersfriend.eu\/product\/armytek-micro-usb-kabel-28cm\/"},"modified":"2025-06-23T12:54:07","modified_gmt":"2025-06-23T10:54:07","slug":"armytek-micro-usb-kabel-28cm","status":"publish","type":"product","link":"https:\/\/www.huntersfriend.eu\/de\/produkt\/armytek-micro-usb-kabel-28cm\/","title":{"rendered":"Armytek Micro-USB-Kabel 28cm"},"content":{"rendered":"<p>Micro-USB-Kabel passend f\u00fcr Elf C1 \/ Elf C2 Taschenlampen sowie f\u00fcr Ladeger\u00e4te der Handy-Serie. Kann ebenfalls f\u00fcr Mobiltelefone etc. verwendet werden. <\/p>\n<p>Kabell\u00e4nge: 28 cm.<\/p>\n","protected":false},"excerpt":{"rendered":"<p>Micro-USB-Kabel passend f\u00fcr Elf C1 \/ Elf C2 Taschenlampen sowie f\u00fcr Ladeger\u00e4te der Handy-Serie. Kann ebenfalls f\u00fcr Mobiltelefone etc. verwendet werden. Kabell\u00e4nge: 28 cm.<\/p>\n","protected":false},"featured_media":227810,"comment_status":"open","ping_status":"closed","template":"","meta":[],"product_brand":[],"product_cat":[1408],"product_tag":[],"class_list":{"0":"post-282230","1":"product","2":"type-product","3":"status-publish","4":"has-post-thumbnail","6":"product_cat-jagdlampen","8":"first","9":"instock","10":"taxable","11":"shipping-taxable","12":"purchasable","13":"product-type-simple"},"composite_virtual":false,"composite_layout":"","composite_add_to_cart_form_location":"","composite_editable_in_cart":false,"composite_sold_individually_context":"","composite_shop_price_calc":"","composite_components":[],"composite_scenarios":[],"group_of_quantity":0,"min_quantity":0,"max_quantity":"","exclude_order_quantity_value_rules":"no","exclude_category_quantity_rules":"no","combine_variations":"no","exclude_global_add_ons":[],"addons":[],"_links":{"self":[{"href":"https:\/\/www.huntersfriend.eu\/de\/wp-json\/wp\/v2\/product\/282230","targetHints":{"allow":["GET"]}}],"collection":[{"href":"https:\/\/www.huntersfriend.eu\/de\/wp-json\/wp\/v2\/product"}],"about":[{"href":"https:\/\/www.huntersfriend.eu\/de\/wp-json\/wp\/v2\/types\/product"}],"replies":[{"embeddable":true,"href":"https:\/\/www.huntersfriend.eu\/de\/wp-json\/wp\/v2\/comments?post=282230"}],"wp:featuredmedia":[{"embeddable":true,"href":"https:\/\/www.huntersfriend.eu\/de\/wp-json\/wp\/v2\/media\/227810"}],"wp:attachment":[{"href":"https:\/\/www.huntersfriend.eu\/de\/wp-json\/wp\/v2\/media?parent=282230"}],"wp:term":[{"taxonomy":"product_brand","embeddable":true,"href":"https:\/\/www.huntersfriend.eu\/de\/wp-json\/wp\/v2\/product_brand?post=282230"},{"taxonomy":"product_cat","embeddable":true,"href":"https:\/\/www.huntersfriend.eu\/de\/wp-json\/wp\/v2\/product_cat?post=282230"},{"taxonomy":"product_tag","embeddable":true,"href":"https:\/\/www.huntersfriend.eu\/de\/wp-json\/wp\/v2\/product_tag?post=282230"}],"curies":[{"name":"wp","href":"https:\/\/api.w.org\/{rel}","templated":true}]}}