{"id":282228,"date":"2022-03-24T15:20:16","date_gmt":"2025-06-23T10:54:05","guid":{"rendered":"https:\/\/www.huntersfriend.eu\/product\/halo-optics-xl450-entfernungsmesser\/"},"modified":"2026-02-13T12:00:33","modified_gmt":"2026-02-13T10:00:33","slug":"halo-optics-xl450-entfernungsmesser","status":"publish","type":"product","link":"https:\/\/www.huntersfriend.eu\/de\/produkt\/halo-optics-xl450-entfernungsmesser\/","title":{"rendered":"Halo Optics XL450 Entfernungsmesser"},"content":{"rendered":"<p>Der Halo Optics XL450 Entfernungsmesser bietet beeindruckende Technologie und Wert. Zu den Standardfunktionen geh\u00f6ren ein wasserdichtes Design, eine Reichweite von 450 Yards (411 Meter), 6-fache Vergr\u00f6\u00dferung und ein Scan-Modus f\u00fcr kontinuierliche Entfernungsmessung. Zudem ist er mit Angle Intelligence\u2122 ausgestattet, um pr\u00e4zise Winkelmessungen f\u00fcr alle Gel\u00e4ndearten zu gew\u00e4hrleisten. Es stellt sich heraus, dass die R\u00fcckkehr zu den Grundlagen alles andere als gew\u00f6hnlich ist.   <\/p>\n<h3>Funktionen<\/h3>\n<ul>\n<li>Maximale Reichweite von 450 Yards zu reflektierenden Zielen<\/li>\n<li>6-fache Vergr\u00f6\u00dferung<\/li>\n<li>Angle Intelligence\u2122 berechnet die wahre horizontale Distanz zum Ziel bei jeder Elevation<\/li>\n<li>Scan-Modus erfasst mehrere Ziele in unterschiedlichen Entfernungen<\/li>\n<li>Pr\u00e4zision von +\/- 1 Yard (+\/- 0,9m)<\/li>\n<li>Wasserresistent<\/li>\n<li>1 Jahr Garantie<\/li>\n<\/ul>\n<p><img decoding=\"async\" class=\"size-full wp-image-228037 aligncenter\" src=\"https:\/\/www.huntersfriend.eu\/app\/uploads\/2022\/03\/Halo.jpg\" alt=\"\" width=\"380\" height=\"131\" srcset=\"https:\/\/www.huntersfriend.eu\/app\/uploads\/2022\/03\/Halo.jpg 380w, https:\/\/www.huntersfriend.eu\/app\/uploads\/2022\/03\/Halo-300x103.jpg 300w, https:\/\/www.huntersfriend.eu\/app\/uploads\/2022\/03\/Halo-200x69.jpg 200w, https:\/\/www.huntersfriend.eu\/app\/uploads\/2022\/03\/Halo-174x60.jpg 174w, https:\/\/www.huntersfriend.eu\/app\/uploads\/2022\/03\/Halo-261x90.jpg 261w\" sizes=\"(max-width: 380px) 100vw, 380px\" \/><\/p>\n<h3>Die Packung beinhaltet:<\/h3>\n<ul>\n<li>CR2 Lithium-Ionen-Batterie<\/li>\n<li>Trageriemen<\/li>\n<li>Reinigungstuch f\u00fcr die Linse<\/li>\n<\/ul>\n","protected":false},"excerpt":{"rendered":"<p>Der Halo Optics XL450 Entfernungsmesser bietet beeindruckende Technologie und Wert. Zu den Standardfunktionen geh\u00f6ren ein wasserdichtes Design, eine Reichweite von 450 Yards (411 Meter), 6-fache Vergr\u00f6\u00dferung und ein Scan-Modus f\u00fcr kontinuierliche Entfernungsmessung. Zudem ist er mit Angle Intelligence\u2122 ausgestattet, um pr\u00e4zise Winkelmessungen f\u00fcr alle Gel\u00e4ndearten zu gew\u00e4hrleisten. Es stellt sich heraus, dass die R\u00fcckkehr zu [&#8230;]\n","protected":false},"featured_media":228039,"comment_status":"open","ping_status":"closed","template":"","meta":[],"product_brand":[],"product_cat":[1131],"product_tag":[],"class_list":{"0":"post-282228","1":"product","2":"type-product","3":"status-publish","4":"has-post-thumbnail","6":"product_cat-entfernungsmesser","8":"first","9":"instock","10":"taxable","11":"shipping-taxable","12":"purchasable","13":"product-type-simple"},"composite_virtual":false,"composite_layout":"","composite_add_to_cart_form_location":"","composite_editable_in_cart":false,"composite_sold_individually_context":"","composite_shop_price_calc":"","composite_components":[],"composite_scenarios":[],"group_of_quantity":0,"min_quantity":0,"max_quantity":"","exclude_order_quantity_value_rules":"no","exclude_category_quantity_rules":"no","combine_variations":"no","exclude_global_add_ons":[],"addons":[],"_links":{"self":[{"href":"https:\/\/www.huntersfriend.eu\/de\/wp-json\/wp\/v2\/product\/282228","targetHints":{"allow":["GET"]}}],"collection":[{"href":"https:\/\/www.huntersfriend.eu\/de\/wp-json\/wp\/v2\/product"}],"about":[{"href":"https:\/\/www.huntersfriend.eu\/de\/wp-json\/wp\/v2\/types\/product"}],"replies":[{"embeddable":true,"href":"https:\/\/www.huntersfriend.eu\/de\/wp-json\/wp\/v2\/comments?post=282228"}],"wp:featuredmedia":[{"embeddable":true,"href":"https:\/\/www.huntersfriend.eu\/de\/wp-json\/wp\/v2\/media\/228039"}],"wp:attachment":[{"href":"https:\/\/www.huntersfriend.eu\/de\/wp-json\/wp\/v2\/media?parent=282228"}],"wp:term":[{"taxonomy":"product_brand","embeddable":true,"href":"https:\/\/www.huntersfriend.eu\/de\/wp-json\/wp\/v2\/product_brand?post=282228"},{"taxonomy":"product_cat","embeddable":true,"href":"https:\/\/www.huntersfriend.eu\/de\/wp-json\/wp\/v2\/product_cat?post=282228"},{"taxonomy":"product_tag","embeddable":true,"href":"https:\/\/www.huntersfriend.eu\/de\/wp-json\/wp\/v2\/product_tag?post=282228"}],"curies":[{"name":"wp","href":"https:\/\/api.w.org\/{rel}","templated":true}]}}