{"id":282225,"date":"2022-03-24T15:20:16","date_gmt":"2025-06-23T10:54:03","guid":{"rendered":"https:\/\/www.huntersfriend.eu\/product\/hme-bogenhalterung-mit-riemen\/"},"modified":"2025-08-27T11:05:49","modified_gmt":"2025-08-27T09:05:49","slug":"hme-bogenhalterung-mit-riemen","status":"publish","type":"product","link":"https:\/\/www.huntersfriend.eu\/de\/produkt\/hme-bogenhalterung-mit-riemen\/","title":{"rendered":"HME Bogenhalterung mit Riemen"},"content":{"rendered":"<p>Dieses \u00e4u\u00dferst robuste Design l\u00e4sst sich in weniger als einer Minute befestigen und bietet dem J\u00e4ger einen schwenkbaren Bogenhalterarm f\u00fcr eine optimale Bogenpositionierung sowie zwei zus\u00e4tzliche Haken zum Aufh\u00e4ngen von Klappergeweihen, Jagdrufen, Ferngl\u00e4sern und dergleichen.<\/p>\n","protected":false},"excerpt":{"rendered":"<p>Dieses \u00e4u\u00dferst robuste Design l\u00e4sst sich in weniger als einer Minute befestigen und bietet dem J\u00e4ger einen schwenkbaren Bogenhalterarm f\u00fcr eine optimale Bogenpositionierung sowie zwei zus\u00e4tzliche Haken zum Aufh\u00e4ngen von Klappergeweihen, Jagdrufen, Ferngl\u00e4sern und dergleichen.<\/p>\n","protected":false},"featured_media":226823,"comment_status":"open","ping_status":"closed","template":"","meta":[],"product_brand":[],"product_cat":[1171],"product_tag":[],"class_list":{"0":"post-282225","1":"product","2":"type-product","3":"status-publish","4":"has-post-thumbnail","6":"product_cat-sitz-und-schirm-zubehoer","8":"first","9":"instock","10":"taxable","11":"shipping-taxable","12":"purchasable","13":"product-type-simple"},"composite_virtual":false,"composite_layout":"","composite_add_to_cart_form_location":"","composite_editable_in_cart":false,"composite_sold_individually_context":"","composite_shop_price_calc":"","composite_components":[],"composite_scenarios":[],"group_of_quantity":0,"min_quantity":0,"max_quantity":"","exclude_order_quantity_value_rules":"no","exclude_category_quantity_rules":"no","combine_variations":"no","exclude_global_add_ons":[],"addons":[],"_links":{"self":[{"href":"https:\/\/www.huntersfriend.eu\/de\/wp-json\/wp\/v2\/product\/282225","targetHints":{"allow":["GET"]}}],"collection":[{"href":"https:\/\/www.huntersfriend.eu\/de\/wp-json\/wp\/v2\/product"}],"about":[{"href":"https:\/\/www.huntersfriend.eu\/de\/wp-json\/wp\/v2\/types\/product"}],"replies":[{"embeddable":true,"href":"https:\/\/www.huntersfriend.eu\/de\/wp-json\/wp\/v2\/comments?post=282225"}],"wp:featuredmedia":[{"embeddable":true,"href":"https:\/\/www.huntersfriend.eu\/de\/wp-json\/wp\/v2\/media\/226823"}],"wp:attachment":[{"href":"https:\/\/www.huntersfriend.eu\/de\/wp-json\/wp\/v2\/media?parent=282225"}],"wp:term":[{"taxonomy":"product_brand","embeddable":true,"href":"https:\/\/www.huntersfriend.eu\/de\/wp-json\/wp\/v2\/product_brand?post=282225"},{"taxonomy":"product_cat","embeddable":true,"href":"https:\/\/www.huntersfriend.eu\/de\/wp-json\/wp\/v2\/product_cat?post=282225"},{"taxonomy":"product_tag","embeddable":true,"href":"https:\/\/www.huntersfriend.eu\/de\/wp-json\/wp\/v2\/product_tag?post=282225"}],"curies":[{"name":"wp","href":"https:\/\/api.w.org\/{rel}","templated":true}]}}