{"id":282224,"date":"2022-03-25T15:20:19","date_gmt":"2025-06-23T10:54:02","guid":{"rendered":"https:\/\/www.huntersfriend.eu\/product\/armytek-handy-c4-pro\/"},"modified":"2025-06-23T12:54:02","modified_gmt":"2025-06-23T10:54:02","slug":"armytek-handy-c4-pro","status":"publish","type":"product","link":"https:\/\/www.huntersfriend.eu\/de\/produkt\/armytek-handy-c4-pro\/","title":{"rendered":"Armytek Handy C4 Pro"},"content":{"rendered":"<p>Der Armytek Handy C4 Pro ist ein tragbares Ladeger\u00e4t f\u00fcr 4 Akkumulatoren. Die Powerbank-Funktion unterst\u00fctzt Ger\u00e4te mit einem Ladestrom von bis zu 2,5 A und ist kompatibel mit iPhone &amp; iPad. Das intelligente Powerbank-Managementsystem bezieht Energie aus einer beliebigen Anzahl von Kan\u00e4len und gew\u00e4hrleistet so maximale Effizienz. Hergestellt aus nicht entflammbarem Material.   <\/p>\n<ul>\n<li>Intelligente automatische Erkennung des Ladezustands und optimaler Stromst\u00e4rke<\/li>\n<li>Unterst\u00fctzt IMR\/Li-Ion und Ni-MH mit pr\u00e4zisem Ladealgorithmus zur Verl\u00e4ngerung der Akkulebensdauer<\/li>\n<li>Schnellladung mit vollst\u00e4ndig unabh\u00e4ngigen Kan\u00e4len und 1A Stromst\u00e4rke f\u00fcr jeden Kanal<\/li>\n<li>Automatische Erkennung defekter Akkumulatoren und Verpolungsschutz<\/li>\n<li>Automatische Beendigung des Ladevorgangs bei vollst\u00e4ndiger Aufladung, abh\u00e4ngig vom Akkumulatortyp<\/li>\n<li>M\u00f6glichkeit zur Verwendung von Auto-\/Wandladeger\u00e4ten mit USB-Ausgang<\/li>\n<li>5 Jahre Garantie<\/li>\n<\/ul>\n<p><strong>Technische Details der Ladeger\u00e4te<\/strong><\/p>\n<ul>\n<li>Anzahl der Kan\u00e4le: 4<\/li>\n<li>Akkumulatortyp: IMR \/ Li-Ion, NI-MH, Ni-Cd<\/li>\n<li>Akkumulatorkompatibilit\u00e4t: Durchmesser 8..19mm und L\u00e4nge 30..70mm, zum Beispiel: AA, AAA, AAAA, 10440, 14500, 16340, 18350, 18650<\/li>\n<li>Anzeigetyp: 4\u04455 mehrfarbige LEDs<\/li>\n<li>Spannung pro Kanal: 4,2V \/ 1,5V<\/li>\n<li>Ladestrom pro Kanal: 4x1A, 4&#215;0,5A<\/li>\n<li>Eingang: DC 5V \/ 4A<\/li>\n<li>Powerbank-Funktion: DC 5V \/ 2&#215;2,5A<\/li>\n<li>Gewicht: 135g<\/li>\n<li>Lieferumfang: USB Typ-C Kabel, Bedienungsanleitung<\/li>\n<\/ul>\n","protected":false},"excerpt":{"rendered":"<p>Mit Powerbank-Funktion<\/p>\n","protected":false},"featured_media":227789,"comment_status":"open","ping_status":"closed","template":"","meta":[],"product_brand":[],"product_cat":[1408],"product_tag":[],"class_list":{"0":"post-282224","1":"product","2":"type-product","3":"status-publish","4":"has-post-thumbnail","6":"product_cat-jagdlampen","8":"first","9":"onbackorder","10":"taxable","11":"shipping-taxable","12":"purchasable","13":"product-type-simple"},"composite_virtual":false,"composite_layout":"","composite_add_to_cart_form_location":"","composite_editable_in_cart":false,"composite_sold_individually_context":"","composite_shop_price_calc":"","composite_components":[],"composite_scenarios":[],"group_of_quantity":0,"min_quantity":0,"max_quantity":"","exclude_order_quantity_value_rules":"no","exclude_category_quantity_rules":"no","combine_variations":"no","exclude_global_add_ons":[],"addons":[],"_links":{"self":[{"href":"https:\/\/www.huntersfriend.eu\/de\/wp-json\/wp\/v2\/product\/282224","targetHints":{"allow":["GET"]}}],"collection":[{"href":"https:\/\/www.huntersfriend.eu\/de\/wp-json\/wp\/v2\/product"}],"about":[{"href":"https:\/\/www.huntersfriend.eu\/de\/wp-json\/wp\/v2\/types\/product"}],"replies":[{"embeddable":true,"href":"https:\/\/www.huntersfriend.eu\/de\/wp-json\/wp\/v2\/comments?post=282224"}],"wp:featuredmedia":[{"embeddable":true,"href":"https:\/\/www.huntersfriend.eu\/de\/wp-json\/wp\/v2\/media\/227789"}],"wp:attachment":[{"href":"https:\/\/www.huntersfriend.eu\/de\/wp-json\/wp\/v2\/media?parent=282224"}],"wp:term":[{"taxonomy":"product_brand","embeddable":true,"href":"https:\/\/www.huntersfriend.eu\/de\/wp-json\/wp\/v2\/product_brand?post=282224"},{"taxonomy":"product_cat","embeddable":true,"href":"https:\/\/www.huntersfriend.eu\/de\/wp-json\/wp\/v2\/product_cat?post=282224"},{"taxonomy":"product_tag","embeddable":true,"href":"https:\/\/www.huntersfriend.eu\/de\/wp-json\/wp\/v2\/product_tag?post=282224"}],"curies":[{"name":"wp","href":"https:\/\/api.w.org\/{rel}","templated":true}]}}