{"id":282223,"date":"2022-03-24T14:40:32","date_gmt":"2025-06-23T10:54:01","guid":{"rendered":"https:\/\/www.huntersfriend.eu\/product\/ameristep-toilettenhaeuschen-bodentarnung\/"},"modified":"2025-06-23T12:54:01","modified_gmt":"2025-06-23T10:54:01","slug":"ameristep-toilettenhaeuschen-bodentarnung","status":"publish","type":"product","link":"https:\/\/www.huntersfriend.eu\/de\/produkt\/ameristep-toilettenhaeuschen-bodentarnung\/","title":{"rendered":"Ameristep Toilettenh\u00e4uschen-Bodentarnung"},"content":{"rendered":"<p>Ameristep Jagd-Bodentarnungen &amp; Zubeh\u00f6r | Jagderfolg beginnt mit dem \u00dcberraschungsmoment. Das ist es, was Ameristep J\u00e4gern seit \u00fcber 20 Jahren bietet: Bodentarnungen &amp; Zubeh\u00f6r, die geschickt Positionen von oben und unten verbergen. Die Ameristep Toilettenh\u00e4uschen-Jagdtarnung ist eine Einpersonentarnung, konzipiert f\u00fcr Gewehrj\u00e4ger. Leichte &amp; Robuste Bodentarnung: Die Au\u00dfenh\u00fclle besteht aus Durashell Plus, einem ma\u00dfgefertigten, mattgewebten Material, das diese Tarnung leicht und dennoch robust macht. Unentdeckbar: Die Mossy Oak Break-Up Country-Verkleidung bricht harte Kanten f\u00fcr ein vollst\u00e4ndig getarntes Erscheinungsbild, und die ShadowGuard-Beschichtung eliminiert Schatten und Silhouetten, w\u00e4hrend sie auch Ger\u00fcche blockiert. Spezifikationen: Grundfl\u00e4che 152,4 x 152,4 cm | H\u00f6he 198,12 cm &#8211; hoch genug zum Stehen    <\/p>\n<div id=\"tab-label-features\" class=\"data item title active\" tabindex=\"0\" role=\"tab\" aria-labeledby=\"tab-label-features-title\" data-role=\"collapsible\" data-collapsible=\"true\" aria-controls=\"features\" aria-selected=\"false\" aria-expanded=\"true\"><a id=\"tab-label-features-title\" class=\"data switch\" tabindex=\"-1\" href=\"https:\/\/www.ameristep.com\/outhouse-mobuc#features\" data-toggle=\"switch\">MERKMALE<\/a><\/div>\n<div id=\"features\" class=\"data item content\" role=\"tabpanel\" data-role=\"content\" aria-labelledby=\"tab-label-features\" aria-hidden=\"false\">\n<div class=\"o-grid o-grid--flushed\">\n<div class=\"o-grid__item\">\n<div class=\"o-grid o-grid--flushed\">\n<div class=\"c-tab-feature__content\">\n<ul>\n<li>Hoch genug zum Stehen<\/li>\n<li>Durashell\u2122 Plus Stoffh\u00fclle mit matter Oberfl\u00e4che<\/li>\n<li>ShadowGuard\u2122-Beschichtung eliminiert Schatten und Silhouetten<\/li>\n<li>Patentierte Break-Up Country\u00ae-Verkleidung bricht harte Kanten f\u00fcr ein vollst\u00e4ndig getarntes Erscheinungsbild<\/li>\n<\/ul>\n<table id=\"product-attribute-specs-table\" class=\"data table additional-attributes\">\n<tbody>\n<tr>\n<th class=\"col label\" scope=\"row\">MODELLNUMMER<\/th>\n<td class=\"col data\" data-th=\"Model Number\">1006<\/td>\n<\/tr>\n<tr>\n<th class=\"col label\" scope=\"row\">ABMESSUNGEN<\/th>\n<td class=\"col data\" data-th=\"Dimensions\">Grundfl\u00e4che: 152,4 cm x 152,4 cm <\/td>\n<\/tr>\n<tr>\n<th class=\"col label\" scope=\"row\">L\u00c4NGE<\/th>\n<td class=\"col data\" data-th=\"Length\">152,4 cm \/152cm<\/td>\n<\/tr>\n<tr>\n<th class=\"col label\" scope=\"row\">H\u00d6HE<\/th>\n<td class=\"col data\" data-th=\"Height\">198 cm<\/td>\n<\/tr>\n<tr>\n<th class=\"col label\" scope=\"row\">GEWICHT<\/th>\n<td class=\"col data\" data-th=\"Weight\">4,08 kg<\/td>\n<\/tr>\n<\/tbody>\n<\/table>\n<\/div>\n<\/div>\n<\/div>\n<\/div>\n<\/div>\n","protected":false},"excerpt":{"rendered":"<p>Ameristep Jagd-Bodentarnungen &amp; Zubeh\u00f6r | Jagderfolg beginnt mit dem \u00dcberraschungsmoment. Das ist es, was Ameristep J\u00e4gern seit \u00fcber 20 Jahren bietet: Bodentarnungen &amp; Zubeh\u00f6r, die geschickt Positionen von oben und unten verbergen. Die Ameristep Toilettenh\u00e4uschen-Jagdtarnung ist eine Einpersonentarnung, konzipiert f\u00fcr Gewehrj\u00e4ger. Leichte &amp; Robuste Bodentarnung: Die Au\u00dfenh\u00fclle besteht aus Durashell Plus, einem ma\u00dfgefertigten, mattgewebten Material, [&#8230;]\n","protected":false},"featured_media":226844,"comment_status":"open","ping_status":"closed","template":"","meta":[],"product_brand":[],"product_cat":[1169],"product_tag":[],"class_list":{"0":"post-282223","1":"product","2":"type-product","3":"status-publish","4":"has-post-thumbnail","6":"product_cat-schirm","7":"product_shipping_class-big-de","9":"first","10":"instock","11":"taxable","12":"shipping-taxable","13":"purchasable","14":"product-type-simple"},"composite_virtual":false,"composite_layout":"","composite_add_to_cart_form_location":"","composite_editable_in_cart":false,"composite_sold_individually_context":"","composite_shop_price_calc":"","composite_components":[],"composite_scenarios":[],"group_of_quantity":0,"min_quantity":0,"max_quantity":"","exclude_order_quantity_value_rules":"no","exclude_category_quantity_rules":"no","combine_variations":"no","exclude_global_add_ons":[],"addons":[],"_links":{"self":[{"href":"https:\/\/www.huntersfriend.eu\/de\/wp-json\/wp\/v2\/product\/282223","targetHints":{"allow":["GET"]}}],"collection":[{"href":"https:\/\/www.huntersfriend.eu\/de\/wp-json\/wp\/v2\/product"}],"about":[{"href":"https:\/\/www.huntersfriend.eu\/de\/wp-json\/wp\/v2\/types\/product"}],"replies":[{"embeddable":true,"href":"https:\/\/www.huntersfriend.eu\/de\/wp-json\/wp\/v2\/comments?post=282223"}],"wp:featuredmedia":[{"embeddable":true,"href":"https:\/\/www.huntersfriend.eu\/de\/wp-json\/wp\/v2\/media\/226844"}],"wp:attachment":[{"href":"https:\/\/www.huntersfriend.eu\/de\/wp-json\/wp\/v2\/media?parent=282223"}],"wp:term":[{"taxonomy":"product_brand","embeddable":true,"href":"https:\/\/www.huntersfriend.eu\/de\/wp-json\/wp\/v2\/product_brand?post=282223"},{"taxonomy":"product_cat","embeddable":true,"href":"https:\/\/www.huntersfriend.eu\/de\/wp-json\/wp\/v2\/product_cat?post=282223"},{"taxonomy":"product_tag","embeddable":true,"href":"https:\/\/www.huntersfriend.eu\/de\/wp-json\/wp\/v2\/product_tag?post=282223"}],"curies":[{"name":"wp","href":"https:\/\/api.w.org\/{rel}","templated":true}]}}