{"id":282222,"date":"2022-03-24T13:41:00","date_gmt":"2025-06-23T10:53:57","guid":{"rendered":"https:\/\/www.huntersfriend.eu\/product\/apex-covert-micro-1-pin-versa\/"},"modified":"2025-06-23T12:53:57","modified_gmt":"2025-06-23T10:53:57","slug":"apex-covert-micro-1-pin-versa","status":"publish","type":"product","link":"https:\/\/www.huntersfriend.eu\/de\/produkt\/apex-covert-micro-1-pin-versa\/","title":{"rendered":"Apex Covert Micro 1 Pin Versa"},"content":{"rendered":"<p>Mit mikroverstellbarer Seitenkorrektur, \u00fcber 120 vorgedruckten Entfernungsskalen f\u00fcr pr\u00e4zise Kalibrierung, VERSA\u2022PIN\u2122-Technologie, einer optional abnehmbaren Halterung und einer zahnradgetriebenen H\u00f6henverstellung f\u00fcr reibungslose Anpassung bietet ein einzelner Stift Pr\u00e4zision ohne Ablenkung.<\/p>\n<ul>\n<li>\u00c4u\u00dferst sanfte, einfache Einstellungen mit einer Hand.<\/li>\n<li>GRAVITY-LINE\u2122-Rotationseinstellung richtet die Stiftbewegung mit der Schwerkraft aus.<\/li>\n<li>Nach hinten gerichtete, leicht ablesbare Positionierung der Entfernungsskala.<\/li>\n<li>Die Halterung verf\u00fcgt \u00fcber ged\u00e4mpfte Endanschl\u00e4ge.<\/li>\n<li>Verstellbarer Entfernungszeiger.<\/li>\n<\/ul>\n<p><strong>VERSA-PIN\u2122<\/strong><\/p>\n<ol>\n<li>Einfacher Wechsel zwischen einem \u201e0,010 oder 0,019\u201c Zoll Stift f\u00fcr verschiedene Jagdanwendungen.<\/li>\n<li>Besonders lange, vollst\u00e4ndig gesch\u00fctzte gr\u00fcne, rote und gelbe Fasern.<\/li>\n<li>Patentiert.<\/li>\n<\/ol>\n","protected":false},"excerpt":{"rendered":"<p>1 Stift. Rechtsh\u00e4ndig, schwarz <\/p>\n","protected":false},"featured_media":226882,"comment_status":"open","ping_status":"closed","template":"","meta":[],"product_brand":[],"product_cat":[1145],"product_tag":[],"class_list":{"0":"post-282222","1":"product","2":"type-product","3":"status-publish","4":"has-post-thumbnail","6":"product_cat-sonstiges","8":"first","9":"outofstock","10":"taxable","11":"shipping-taxable","12":"purchasable","13":"product-type-simple"},"composite_virtual":false,"composite_layout":"","composite_add_to_cart_form_location":"","composite_editable_in_cart":false,"composite_sold_individually_context":"","composite_shop_price_calc":"","composite_components":[],"composite_scenarios":[],"group_of_quantity":0,"min_quantity":0,"max_quantity":"","exclude_order_quantity_value_rules":"no","exclude_category_quantity_rules":"no","combine_variations":"no","exclude_global_add_ons":[],"addons":[],"_links":{"self":[{"href":"https:\/\/www.huntersfriend.eu\/de\/wp-json\/wp\/v2\/product\/282222","targetHints":{"allow":["GET"]}}],"collection":[{"href":"https:\/\/www.huntersfriend.eu\/de\/wp-json\/wp\/v2\/product"}],"about":[{"href":"https:\/\/www.huntersfriend.eu\/de\/wp-json\/wp\/v2\/types\/product"}],"replies":[{"embeddable":true,"href":"https:\/\/www.huntersfriend.eu\/de\/wp-json\/wp\/v2\/comments?post=282222"}],"wp:featuredmedia":[{"embeddable":true,"href":"https:\/\/www.huntersfriend.eu\/de\/wp-json\/wp\/v2\/media\/226882"}],"wp:attachment":[{"href":"https:\/\/www.huntersfriend.eu\/de\/wp-json\/wp\/v2\/media?parent=282222"}],"wp:term":[{"taxonomy":"product_brand","embeddable":true,"href":"https:\/\/www.huntersfriend.eu\/de\/wp-json\/wp\/v2\/product_brand?post=282222"},{"taxonomy":"product_cat","embeddable":true,"href":"https:\/\/www.huntersfriend.eu\/de\/wp-json\/wp\/v2\/product_cat?post=282222"},{"taxonomy":"product_tag","embeddable":true,"href":"https:\/\/www.huntersfriend.eu\/de\/wp-json\/wp\/v2\/product_tag?post=282222"}],"curies":[{"name":"wp","href":"https:\/\/api.w.org\/{rel}","templated":true}]}}