{"id":282221,"date":"2022-03-24T14:40:31","date_gmt":"2022-03-24T12:40:31","guid":{"rendered":"https:\/\/www.huntersfriend.eu\/product\/wildgame-12v-digitales-futterspender-kit\/"},"modified":"2025-08-12T04:54:35","modified_gmt":"2025-08-12T02:54:35","slug":"wildgame-12v-digitales-futterspender-kit","status":"publish","type":"product","link":"https:\/\/www.huntersfriend.eu\/de\/produkt\/wildgame-12v-digitales-futterspender-kit\/","title":{"rendered":"Wildgame 12V digitales Futterspender-Kit"},"content":{"rendered":"<ul>\n<li>Digitale Elektronik<\/li>\n<li>6 verf\u00fcgbare F\u00fctterungszeiten<\/li>\n<li>Pulverbeschichtetes, verzinktes Stahlgeh\u00e4use<\/li>\n<li>Verzinkte Stahl-Streuscheibe<\/li>\n<li>Einstellbare F\u00fctterungsdauer von 1 bis 30 Sekunden<\/li>\n<li>12V-Batteriebetrieb (nicht im Lieferumfang enthalten)<\/li>\n<li>2\u2033 Abwurftrichter<\/li>\n<\/ul>\n","protected":false},"excerpt":{"rendered":"<p>Digitale Elektronik 6 verf\u00fcgbare F\u00fctterungszeiten Pulverbeschichtetes, verzinktes Stahlgeh\u00e4use Verzinkte Stahl-Streuscheibe Einstellbare F\u00fctterungsdauer von 1 bis 30 Sekunden 12V-Batteriebetrieb (nicht im Lieferumfang enthalten) 2\u2033 Abwurftrichter<\/p>\n","protected":false},"featured_media":249143,"comment_status":"open","ping_status":"closed","template":"","meta":[],"product_brand":[],"product_cat":[1145],"product_tag":[],"class_list":{"0":"post-282221","1":"product","2":"type-product","3":"status-publish","4":"has-post-thumbnail","6":"product_cat-sonstiges","8":"first","9":"outofstock","10":"taxable","11":"shipping-taxable","12":"purchasable","13":"product-type-simple"},"composite_virtual":false,"composite_layout":"","composite_add_to_cart_form_location":"","composite_editable_in_cart":false,"composite_sold_individually_context":"","composite_shop_price_calc":"","composite_components":[],"composite_scenarios":[],"group_of_quantity":0,"min_quantity":0,"max_quantity":"","exclude_order_quantity_value_rules":"no","exclude_category_quantity_rules":"no","combine_variations":"no","exclude_global_add_ons":[],"addons":[],"_links":{"self":[{"href":"https:\/\/www.huntersfriend.eu\/de\/wp-json\/wp\/v2\/product\/282221","targetHints":{"allow":["GET"]}}],"collection":[{"href":"https:\/\/www.huntersfriend.eu\/de\/wp-json\/wp\/v2\/product"}],"about":[{"href":"https:\/\/www.huntersfriend.eu\/de\/wp-json\/wp\/v2\/types\/product"}],"replies":[{"embeddable":true,"href":"https:\/\/www.huntersfriend.eu\/de\/wp-json\/wp\/v2\/comments?post=282221"}],"wp:featuredmedia":[{"embeddable":true,"href":"https:\/\/www.huntersfriend.eu\/de\/wp-json\/wp\/v2\/media\/249143"}],"wp:attachment":[{"href":"https:\/\/www.huntersfriend.eu\/de\/wp-json\/wp\/v2\/media?parent=282221"}],"wp:term":[{"taxonomy":"product_brand","embeddable":true,"href":"https:\/\/www.huntersfriend.eu\/de\/wp-json\/wp\/v2\/product_brand?post=282221"},{"taxonomy":"product_cat","embeddable":true,"href":"https:\/\/www.huntersfriend.eu\/de\/wp-json\/wp\/v2\/product_cat?post=282221"},{"taxonomy":"product_tag","embeddable":true,"href":"https:\/\/www.huntersfriend.eu\/de\/wp-json\/wp\/v2\/product_tag?post=282221"}],"curies":[{"name":"wp","href":"https:\/\/api.w.org\/{rel}","templated":true}]}}