{"id":282217,"date":"2022-03-24T14:00:41","date_gmt":"2022-03-24T12:00:41","guid":{"rendered":"https:\/\/www.huntersfriend.eu\/product\/hha-hoyt-umruestungskit\/"},"modified":"2026-04-10T11:39:43","modified_gmt":"2026-04-10T09:39:43","slug":"hha-hoyt-umruestungskit","status":"publish","type":"product","link":"https:\/\/www.huntersfriend.eu\/de\/produkt\/hha-hoyt-umruestungskit\/","title":{"rendered":"HHA Hoyt Umr\u00fcstungskit"},"content":{"rendered":"<p>Die Hoyt-Halterung erm\u00f6glicht es Ihnen, jedes Tetra-, Tetra Max- oder King Pin-Visier so umzur\u00fcsten, dass es auf eine Hoyt Picatinny-Schiene passt.<\/p>\n<p>Ausschlie\u00dflich f\u00fcr Rechtsh\u00e4nder (Linksh\u00e4nderversion auf Sonderbestellung verf\u00fcgbar, bitte kontaktieren Sie uns direkt)<\/p>\n","protected":false},"excerpt":{"rendered":"<p>Ausschlie\u00dflich f\u00fcr Rechtsh\u00e4nder<\/p>\n","protected":false},"featured_media":226847,"comment_status":"open","ping_status":"closed","template":"","meta":[],"product_brand":[],"product_cat":[2690,2921,1237],"product_tag":[],"class_list":{"0":"post-282217","1":"product","2":"type-product","3":"status-publish","4":"has-post-thumbnail","6":"product_cat-bagjaktsikten","7":"product_cat-delar-for-sikten","8":"product_cat-teile-fuer-visiere","10":"first","11":"outofstock","12":"taxable","13":"shipping-taxable","14":"purchasable","15":"product-type-simple"},"composite_virtual":false,"composite_layout":"","composite_add_to_cart_form_location":"","composite_editable_in_cart":false,"composite_sold_individually_context":"","composite_shop_price_calc":"","composite_components":[],"composite_scenarios":[],"group_of_quantity":0,"min_quantity":0,"max_quantity":"","exclude_order_quantity_value_rules":"no","exclude_category_quantity_rules":"no","combine_variations":"no","exclude_global_add_ons":[],"addons":[],"_links":{"self":[{"href":"https:\/\/www.huntersfriend.eu\/de\/wp-json\/wp\/v2\/product\/282217","targetHints":{"allow":["GET"]}}],"collection":[{"href":"https:\/\/www.huntersfriend.eu\/de\/wp-json\/wp\/v2\/product"}],"about":[{"href":"https:\/\/www.huntersfriend.eu\/de\/wp-json\/wp\/v2\/types\/product"}],"replies":[{"embeddable":true,"href":"https:\/\/www.huntersfriend.eu\/de\/wp-json\/wp\/v2\/comments?post=282217"}],"wp:featuredmedia":[{"embeddable":true,"href":"https:\/\/www.huntersfriend.eu\/de\/wp-json\/wp\/v2\/media\/226847"}],"wp:attachment":[{"href":"https:\/\/www.huntersfriend.eu\/de\/wp-json\/wp\/v2\/media?parent=282217"}],"wp:term":[{"taxonomy":"product_brand","embeddable":true,"href":"https:\/\/www.huntersfriend.eu\/de\/wp-json\/wp\/v2\/product_brand?post=282217"},{"taxonomy":"product_cat","embeddable":true,"href":"https:\/\/www.huntersfriend.eu\/de\/wp-json\/wp\/v2\/product_cat?post=282217"},{"taxonomy":"product_tag","embeddable":true,"href":"https:\/\/www.huntersfriend.eu\/de\/wp-json\/wp\/v2\/product_tag?post=282217"}],"curies":[{"name":"wp","href":"https:\/\/api.w.org\/{rel}","templated":true}]}}