{"id":282216,"date":"2022-03-24T13:40:59","date_gmt":"2022-03-24T11:40:59","guid":{"rendered":"https:\/\/www.huntersfriend.eu\/product\/scentlok-fleece-pop-top-handschuh-mossy-oak\/"},"modified":"2026-03-26T13:45:03","modified_gmt":"2026-03-26T11:45:03","slug":"scentlok-fleece-pop-top-handschuh-mossy-oak","status":"publish","type":"product","link":"https:\/\/www.huntersfriend.eu\/de\/produkt\/scentlok-fleece-pop-top-handschuh-mossy-oak\/","title":{"rendered":"ScentLok Fleece Pop-Top-Handschuh &#8211; Mossy Oak"},"content":{"rendered":"<p>Sp\u00e4te Saison<\/p>\n<p>&nbsp;<\/p>\n<p><strong>\u2022 Carbon Alloy\u2122<\/strong> <strong>Technologie<\/strong><br \/>\nKombiniert aktivierte Kohle, behandelte Kohle und Zeolith f\u00fcr maximale Geruchsadsorption &amp; Geruchskontrolle<br \/>\n\u2022<strong> Vielseitiger Aufklapp-F\u00e4ustling<br \/>\n<\/strong> Erm\u00f6glicht es Ihnen, im Stand warm zu bleiben und gleichzeitig die Fingerfertigkeit zu bewahren<br \/>\n<strong>\u2022 Magnetverschluss<br \/>\n<\/strong> H\u00e4lt den F\u00e4ustling sicher, wenn Sie einen Schuss verankern<br \/>\n<strong>\u2022 Griffiges Handfl\u00e4chendesign<br \/>\n<\/strong> Verleiht Ihnen Vertrauen in Ihren Griff<\/p>\n<p>Klobige Handschuhe k\u00f6nnen den Schuss des Lebens praktisch ruinieren. Diese Pop-Top-Handschuhe halten die H\u00e4nde au\u00dfergew\u00f6hnlich warm und erm\u00f6glichen extreme Fingerfertigkeit beim Schie\u00dfen, zus\u00e4tzlich verf\u00fcgen sie \u00fcber einen Magnetverschluss. <\/p>\n<div class=\"figure\"><picture><img decoding=\"async\" title=\"Carbon Alloy\" src=\"https:\/\/www.scentlok.com\/media\/wysiwyg\/technology\/Carbon_Alloy_1.jpg\" alt=\"Branchenf\u00fchrende Carbon Alloy-Technologie\" width=\"700\" height=\"250\"><\/picture><\/div>\n<div class=\"detail\">\n<h3>CARBON ALLOY<\/h3>\n<h4>GERUCHSADSORBIERENDE TECHNOLOGIE<\/h4>\n<p>Unsere branchenf\u00fchrende Technologie kombiniert aktivierte Kohle, behandelte Kohle und Zeolith, die zwischen Stoffen verborgen sind. Die enorme Oberfl\u00e4che dieser nat\u00fcrlichen Partikel zielt auf Ger\u00fcche ab, adsorbiert sie und gibt sie nicht frei, bis Sie Ihre Ausr\u00fcstung in Ihrem Trockner reaktivieren. <\/p>\n<\/div>\n","protected":false},"excerpt":{"rendered":"<p>Warme Fleece-Handschuhe f\u00fcr die mittlere bis sp\u00e4te Saison<\/p>\n","protected":false},"featured_media":228279,"comment_status":"open","ping_status":"closed","template":"","meta":[],"product_brand":[],"product_cat":[1145],"product_tag":[],"class_list":{"0":"post-282216","1":"product","2":"type-product","3":"status-publish","4":"has-post-thumbnail","6":"product_cat-sonstiges","8":"first","9":"outofstock","10":"sale","11":"taxable","12":"shipping-taxable","13":"purchasable","14":"product-type-variable"},"composite_virtual":false,"composite_layout":"","composite_add_to_cart_form_location":"","composite_editable_in_cart":false,"composite_sold_individually_context":"","composite_shop_price_calc":"","composite_components":[],"composite_scenarios":[],"group_of_quantity":0,"min_quantity":0,"max_quantity":"","exclude_order_quantity_value_rules":"no","exclude_category_quantity_rules":"no","combine_variations":"no","exclude_global_add_ons":[],"addons":[],"_links":{"self":[{"href":"https:\/\/www.huntersfriend.eu\/de\/wp-json\/wp\/v2\/product\/282216","targetHints":{"allow":["GET"]}}],"collection":[{"href":"https:\/\/www.huntersfriend.eu\/de\/wp-json\/wp\/v2\/product"}],"about":[{"href":"https:\/\/www.huntersfriend.eu\/de\/wp-json\/wp\/v2\/types\/product"}],"replies":[{"embeddable":true,"href":"https:\/\/www.huntersfriend.eu\/de\/wp-json\/wp\/v2\/comments?post=282216"}],"wp:featuredmedia":[{"embeddable":true,"href":"https:\/\/www.huntersfriend.eu\/de\/wp-json\/wp\/v2\/media\/228279"}],"wp:attachment":[{"href":"https:\/\/www.huntersfriend.eu\/de\/wp-json\/wp\/v2\/media?parent=282216"}],"wp:term":[{"taxonomy":"product_brand","embeddable":true,"href":"https:\/\/www.huntersfriend.eu\/de\/wp-json\/wp\/v2\/product_brand?post=282216"},{"taxonomy":"product_cat","embeddable":true,"href":"https:\/\/www.huntersfriend.eu\/de\/wp-json\/wp\/v2\/product_cat?post=282216"},{"taxonomy":"product_tag","embeddable":true,"href":"https:\/\/www.huntersfriend.eu\/de\/wp-json\/wp\/v2\/product_tag?post=282216"}],"curies":[{"name":"wp","href":"https:\/\/api.w.org\/{rel}","templated":true}]}}