{"id":282215,"date":"2022-03-24T14:00:40","date_gmt":"2025-06-23T10:53:53","guid":{"rendered":"https:\/\/www.huntersfriend.eu\/product\/hha-tetra-max-1-pin\/"},"modified":"2025-08-27T11:06:14","modified_gmt":"2025-08-27T09:06:14","slug":"hha-tetra-max-1-pin","status":"publish","type":"product","link":"https:\/\/www.huntersfriend.eu\/de\/produkt\/hha-tetra-max-1-pin\/","title":{"rendered":"HHA tetra Max 1 Pin"},"content":{"rendered":"<p>Schie\u00dfen Sie je nach Jahreszeit mit verschiedenen Pfeilen? Jedes Tetra Max-Visier enth\u00e4lt zwei Entfernungsr\u00e4der, wodurch der Wechsel zwischen den Einstellungen im Handumdrehen und nicht innerhalb eines halben Tages auf dem Schie\u00dfstand erfolgt. Tauschen Sie den ultrapr\u00e4zisen Zeiger gegen die Lupe aus und betrachten Sie Ihre Entfernungsmarkierungen wie nie zuvor. F\u00fcgen Sie optional ein Blue Burst-Licht hinzu und beleuchten Sie Ihre Messband-Skala, um in dichtem Gel\u00e4nde oder aus der Sicherheit eines Bodenblinds heraus schnelle Anpassungen vorzunehmen.   <\/p>\n<ul class=\"acf-repeater-list\">\n<li class=\"acf-repeater-list__item\">Unendlich einstellbares H\u00f6henverstellungssystem<\/li>\n<li class=\"acf-repeater-list__item\">Mechanischer Rheostat<\/li>\n<li class=\"acf-repeater-list__item\">Integrierte Wasserwaage<\/li>\n<li class=\"acf-repeater-list__item\">Wasserresistente Entfernungsmessb\u00e4nder<\/li>\n<li class=\"acf-repeater-list__item\">Gepanzerte Pins<\/li>\n<li class=\"acf-repeater-list__item\">Entfernungsrad-Lupe<\/li>\n<li class=\"acf-repeater-list__item\">Messe. Einstellen. Schie\u00dfen.<\/li>\n<li class=\"acf-repeater-list__item\">Blue Burst-Licht kompatibel<\/li>\n<li class=\"acf-repeater-list__item\">Linsenkompatibel<\/li>\n<li class=\"acf-repeater-list__item\">100% lebenslange Garantie.<\/li>\n<\/ul>\n<div class=\"elementor-element elementor-element-8bf1893 elementor-widget elementor-widget-heading\" data-id=\"8bf1893\" data-element_type=\"widget\" data-widget_type=\"heading.default\">\n<div class=\"elementor-widget-container\">\n<h2 class=\"elementor-heading-title elementor-size-default\">IM LIEFERUMFANG ENTHALTEN<\/h2>\n<\/div>\n<\/div>\n<div class=\"elementor-element elementor-element-6f11581 elementor-widget__width-auto elementor-widget elementor-widget-acf-repeater-list\" data-id=\"6f11581\" data-element_type=\"widget\" data-widget_type=\"acf-repeater-list.default\">\n<div class=\"elementor-widget-container\">\n<div class=\"acf-repeater-list-grid\">\n<ul class=\"acf-repeater-list\">\n<li class=\"acf-repeater-list__item\">Tetra Max-Visier<\/li>\n<li class=\"acf-repeater-list__item\">Messband-Kit<\/li>\n<li class=\"acf-repeater-list__item\">Montagematerial<\/li>\n<li class=\"acf-repeater-list__item\">Anweisungen<\/li>\n<li class=\"acf-repeater-list__item\">Messband-Lupe<\/li>\n<\/ul>\n<p>Linkshand-Modelle nur auf Sonderbestellung &#8211; Bitte kontaktieren Sie uns direkt f\u00fcr Linkshand-Modelle<\/p>\n<\/div>\n<\/div>\n<\/div>\n","protected":false},"excerpt":{"rendered":"<p>1 Pin 1 5\/8&#8243; Visier mit Rheostat, nur Rechtshand<\/p>\n","protected":false},"featured_media":226852,"comment_status":"open","ping_status":"closed","template":"","meta":[],"product_brand":[],"product_cat":[1145],"product_tag":[],"class_list":{"0":"post-282215","1":"product","2":"type-product","3":"status-publish","4":"has-post-thumbnail","6":"product_cat-sonstiges","8":"first","9":"instock","10":"taxable","11":"shipping-taxable","12":"product-type-simple"},"composite_virtual":false,"composite_layout":"","composite_add_to_cart_form_location":"","composite_editable_in_cart":false,"composite_sold_individually_context":"","composite_shop_price_calc":"","composite_components":[],"composite_scenarios":[],"group_of_quantity":0,"min_quantity":0,"max_quantity":"","exclude_order_quantity_value_rules":"no","exclude_category_quantity_rules":"no","combine_variations":"no","exclude_global_add_ons":[],"addons":[],"_links":{"self":[{"href":"https:\/\/www.huntersfriend.eu\/de\/wp-json\/wp\/v2\/product\/282215","targetHints":{"allow":["GET"]}}],"collection":[{"href":"https:\/\/www.huntersfriend.eu\/de\/wp-json\/wp\/v2\/product"}],"about":[{"href":"https:\/\/www.huntersfriend.eu\/de\/wp-json\/wp\/v2\/types\/product"}],"replies":[{"embeddable":true,"href":"https:\/\/www.huntersfriend.eu\/de\/wp-json\/wp\/v2\/comments?post=282215"}],"wp:featuredmedia":[{"embeddable":true,"href":"https:\/\/www.huntersfriend.eu\/de\/wp-json\/wp\/v2\/media\/226852"}],"wp:attachment":[{"href":"https:\/\/www.huntersfriend.eu\/de\/wp-json\/wp\/v2\/media?parent=282215"}],"wp:term":[{"taxonomy":"product_brand","embeddable":true,"href":"https:\/\/www.huntersfriend.eu\/de\/wp-json\/wp\/v2\/product_brand?post=282215"},{"taxonomy":"product_cat","embeddable":true,"href":"https:\/\/www.huntersfriend.eu\/de\/wp-json\/wp\/v2\/product_cat?post=282215"},{"taxonomy":"product_tag","embeddable":true,"href":"https:\/\/www.huntersfriend.eu\/de\/wp-json\/wp\/v2\/product_tag?post=282215"}],"curies":[{"name":"wp","href":"https:\/\/api.w.org\/{rel}","templated":true}]}}