{"id":282214,"date":"2022-03-24T13:40:59","date_gmt":"2022-03-24T11:40:59","guid":{"rendered":"https:\/\/www.huntersfriend.eu\/product\/scentlok-revenant-handwaermer-mossy-oak\/"},"modified":"2025-10-31T20:37:51","modified_gmt":"2025-10-31T18:37:51","slug":"scentlok-revenant-handwaermer-mossy-oak","status":"publish","type":"product","link":"https:\/\/www.huntersfriend.eu\/de\/produkt\/scentlok-revenant-handwaermer-mossy-oak\/","title":{"rendered":"Scentlok Revenant Handw\u00e4rmer &#8211; Mossy Oak"},"content":{"rendered":"<p>Sp\u00e4te Saison<\/p>\n<ul>\n<li><strong>Carbon Alloy\u2122 Technologie<\/strong><br \/>\nF\u00fcr maximale Geruchsadsorption &amp; Geruchskontrolle<\/li>\n<li><strong>Windbrake\u2122-Technologie<\/strong><br \/>\nWinddichte Membran zum Schutz vor den Elementen<\/li>\n<li><strong>DWR-Beschichtung<\/strong><br \/>\nZum Abperlen von Feuchtigkeit<\/li>\n<li><strong>400g Thinsulate<\/strong><strong>\u2122<\/strong><strong> Isolierung &amp; Fleece-Futter<\/strong><br \/>\nBietet zus\u00e4tzliche W\u00e4rme<\/li>\n<li><strong>Feuchtigkeit ableitendes Innenfutter<\/strong><br \/>\nF\u00fcr maximales Feuchtigkeitsmanagement<\/li>\n<li><strong>Trikot-Au\u00dfenschale<\/strong><br \/>\nMacht Sie absolut ger\u00e4uschlos<\/li>\n<li><strong>Vordere Rei\u00dfverschlusstasche<\/strong><br \/>\nEinfacher Zugriff auf Wesentliches<\/li>\n<li><strong>Verstellbarer Taillengurt &amp; Schnallenverschluss<\/strong><br \/>\nErm\u00f6glicht eine individuelle Passform<\/li>\n<\/ul>\n<p>Die H\u00e4nde in der sp\u00e4ten Saison warm zu halten, ohne sperrige Handschuhe tragen zu m\u00fcssen, war f\u00fcr Bogenj\u00e4ger stets eine Herausforderung. Der neue Revenant Handw\u00e4rmer ist die perfekte L\u00f6sung f\u00fcr J\u00e4ger, die auch in der sp\u00e4ten Saison, wenn die tiefe K\u00e4lte einsetzt, noch aktiv sind. Eine Kombination aus 400g Thinsulate-Isolierung und einem Fleece-Futter bietet ultimative W\u00e4rme. Ein feuchtigkeitsableitendes Innenfutter und eine \u00e4u\u00dfere DWR-Beschichtung gew\u00e4hrleisten, dass Ihre H\u00e4nde trocken und warm bleiben. Ein verstellbarer Taillenverschluss erm\u00f6glicht eine individuelle Passform, w\u00e4hrend die vordere Rei\u00dfverschlusstasche Ihnen einen einfachen Zugriff auf Ihre Essentials bietet. Die Carbon Alloy\u2122-Technologie sorgt f\u00fcr maximale Geruchsadsorption f\u00fcr all Ihre Geruchskontrollbed\u00fcrfnisse.     <\/p>\n<div class=\"figure\"><picture><img decoding=\"async\" title=\"Carbon Alloy\" src=\"https:\/\/www.scentlok.com\/media\/wysiwyg\/technology\/Carbon_Alloy_1.jpg\" alt=\"Branchenf\u00fchrende Carbon Alloy-Technologie\" width=\"700\" height=\"250\"><\/picture><\/div>\n<div class=\"detail\">\n<h3>CARBON ALLOY<\/h3>\n<h4>GERUCHSADSORBIERENDE TECHNOLOGIE<\/h4>\n<p>Unsere branchenf\u00fchrende Technologie kombiniert aktivierte Kohle, behandelte Kohle und Zeolith, die zwischen Stoffen verborgen sind. Die enorme Oberfl\u00e4che dieser nat\u00fcrlichen Partikel zielt auf Ger\u00fcche ab, adsorbiert sie und gibt sie nicht frei, bis Sie Ihre Ausr\u00fcstung in Ihrem Trockner reaktivieren. <\/p>\n<\/div>\n","protected":false},"excerpt":{"rendered":"<p>Mossy Oak Terra<\/p>\n","protected":false},"featured_media":228290,"comment_status":"open","ping_status":"closed","template":"","meta":[],"product_brand":[],"product_cat":[1145],"product_tag":[],"class_list":{"0":"post-282214","1":"product","2":"type-product","3":"status-publish","4":"has-post-thumbnail","6":"product_cat-sonstiges","8":"first","9":"outofstock","10":"sale","11":"taxable","12":"shipping-taxable","13":"purchasable","14":"product-type-simple"},"composite_virtual":false,"composite_layout":"","composite_add_to_cart_form_location":"","composite_editable_in_cart":false,"composite_sold_individually_context":"","composite_shop_price_calc":"","composite_components":[],"composite_scenarios":[],"group_of_quantity":0,"min_quantity":0,"max_quantity":"","exclude_order_quantity_value_rules":"no","exclude_category_quantity_rules":"no","combine_variations":"no","exclude_global_add_ons":[],"addons":[],"_links":{"self":[{"href":"https:\/\/www.huntersfriend.eu\/de\/wp-json\/wp\/v2\/product\/282214","targetHints":{"allow":["GET"]}}],"collection":[{"href":"https:\/\/www.huntersfriend.eu\/de\/wp-json\/wp\/v2\/product"}],"about":[{"href":"https:\/\/www.huntersfriend.eu\/de\/wp-json\/wp\/v2\/types\/product"}],"replies":[{"embeddable":true,"href":"https:\/\/www.huntersfriend.eu\/de\/wp-json\/wp\/v2\/comments?post=282214"}],"wp:featuredmedia":[{"embeddable":true,"href":"https:\/\/www.huntersfriend.eu\/de\/wp-json\/wp\/v2\/media\/228290"}],"wp:attachment":[{"href":"https:\/\/www.huntersfriend.eu\/de\/wp-json\/wp\/v2\/media?parent=282214"}],"wp:term":[{"taxonomy":"product_brand","embeddable":true,"href":"https:\/\/www.huntersfriend.eu\/de\/wp-json\/wp\/v2\/product_brand?post=282214"},{"taxonomy":"product_cat","embeddable":true,"href":"https:\/\/www.huntersfriend.eu\/de\/wp-json\/wp\/v2\/product_cat?post=282214"},{"taxonomy":"product_tag","embeddable":true,"href":"https:\/\/www.huntersfriend.eu\/de\/wp-json\/wp\/v2\/product_tag?post=282214"}],"curies":[{"name":"wp","href":"https:\/\/api.w.org\/{rel}","templated":true}]}}