{"id":282207,"date":"2022-03-24T13:40:58","date_gmt":"2022-03-24T11:40:58","guid":{"rendered":"https:\/\/www.huntersfriend.eu\/product\/scentlok-midweight-skull-cap-mossy-oak\/"},"modified":"2026-04-10T15:11:16","modified_gmt":"2026-04-10T13:11:16","slug":"scentlok-midweight-skull-cap-mossy-oak","status":"publish","type":"product","link":"https:\/\/www.huntersfriend.eu\/de\/produkt\/scentlok-midweight-skull-cap-mossy-oak\/","title":{"rendered":"Scentlok Midweight Skull Cap &#8211; Mossy Oak"},"content":{"rendered":"<p>J\u00e4ger wissen, dass einer der Bereiche mit der h\u00f6chsten Geruchskonzentration der Kopf ist. Riskieren Sie nicht, Ihre Jagd zu gef\u00e4hrden, indem Sie keine M\u00fctze mit un\u00fcbertroffener Geruchspr\u00e4vention tragen. Diese Midweight Skull Cap bietet \u00fcberlegenen Komfort, Tarnung und Geruchskontrolle f\u00fcr Jagden in der mittleren bis sp\u00e4ten Saison. Die Carbon Alloy<strong>\u2122<\/strong> Technologie sorgt f\u00fcr maximale Geruchsadsorption und Geruchskontrolle. Die DWR-Ausr\u00fcstung leitet zudem leichte Feuchtigkeit ab, um Sie trocken zu halten. Die Fleece-Paneele \u00fcber Ohren und Nacken spenden zus\u00e4tzliche W\u00e4rme.     <\/p>\n<p><strong>Carbon Alloy\u2122<\/strong> <strong>Technologie<\/strong> bietet maximale Geruchsadsorption und Geruchskontrolle<\/p>\n<p><strong>DWR-Ausr\u00fcstung<\/strong> leitet leichte Feuchtigkeit ab<\/p>\n<p><strong>Feuchtigkeitsableitende Behandlung<\/strong> zur Schwei\u00dfableitung und K\u00fchlung<\/p>\n<p><strong>Fleece-Paneele \u00fcber Ohren und Nacken<\/strong> f\u00fcr zus\u00e4tzliche W\u00e4rme<\/p>\n<p><strong>Zweiweg-Stretchgewebe<\/strong> f\u00fcr Komfort im Einsatz<\/p>\n","protected":false},"excerpt":{"rendered":"<p>Mittelschwer<\/p>\n","protected":false},"featured_media":263390,"comment_status":"open","ping_status":"closed","template":"","meta":[],"product_brand":[],"product_cat":[1380,1215,1222],"product_tag":[],"class_list":{"0":"post-282207","1":"product","2":"type-product","3":"status-publish","4":"has-post-thumbnail","6":"product_cat-zubehor","7":"product_cat-handschuh-socken-und-kopfbedeckung","8":"product_cat-sonderangebote","10":"first","11":"instock","12":"sale","13":"taxable","14":"shipping-taxable","15":"purchasable","16":"product-type-simple"},"composite_virtual":false,"composite_layout":"","composite_add_to_cart_form_location":"","composite_editable_in_cart":false,"composite_sold_individually_context":"","composite_shop_price_calc":"","composite_components":[],"composite_scenarios":[],"group_of_quantity":0,"min_quantity":0,"max_quantity":"","exclude_order_quantity_value_rules":"no","exclude_category_quantity_rules":"no","combine_variations":"no","exclude_global_add_ons":[],"addons":[],"_links":{"self":[{"href":"https:\/\/www.huntersfriend.eu\/de\/wp-json\/wp\/v2\/product\/282207","targetHints":{"allow":["GET"]}}],"collection":[{"href":"https:\/\/www.huntersfriend.eu\/de\/wp-json\/wp\/v2\/product"}],"about":[{"href":"https:\/\/www.huntersfriend.eu\/de\/wp-json\/wp\/v2\/types\/product"}],"replies":[{"embeddable":true,"href":"https:\/\/www.huntersfriend.eu\/de\/wp-json\/wp\/v2\/comments?post=282207"}],"wp:featuredmedia":[{"embeddable":true,"href":"https:\/\/www.huntersfriend.eu\/de\/wp-json\/wp\/v2\/media\/263390"}],"wp:attachment":[{"href":"https:\/\/www.huntersfriend.eu\/de\/wp-json\/wp\/v2\/media?parent=282207"}],"wp:term":[{"taxonomy":"product_brand","embeddable":true,"href":"https:\/\/www.huntersfriend.eu\/de\/wp-json\/wp\/v2\/product_brand?post=282207"},{"taxonomy":"product_cat","embeddable":true,"href":"https:\/\/www.huntersfriend.eu\/de\/wp-json\/wp\/v2\/product_cat?post=282207"},{"taxonomy":"product_tag","embeddable":true,"href":"https:\/\/www.huntersfriend.eu\/de\/wp-json\/wp\/v2\/product_tag?post=282207"}],"curies":[{"name":"wp","href":"https:\/\/api.w.org\/{rel}","templated":true}]}}