{"id":282203,"date":"2022-03-24T14:00:39","date_gmt":"2025-06-23T10:53:49","guid":{"rendered":"https:\/\/www.huntersfriend.eu\/product\/hha-optimizer-lite-x-mit-1-pin\/"},"modified":"2025-08-27T11:06:42","modified_gmt":"2025-08-27T09:06:42","slug":"hha-optimizer-lite-x-mit-1-pin","status":"publish","type":"product","link":"https:\/\/www.huntersfriend.eu\/de\/produkt\/hha-optimizer-lite-x-mit-1-pin\/","title":{"rendered":"HHA Optimizer Lite X mit 1 Pin"},"content":{"rendered":"<p>Bitte beachten Sie, dass nicht alle Kombinationen von Pingr\u00f6\u00dfen, Rheostat-Optionen und Zielfernrohrgr\u00f6\u00dfen von HHA hergestellt werden.<\/p>\n<p>Der Optimizer Lite X ist nach wie vor eines der meistverkauften Einzelpin-Visiere aller Zeiten, fast 25 Jahre nach seiner Einf\u00fchrung. Als Spitzenwahl f\u00fcr J\u00e4ger und 3D-Sch\u00fctzen gleicherma\u00dfen war der Optimizer Lite das erste Visier in der HHA-Produktlinie, das unsere patentierte R.D.S. Visierband-Technologie aufwies. Mit der M\u00f6glichkeit, eine vollst\u00e4ndige Palette von Zubeh\u00f6rteilen wie vergr\u00f6\u00dfernde Linsen, Sonnenblenden und Beleuchtungen zu akzeptieren, k\u00f6nnen Bogensch\u00fctzen bei der Wahl dieses ikonischen Visiers f\u00fcr all ihre Bed\u00fcrfnisse nichts falsch machen.  <\/p>\n<ul class=\"acf-repeater-list\">\n<li class=\"acf-repeater-list__item\">NEUE unendlich verstellbare Seitenhalterung mit Schlitzen<\/li>\n<li class=\"acf-repeater-list__item\">20-80 Yard Genauigkeit und reibungslose Hebelwirkung<\/li>\n<li class=\"acf-repeater-list__item\">Wasserresistente B\u00e4nder<\/li>\n<li class=\"acf-repeater-list__item\">Wasserwaage<\/li>\n<li class=\"acf-repeater-list__item\">Gefr\u00e4ster Aluminium-Pintr\u00e4ger<\/li>\n<li class=\"acf-repeater-list__item\">Optionaler mechanischer Rheostat zur Einstellung der Pin-Helligkeit (bei einigen Modellen)<\/li>\n<li class=\"acf-repeater-list__item\">Blue Burst-Licht kompatibel<\/li>\n<li class=\"acf-repeater-list__item\">Linsen-Kit kompatibel<\/li>\n<\/ul>\n<div class=\"elementor-element elementor-element-8bf1893 elementor-widget elementor-widget-heading\" data-id=\"8bf1893\" data-element_type=\"widget\" data-widget_type=\"heading.default\">\n<div class=\"elementor-widget-container\">\n<h2 class=\"elementor-heading-title elementor-size-default\">IM LIEFERUMFANG ENTHALTEN<\/h2>\n<\/div>\n<\/div>\n<div class=\"elementor-element elementor-element-6f11581 elementor-widget__width-auto elementor-widget elementor-widget-acf-repeater-list\" data-id=\"6f11581\" data-element_type=\"widget\" data-widget_type=\"acf-repeater-list.default\">\n<div class=\"elementor-widget-container\">\n<div class=\"acf-repeater-list-grid\">\n<ul class=\"acf-repeater-list\">\n<li class=\"acf-repeater-list__item\">Optimizer Lite X Visier<\/li>\n<li class=\"acf-repeater-list__item\">Montagematerial<\/li>\n<li class=\"acf-repeater-list__item\">Vorgedruckte wasserresistente B\u00e4nder<\/li>\n<li class=\"acf-repeater-list__item\">Anweisungen<\/li>\n<li class=\"acf-repeater-list__item\">HHA Aufkleber<\/li>\n<\/ul>\n<\/div>\n<\/div>\n<\/div>\n","protected":false},"excerpt":{"rendered":"<p>1 Pin mit Rheostat<\/p>\n","protected":false},"featured_media":226862,"comment_status":"open","ping_status":"closed","template":"","meta":[],"product_brand":[],"product_cat":[1236,1119],"product_tag":[],"class_list":{"0":"post-282203","1":"product","2":"type-product","3":"status-publish","4":"has-post-thumbnail","6":"product_cat-compound-scheiben-und-3d-visier","7":"product_cat-jagd-visiere","9":"first","10":"instock","11":"taxable","12":"shipping-taxable","13":"purchasable","14":"product-type-variable"},"composite_virtual":false,"composite_layout":"","composite_add_to_cart_form_location":"","composite_editable_in_cart":false,"composite_sold_individually_context":"","composite_shop_price_calc":"","composite_components":[],"composite_scenarios":[],"group_of_quantity":0,"min_quantity":0,"max_quantity":"","exclude_order_quantity_value_rules":"no","exclude_category_quantity_rules":"no","combine_variations":"no","exclude_global_add_ons":[],"addons":[],"_links":{"self":[{"href":"https:\/\/www.huntersfriend.eu\/de\/wp-json\/wp\/v2\/product\/282203","targetHints":{"allow":["GET"]}}],"collection":[{"href":"https:\/\/www.huntersfriend.eu\/de\/wp-json\/wp\/v2\/product"}],"about":[{"href":"https:\/\/www.huntersfriend.eu\/de\/wp-json\/wp\/v2\/types\/product"}],"replies":[{"embeddable":true,"href":"https:\/\/www.huntersfriend.eu\/de\/wp-json\/wp\/v2\/comments?post=282203"}],"wp:featuredmedia":[{"embeddable":true,"href":"https:\/\/www.huntersfriend.eu\/de\/wp-json\/wp\/v2\/media\/226862"}],"wp:attachment":[{"href":"https:\/\/www.huntersfriend.eu\/de\/wp-json\/wp\/v2\/media?parent=282203"}],"wp:term":[{"taxonomy":"product_brand","embeddable":true,"href":"https:\/\/www.huntersfriend.eu\/de\/wp-json\/wp\/v2\/product_brand?post=282203"},{"taxonomy":"product_cat","embeddable":true,"href":"https:\/\/www.huntersfriend.eu\/de\/wp-json\/wp\/v2\/product_cat?post=282203"},{"taxonomy":"product_tag","embeddable":true,"href":"https:\/\/www.huntersfriend.eu\/de\/wp-json\/wp\/v2\/product_tag?post=282203"}],"curies":[{"name":"wp","href":"https:\/\/api.w.org\/{rel}","templated":true}]}}