{"id":282202,"date":"2022-03-24T13:40:58","date_gmt":"2022-03-24T11:40:58","guid":{"rendered":"https:\/\/www.huntersfriend.eu\/product\/scentlok-leichtgewicht-schiesshandschuh-mossy-oak-terra-gila\/"},"modified":"2025-07-25T05:28:32","modified_gmt":"2025-07-25T03:28:32","slug":"scentlok-leichtgewicht-schiesshandschuh-mossy-oak-terra-gila","status":"publish","type":"product","link":"https:\/\/www.huntersfriend.eu\/de\/produkt\/scentlok-leichtgewicht-schiesshandschuh-mossy-oak-terra-gila\/","title":{"rendered":"Scentlok Leichtgewicht-Schie\u00dfhandschuh &#8211; Mossy Oak Terra Gila"},"content":{"rendered":"<p>Jeder versierte, geruchsbewusste J\u00e4ger wird Ihnen best\u00e4tigen, dass kein anderer K\u00f6rperbereich Ger\u00fcche in Ihrem Jagdgebiet leichter verbreitet als Ihre H\u00e4nde. ScentLoks Leichtgewicht-Schie\u00dfhandschuhe sind das perfekte Zubeh\u00f6r, um Ihre Troph\u00e4e ins Visier zu nehmen. <\/p>\n<p><strong>\u2022 Carbon Alloy\u2122-Technologie<\/strong><br \/>\nBietet maximale Geruchsadsorption &amp; Geruchskontrolle<\/p>\n<p><strong>\u2022 Feuchtigkeitsableitende Behandlung<\/strong><br \/>\nUm Schwei\u00df abzuleiten und Sie k\u00fchl zu halten<\/p>\n<p><strong>\u2022 Touch-Tech-Fingerspitzen<\/strong><br \/>\nZur Verwendung mit Touchscreens<\/p>\n<p><strong>\u2022 Polyester-Interlock-Gewebe<br \/>\n<\/strong> F\u00fcr hautnahen Komfort<\/p>\n<p><strong>\u2022 Silikonbedruckte Handfl\u00e4che<br \/>\n<\/strong> Konzipiert f\u00fcr besseren Halt<\/p>\n<p><strong>\u2022 <\/strong><strong>Dehnbare B\u00fcndchen<br \/>\n<\/strong> Halten die Handschuhe sicher<\/p>\n","protected":false},"excerpt":{"rendered":"<p>Mossy Oak Terra Gila<\/p>\n","protected":false},"featured_media":229907,"comment_status":"open","ping_status":"closed","template":"","meta":[],"product_brand":[],"product_cat":[1382],"product_tag":[],"class_list":{"0":"post-282202","1":"product","2":"type-product","3":"status-publish","4":"has-post-thumbnail","6":"product_cat-handschuhe","8":"first","9":"instock","10":"sale","11":"taxable","12":"shipping-taxable","13":"purchasable","14":"product-type-variable"},"composite_virtual":false,"composite_layout":"","composite_add_to_cart_form_location":"","composite_editable_in_cart":false,"composite_sold_individually_context":"","composite_shop_price_calc":"","composite_components":[],"composite_scenarios":[],"group_of_quantity":0,"min_quantity":0,"max_quantity":"","exclude_order_quantity_value_rules":"no","exclude_category_quantity_rules":"no","combine_variations":"no","exclude_global_add_ons":[],"addons":[],"_links":{"self":[{"href":"https:\/\/www.huntersfriend.eu\/de\/wp-json\/wp\/v2\/product\/282202","targetHints":{"allow":["GET"]}}],"collection":[{"href":"https:\/\/www.huntersfriend.eu\/de\/wp-json\/wp\/v2\/product"}],"about":[{"href":"https:\/\/www.huntersfriend.eu\/de\/wp-json\/wp\/v2\/types\/product"}],"replies":[{"embeddable":true,"href":"https:\/\/www.huntersfriend.eu\/de\/wp-json\/wp\/v2\/comments?post=282202"}],"wp:featuredmedia":[{"embeddable":true,"href":"https:\/\/www.huntersfriend.eu\/de\/wp-json\/wp\/v2\/media\/229907"}],"wp:attachment":[{"href":"https:\/\/www.huntersfriend.eu\/de\/wp-json\/wp\/v2\/media?parent=282202"}],"wp:term":[{"taxonomy":"product_brand","embeddable":true,"href":"https:\/\/www.huntersfriend.eu\/de\/wp-json\/wp\/v2\/product_brand?post=282202"},{"taxonomy":"product_cat","embeddable":true,"href":"https:\/\/www.huntersfriend.eu\/de\/wp-json\/wp\/v2\/product_cat?post=282202"},{"taxonomy":"product_tag","embeddable":true,"href":"https:\/\/www.huntersfriend.eu\/de\/wp-json\/wp\/v2\/product_tag?post=282202"}],"curies":[{"name":"wp","href":"https:\/\/api.w.org\/{rel}","templated":true}]}}