{"id":282197,"date":"2022-06-06T11:28:37","date_gmt":"2025-06-23T10:53:44","guid":{"rendered":"https:\/\/www.huntersfriend.eu\/product\/dead-center-dead-level-hunter-xs-lite\/"},"modified":"2026-03-11T14:36:12","modified_gmt":"2026-03-11T12:36:12","slug":"dead-center-dead-level-hunter-xs-lite","status":"publish","type":"product","link":"https:\/\/www.huntersfriend.eu\/de\/produkt\/dead-center-dead-level-hunter-xs-lite\/","title":{"rendered":"Dead Center Dead Level Hunter XS Lite"},"content":{"rendered":"<p>Der Dead Lever Hunter XS Lite bietet ein 0,5 Zoll Mikrodurchmesser, ultrakleines Stabilisierungssystem f\u00fcr Bogenj\u00e4ger, um die Balance jeder Bogenjagd-Konfiguration anzupassen, ohne \u00fcberm\u00e4\u00dfiges Gesamtgewicht hinzuzuf\u00fcgen, was zu einem \u00fcberlegenen Schie\u00dferlebnis f\u00fchrt. <\/p>\n<p><strong>Das vollst\u00e4ndige System beinhaltet:<\/strong><\/p>\n<ul>\n<li>2 Dead Silent Hunting Series &#8211; Carbon XS Stabilisatoren mit 0,5 Zoll Mikrodurchmesser f\u00fcr vibrationsd\u00e4mpfende Stabilit\u00e4t<\/li>\n<li>1 Diamond Series Lite-Halterung, die 20% leichter ist als die Halterung im urspr\u00fcnglichen Dead Level Hunter Kit, aber dennoch unbegrenzte Einstellm\u00f6glichkeiten bietet, eine felsenfeste Verbindung, die sich einfach nicht durch Vibrationen l\u00f6st, und das untere hintere Montageloch am Bogengriff nutzt.<\/li>\n<li>6 Custom Balance 1-Unzen-Gewichte f\u00fcr optimale Balanceabstimmung<\/li>\n<li>2 Aluminium-Gewichtskappen f\u00fcr ein schlankes, fertiges Aussehen<\/li>\n<\/ul>\n<p><strong>Enthaltene Technologie<\/strong><\/p>\n<ul>\n<li>0,5 Zoll Mikrodurchmesser-Carbonr\u00f6hren bieten die ultimative Kombination aus Ger\u00e4uschd\u00e4mpfung und Stabilit\u00e4t ohne zus\u00e4tzliches Gewicht oder sp\u00fcrbare Vibrationen. <\/li>\n<li>\u00dcberlegene Vibrationsd\u00e4mpfung und Ger\u00e4uschunterdr\u00fcckung. Hergestellt aus bew\u00e4hrtem BowJax-Material. <\/li>\n<li>Die Hardware der Diamond-Serie ist pr\u00e4zise konstruiert f\u00fcr felsenfeste Leistung und perfekte Balance.<\/li>\n<li>6 Unzen anpassbares Gewicht bieten optimale Balance, indem Sie Ihre Gewichtskonfiguration auf Ihre spezifischen Bed\u00fcrfnisse zuschneiden k\u00f6nnen.<\/li>\n<\/ul>\n<p><strong>Enth\u00e4lt:<\/strong><br \/>\n(2) XS-Stabilisatoren, (6) 1-Unzen Custom Balance Gewichte 1\/4-20, (1) Diamond Series Single Lite-Halterung<\/p>\n<p><strong>Produktspezifikationen:<\/strong><br \/>\nStabilisatorl\u00e4nge &#8211; 8 \u201e&amp; 6\u201c<br \/>\nStabilisatorl\u00e4nge &#8211; 10 \u201e&amp; 8\u201c<\/p>\n","protected":false},"excerpt":{"rendered":"<p>Der Dead Lever Hunter XS Lite bietet ein 0,5 Zoll Mikrodurchmesser, ultrakleines Stabilisierungssystem f\u00fcr Bogenj\u00e4ger, um die Balance jeder Bogenjagd-Konfiguration anzupassen, ohne \u00fcberm\u00e4\u00dfiges Gesamtgewicht hinzuzuf\u00fcgen, was zu einem \u00fcberlegenen Schie\u00dferlebnis f\u00fchrt. Das vollst\u00e4ndige System beinhaltet: 2 Dead Silent Hunting Series &#8211; Carbon XS Stabilisatoren mit 0,5 Zoll Mikrodurchmesser f\u00fcr vibrationsd\u00e4mpfende Stabilit\u00e4t 1 Diamond Series Lite-Halterung, [&#8230;]\n","protected":false},"featured_media":231931,"comment_status":"open","ping_status":"closed","template":"","meta":[],"product_brand":[],"product_cat":[1121],"product_tag":[],"class_list":{"0":"post-282197","1":"product","2":"type-product","3":"status-publish","4":"has-post-thumbnail","6":"product_cat-jagd-stabilisatoren","8":"first","9":"instock","10":"taxable","11":"shipping-taxable","12":"purchasable","13":"product-type-variable"},"composite_virtual":false,"composite_layout":"","composite_add_to_cart_form_location":"","composite_editable_in_cart":false,"composite_sold_individually_context":"","composite_shop_price_calc":"","composite_components":[],"composite_scenarios":[],"group_of_quantity":0,"min_quantity":0,"max_quantity":"","exclude_order_quantity_value_rules":"no","exclude_category_quantity_rules":"no","combine_variations":"no","exclude_global_add_ons":[],"addons":[],"_links":{"self":[{"href":"https:\/\/www.huntersfriend.eu\/de\/wp-json\/wp\/v2\/product\/282197","targetHints":{"allow":["GET"]}}],"collection":[{"href":"https:\/\/www.huntersfriend.eu\/de\/wp-json\/wp\/v2\/product"}],"about":[{"href":"https:\/\/www.huntersfriend.eu\/de\/wp-json\/wp\/v2\/types\/product"}],"replies":[{"embeddable":true,"href":"https:\/\/www.huntersfriend.eu\/de\/wp-json\/wp\/v2\/comments?post=282197"}],"wp:featuredmedia":[{"embeddable":true,"href":"https:\/\/www.huntersfriend.eu\/de\/wp-json\/wp\/v2\/media\/231931"}],"wp:attachment":[{"href":"https:\/\/www.huntersfriend.eu\/de\/wp-json\/wp\/v2\/media?parent=282197"}],"wp:term":[{"taxonomy":"product_brand","embeddable":true,"href":"https:\/\/www.huntersfriend.eu\/de\/wp-json\/wp\/v2\/product_brand?post=282197"},{"taxonomy":"product_cat","embeddable":true,"href":"https:\/\/www.huntersfriend.eu\/de\/wp-json\/wp\/v2\/product_cat?post=282197"},{"taxonomy":"product_tag","embeddable":true,"href":"https:\/\/www.huntersfriend.eu\/de\/wp-json\/wp\/v2\/product_tag?post=282197"}],"curies":[{"name":"wp","href":"https:\/\/api.w.org\/{rel}","templated":true}]}}