{"id":282194,"date":"2022-06-14T13:15:16","date_gmt":"2022-06-14T11:15:16","guid":{"rendered":"https:\/\/www.huntersfriend.eu\/product\/stealth-hunting-products-360-predator-ground-blind\/"},"modified":"2026-03-27T23:19:23","modified_gmt":"2026-03-27T21:19:23","slug":"stealth-hunting-products-360-predator-ground-blind","status":"publish","type":"product","link":"https:\/\/www.huntersfriend.eu\/de\/produkt\/stealth-hunting-products-360-predator-ground-blind\/","title":{"rendered":"Stealth Hunting Products &#8211; 360 Predator Ground Blind"},"content":{"rendered":"<div>Haben Sie sich auch schon \u00fcber die schlechte Sicht ge\u00e4rgert, wenn Sie im Bodenrollo sitzen? Hat das Tier Sie schon einmal in der Jalousie bemerkt, wenn Sie zu viele Fenster ge\u00f6ffnet haben, um die Sicht zu verbessern und sich zu erkennen gegeben haben?<\/div>\n<div><\/div>\n<div>Dar\u00fcber brauchen Sie sich keine Gedanken mehr zu machen! Mit dem neuen Stealth Hunting Products &#8211; 360 Predator Ground Blind ist dieses l\u00e4stige Problem aus dem Weg ger\u00e4umt, denn die einzigen Teile, die Sie nicht durch das Zelt sehen k\u00f6nnen, sind das Dach und die R\u00fcckwand. Ihr Sichtfeld im Zelt betr\u00e4gt also satte 270 Grad und Sie k\u00f6nnen sich von den l\u00e4stigen toten Winkeln verabschieden! Die Aufnahme-\/Betrachtungsfenster sind einstellbar, so dass Sie die Fenster so weit \u00f6ffnen k\u00f6nnen, wie Sie m\u00f6chten. Das Dach und die R\u00fcckwand des Zeltes sind aus wasserdichtem Stoff, so dass Sie sich keine Sorgen machen m\u00fcssen, nass zu werden. Die Jalousie mit einer Innenh\u00f6he von 188 cm und einem Durchmesser von 208 cm bietet viel Platz, um auch mit einem Bogen in der Jalousie zu arbeiten. Er bietet so viel Platz, dass zwei J\u00e4ger bequem hineinpassen. Das Zelt mit Pop-up-Mechanismus l\u00e4sst sich in weniger als einer Minute auf- und abbauen!<\/div>\n<div><\/div>\n<ul>\n<li>Camo-Muster, das sich gut mit fast allen Waldarten kombinieren l\u00e4sst<\/li>\n<li>Wasserdichtes Dach und R\u00fcckwand<\/li>\n<li>H\u00f6he: 188 cm<\/li>\n<li>Durchmesser: 208cm<\/li>\n<li>Gr\u00f6\u00dfe der Basis: 165cm x 165cm<\/li>\n<\/ul>\n<div><\/div>\n<div><a href=\"https:\/\/www.huntersfriend.eu\/app\/uploads\/2022\/06\/5-scaled.jpg\"><img decoding=\"async\" class=\"alignnone size-medium wp-image-233155\" src=\"https:\/\/www.huntersfriend.eu\/app\/uploads\/2022\/06\/5-600x450.jpg\" alt=\"\" width=\"600\" height=\"450\" srcset=\"https:\/\/www.huntersfriend.eu\/app\/uploads\/2022\/06\/5-600x450.jpg 600w, https:\/\/www.huntersfriend.eu\/app\/uploads\/2022\/06\/5-1024x768.jpg 1024w, https:\/\/www.huntersfriend.eu\/app\/uploads\/2022\/06\/5-768x576.jpg 768w, https:\/\/www.huntersfriend.eu\/app\/uploads\/2022\/06\/5-1536x1152.jpg 1536w, https:\/\/www.huntersfriend.eu\/app\/uploads\/2022\/06\/5-2048x1536.jpg 2048w, https:\/\/www.huntersfriend.eu\/app\/uploads\/2022\/06\/5-300x225.jpg 300w, https:\/\/www.huntersfriend.eu\/app\/uploads\/2022\/06\/5-200x150.jpg 200w\" sizes=\"(max-width: 600px) 100vw, 600px\" \/><\/a><\/div>\n","protected":false},"excerpt":{"rendered":"<p><strong>Achtung! Online-Bestellungen sind auf ein Exemplar pro Bestellung beschr\u00e4nkt. Bei gr\u00f6\u00dferen Mengen wenden Sie sich bitte direkt an den Kundenservice, um die Lieferkosten zu erfragen.<\/strong><\/p>\n","protected":false},"featured_media":233143,"comment_status":"open","ping_status":"closed","template":"","meta":[],"product_brand":[],"product_cat":[1390,1169],"product_tag":[],"class_list":{"0":"post-282194","1":"product","2":"type-product","3":"status-publish","4":"has-post-thumbnail","6":"product_cat-boden-tarnschirme","7":"product_cat-schirm","8":"product_shipping_class-big-de","10":"first","11":"instock","12":"featured","13":"taxable","14":"shipping-taxable","15":"purchasable","16":"product-type-simple"},"composite_virtual":false,"composite_layout":"","composite_add_to_cart_form_location":"","composite_editable_in_cart":false,"composite_sold_individually_context":"","composite_shop_price_calc":"","composite_components":[],"composite_scenarios":[],"group_of_quantity":0,"min_quantity":0,"max_quantity":"","exclude_order_quantity_value_rules":"no","exclude_category_quantity_rules":"no","combine_variations":"no","exclude_global_add_ons":[],"addons":[],"_links":{"self":[{"href":"https:\/\/www.huntersfriend.eu\/de\/wp-json\/wp\/v2\/product\/282194","targetHints":{"allow":["GET"]}}],"collection":[{"href":"https:\/\/www.huntersfriend.eu\/de\/wp-json\/wp\/v2\/product"}],"about":[{"href":"https:\/\/www.huntersfriend.eu\/de\/wp-json\/wp\/v2\/types\/product"}],"replies":[{"embeddable":true,"href":"https:\/\/www.huntersfriend.eu\/de\/wp-json\/wp\/v2\/comments?post=282194"}],"wp:featuredmedia":[{"embeddable":true,"href":"https:\/\/www.huntersfriend.eu\/de\/wp-json\/wp\/v2\/media\/233143"}],"wp:attachment":[{"href":"https:\/\/www.huntersfriend.eu\/de\/wp-json\/wp\/v2\/media?parent=282194"}],"wp:term":[{"taxonomy":"product_brand","embeddable":true,"href":"https:\/\/www.huntersfriend.eu\/de\/wp-json\/wp\/v2\/product_brand?post=282194"},{"taxonomy":"product_cat","embeddable":true,"href":"https:\/\/www.huntersfriend.eu\/de\/wp-json\/wp\/v2\/product_cat?post=282194"},{"taxonomy":"product_tag","embeddable":true,"href":"https:\/\/www.huntersfriend.eu\/de\/wp-json\/wp\/v2\/product_tag?post=282194"}],"curies":[{"name":"wp","href":"https:\/\/api.w.org\/{rel}","templated":true}]}}