{"id":282191,"date":"2022-06-14T12:41:08","date_gmt":"2022-06-14T10:41:08","guid":{"rendered":"https:\/\/www.huntersfriend.eu\/product\/pse-stinger-atk-rts-ss-kit-auf-lager\/"},"modified":"2025-06-28T05:32:32","modified_gmt":"2025-06-28T03:32:32","slug":"pse-stinger-atk-rts-ss-kit-auf-lager","status":"publish","type":"product","link":"https:\/\/www.huntersfriend.eu\/de\/produkt\/pse-stinger-atk-rts-ss-kit-auf-lager\/","title":{"rendered":"PSE Stinger ATK RTS SS Kit &#8211; auf Lager"},"content":{"rendered":"<p><strong>Bitte kontaktieren Sie uns f\u00fcr andere Versionen dieses Bogens!<\/strong><\/p>\n<p>Bogenj\u00e4ger wissen, was wir wirklich von einem Jagdbogen ben\u00f6tigen. Wir ben\u00f6tigen einen sanften Auszug, harte Schlagkraft und t\u00f6dliche Pr\u00e4zision. <\/p>\n<p>Doch was w\u00e4re, wenn ein Compoundbogen all das sein und zudem erschwinglich sein k\u00f6nnte? Lernen Sie die PSE ATK-Serie von B\u00f6gen kennen. <\/p>\n<p>Die PSE ATK-Serie ist erschwinglich t\u00f6dlich und bietet Ihnen alles, was Sie in einem Jagdbogen ben\u00f6tigen, ohne dass Sie f\u00fcr Dinge bezahlen m\u00fcssen, die Sie nicht brauchen. Der neue Stinger ATK wird sogar von unserem \u201eGrow With You\u201c SS-Nockensystem angetrieben, das entwickelt wurde, um eine gro\u00dfe Bandbreite an Auszugsl\u00e4ngen f\u00fcr wachsende Sch\u00fctzen zu liefern. Ist es nicht an der Zeit, dass Sie mehr von Ihrem hart verdienten Geld f\u00fcr Erfahrungen ausgeben und weniger an der Verkaufstheke?  <\/p>\n<p>Das <em><strong>Hunter Package<\/strong><\/em> beinhaltet den Hunter Lite K\u00f6cher, Tru-Glo EZ Pfeilauflage, FX4 Stabilisator, Sierra Lite Visier, Mongoose Peep und Nockpunkt.<\/p>\n<div class=\"grid grid-cols-[minmax(0,30%),minmax(0,70%)] relative group Cam\" data-armada-spec-table-item=\"\" data-product-card-content=\"\">\n<h5 class=\"font-heading heading-font-styles text-headings break-anywhere py-l lg:py-xl px-s lg:px-l border-t border-t-theme even:ml-s lg:even:ml-l relative text-h5 group-even:bg-body-opacity-03 group-last:border-b group-last:border-b-theme\">NOCKENSYSTEM: AS<\/h5>\n<\/div>\n<div class=\"grid grid-cols-[minmax(0,30%),minmax(0,70%)] relative group Brace height\" data-armada-spec-table-item=\"\" data-product-card-content=\"\">\n<h5 class=\"font-heading heading-font-styles text-headings break-anywhere py-l lg:py-xl px-s lg:px-l border-t border-t-theme even:ml-s lg:even:ml-l relative text-h5 group-even:bg-body-opacity-03 group-last:border-b group-last:border-b-theme\">STANDH\u00d6HE: 6-5\/8\u201d<\/h5>\n<\/div>\n<div class=\"grid grid-cols-[minmax(0,30%),minmax(0,70%)] relative group Axle to axle\" data-armada-spec-table-item=\"\" data-product-card-content=\"\">\n<h5 class=\"font-heading heading-font-styles text-headings break-anywhere py-l lg:py-xl px-s lg:px-l border-t border-t-theme even:ml-s lg:even:ml-l relative text-h5 group-even:bg-body-opacity-03 group-last:border-b group-last:border-b-theme\">ACHSE ZU ACHSE: 32\u201d<\/h5>\n<p>Bogengewicht: 4,0 lbs<\/p>\n<\/div>\n<div class=\"grid grid-cols-[minmax(0,30%),minmax(0,70%)] relative group Ibo speed rating\" data-armada-spec-table-item=\"\" data-product-card-content=\"\">\n<h5 class=\"font-heading heading-font-styles text-headings break-anywhere py-l lg:py-xl px-s lg:px-l border-t border-t-theme even:ml-s lg:even:ml-l relative text-h5 group-even:bg-body-opacity-03 group-last:border-b group-last:border-b-theme\">IBO-GESCHWINDIGKEITSKLASSIFIZIERUNG: 312 fps<\/h5>\n<\/div>\n<div class=\"grid grid-cols-[minmax(0,30%),minmax(0,70%)] relative group Letoff\" data-armada-spec-table-item=\"\" data-product-card-content=\"\">\n<h5 class=\"font-heading heading-font-styles text-headings break-anywhere py-l lg:py-xl px-s lg:px-l border-t border-t-theme even:ml-s lg:even:ml-l relative text-h5 group-even:bg-body-opacity-03 group-last:border-b group-last:border-b-theme\">AUSZUGSERLEICHTERUNG: 80%<\/h5>\n<\/div>\n<div class=\"grid grid-cols-[minmax(0,30%),minmax(0,70%)] relative group Draw length range\" data-armada-spec-table-item=\"\" data-product-card-content=\"\">\n<h5 class=\"font-heading heading-font-styles text-headings break-anywhere py-l lg:py-xl px-s lg:px-l border-t border-t-theme even:ml-s lg:even:ml-l relative text-h5 group-even:bg-body-opacity-03 group-last:border-b group-last:border-b-theme\">AUSZUGSL\u00c4NGENBEREICH: 23\u2033 \u2013 30\u2033<\/h5>\n<\/div>\n<div class=\"grid grid-cols-[minmax(0,30%),minmax(0,70%)] relative group Draw weights\" data-armada-spec-table-item=\"\" data-product-card-content=\"\">\n<h5 class=\"font-heading heading-font-styles text-headings break-anywhere py-l lg:py-xl px-s lg:px-l border-t border-t-theme even:ml-s lg:even:ml-l relative text-h5 group-even:bg-body-opacity-03 group-last:border-b group-last:border-b-theme\">ZUGGEWICHTE: 21-50, 26-60, 30-70#<\/h5>\n<\/div>\n<div class=\"grid grid-cols-[minmax(0,30%),minmax(0,70%)] relative group Limb bolt turns\" data-armada-spec-table-item=\"\" data-product-card-content=\"\">\n<h5 class=\"font-heading heading-font-styles text-headings break-anywhere py-l lg:py-xl px-s lg:px-l border-t border-t-theme even:ml-s lg:even:ml-l relative text-h5 group-even:bg-body-opacity-03 group-last:border-b group-last:border-b-theme\">WURFARMBOLZENUMDREHUNGEN: 10<\/h5>\n<\/div>\n","protected":false},"excerpt":{"rendered":"<p>RH 30-70# Country Tarnmuster<\/p>\n","protected":false},"featured_media":267241,"comment_status":"open","ping_status":"closed","template":"","meta":[],"product_brand":[],"product_cat":[1238],"product_tag":[],"class_list":{"0":"post-282191","1":"product","2":"type-product","3":"status-publish","4":"has-post-thumbnail","6":"product_cat-compound-sets","8":"first","9":"instock","10":"taxable","11":"shipping-taxable","12":"purchasable","13":"product-type-simple"},"composite_virtual":false,"composite_layout":"","composite_add_to_cart_form_location":"","composite_editable_in_cart":false,"composite_sold_individually_context":"","composite_shop_price_calc":"","composite_components":[],"composite_scenarios":[],"group_of_quantity":0,"min_quantity":0,"max_quantity":"","exclude_order_quantity_value_rules":"no","exclude_category_quantity_rules":"no","combine_variations":"no","exclude_global_add_ons":[],"addons":[],"_links":{"self":[{"href":"https:\/\/www.huntersfriend.eu\/de\/wp-json\/wp\/v2\/product\/282191","targetHints":{"allow":["GET"]}}],"collection":[{"href":"https:\/\/www.huntersfriend.eu\/de\/wp-json\/wp\/v2\/product"}],"about":[{"href":"https:\/\/www.huntersfriend.eu\/de\/wp-json\/wp\/v2\/types\/product"}],"replies":[{"embeddable":true,"href":"https:\/\/www.huntersfriend.eu\/de\/wp-json\/wp\/v2\/comments?post=282191"}],"wp:featuredmedia":[{"embeddable":true,"href":"https:\/\/www.huntersfriend.eu\/de\/wp-json\/wp\/v2\/media\/267241"}],"wp:attachment":[{"href":"https:\/\/www.huntersfriend.eu\/de\/wp-json\/wp\/v2\/media?parent=282191"}],"wp:term":[{"taxonomy":"product_brand","embeddable":true,"href":"https:\/\/www.huntersfriend.eu\/de\/wp-json\/wp\/v2\/product_brand?post=282191"},{"taxonomy":"product_cat","embeddable":true,"href":"https:\/\/www.huntersfriend.eu\/de\/wp-json\/wp\/v2\/product_cat?post=282191"},{"taxonomy":"product_tag","embeddable":true,"href":"https:\/\/www.huntersfriend.eu\/de\/wp-json\/wp\/v2\/product_tag?post=282191"}],"curies":[{"name":"wp","href":"https:\/\/api.w.org\/{rel}","templated":true}]}}