{"id":282187,"date":"2022-06-03T15:10:25","date_gmt":"2025-06-23T10:53:40","guid":{"rendered":"https:\/\/www.huntersfriend.eu\/product\/fleisch-sucher-stechspitzen\/"},"modified":"2026-01-10T14:07:07","modified_gmt":"2026-01-10T12:07:07","slug":"fleisch-sucher-stechspitzen","status":"publish","type":"product","link":"https:\/\/www.huntersfriend.eu\/de\/produkt\/fleisch-sucher-stechspitzen\/","title":{"rendered":"Fleisch-Sucher Stechspitzen"},"content":{"rendered":"<p><strong>BITTE GEBEN SIE IM INFORMATIONSFELD BEIM AUSCHECKEN AN, OB SIE DIE PFEILE AUF EINE BESTIMMTE L\u00c4NGE GESCHNITTEN UND\/ODER DIE EINS\u00c4TZE INSTALLIERT HABEN M\u00d6CHTEN!<\/strong><\/p>\n<p><strong>NEUERSCHEINUNG VON MEAT SEEKER!<\/strong><\/p>\n<p>Siehe da, der neue K\u00f6nig der Carbon-Jagdpfeile! Der brandneue Meat Seeker Stinger ist eine absolute T\u00f6tungsmaschine! Der schlagkr\u00e4ftige Carbon-Schaft mit kleinem Durchmesser liefert maximale kinetische Energie an sein Ziel und bietet die Durchschlagskraft, die Sie ben\u00f6tigen, um das Fleisch in den Gefrierschrank zu bringen. Dieser Pfeil bew\u00e4hrt sich selbst bei den z\u00e4hesten und gr\u00f6\u00dften Wildtieren.   <\/p>\n<ul>\n<li>0,003 Zoll Geradheit<\/li>\n<li>5,2 mm (0,204 Zoll) Innendurchmesser<\/li>\n<li>Sehr konsistentes Gewicht pro Zoll (GPI)<\/li>\n<li>GPI nach Spine\n<ul>\n<li>250 &#8211; 11,4 GPI<\/li>\n<li>300 &#8211; 10,1 GPI<\/li>\n<li>350 &#8211; 9,1 GPI<\/li>\n<\/ul>\n<\/li>\n<li>Hochwertiger Karbon<\/li>\n<li>Hochwertige X-Gr\u00f6\u00dfe Nocken inklusive<\/li>\n<li>Hochwertige Meat Seeker Au\u00dfeneins\u00e4tze inklusive<\/li>\n<\/ul>\n<p><strong>BITTE GEBEN SIE IM INFORMATIONSFELD BEIM AUSCHECKEN AN, OB SIE DIE PFEILE AUF EINE BESTIMMTE L\u00c4NGE GESCHNITTEN UND\/ODER DIE EINS\u00c4TZE INSTALLIERT HABEN M\u00d6CHTEN!<\/strong><\/p>\n<p><span lang=\"EN-US\">Diese Spine-Tabellen sind f\u00fcr moderne Compound-B\u00f6gen mit IBO-Geschwindigkeiten zwischen 280-330 fps normalisiert. F\u00fcr schnellere B\u00f6gen bitte in der Tabelle einen Block nach unten und nach rechts. F\u00fcr langsamere B\u00f6gen bitte in der Tabelle einen Block nach oben und nach links. Die Tabelle gilt nicht f\u00fcr traditionelle B\u00f6gen. HINWEIS: Der tats\u00e4chliche Spine-Wert entspricht nicht unbedingt der vom Hersteller angegebenen Namensbezeichnung (Gold Tip 5575, Carbon Force 200, Carbon Express 60\/75 usw.). Spine-Wert Tabelle des Herstellers. <\/span><strong><span lang=\"EN-US\">k\u00f6nnen willk\u00fcrlich sein<\/span><\/strong><span lang=\"EN-US\"> (100, 200, 300, 400) und spiegeln m\u00f6glicherweise nicht die tats\u00e4chlichen Spine-Durchbiegungen der Pfeile wider. Beispielsweise hat ein &#8222;Carbon Express Maxima 250&#8243; eine tats\u00e4chliche Spine-Durchbiegung von 0,404&#8243;, nicht 0,250&#8220;, wie die Gr\u00f6\u00dfenangabe vermuten l\u00e4sst. In diesem Fall ist das Bewertungssystem willk\u00fcrlich. Um auf der sicheren Seite zu sein, gehen Sie NICHT davon aus, dass die ver\u00f6ffentlichte Spine-Gr\u00f6\u00dfe eines Pfeils mit der tats\u00e4chlichen Durchbiegung des Pfeils \u00fcbereinstimmt. Beachten Sie die tats\u00e4chlichen Pfeilspezifikationsdaten oben, bevor Sie diese Tabelle verwenden, um eine geeignete Spine-Steifigkeit f\u00fcr Ihren Bogen auszuw\u00e4hlen.     <em><strong>Wenn Sie Hilfe ben\u00f6tigen, rufen Sie unseren Pro-Shop unter +358 45 208 6292 an oder schreiben Sie uns eine E-Mail f\u00fcr Unterst\u00fctzung.<\/strong><\/em><\/span><\/p>\n","protected":false},"excerpt":{"rendered":"<p><strong>Verkauf in Mindestmengen von 12 St\u00fcck<\/strong><\/p>\n","protected":false},"featured_media":231579,"comment_status":"open","ping_status":"closed","template":"","meta":[],"product_brand":[],"product_cat":[1105],"product_tag":[],"class_list":{"0":"post-282187","1":"product","2":"type-product","3":"status-publish","4":"has-post-thumbnail","6":"product_cat-karbon-jagd-schaefte","8":"first","9":"instock","10":"taxable","11":"shipping-taxable","12":"purchasable","13":"product-type-variable"},"composite_virtual":false,"composite_layout":"","composite_add_to_cart_form_location":"","composite_editable_in_cart":false,"composite_sold_individually_context":"","composite_shop_price_calc":"","composite_components":[],"composite_scenarios":[],"group_of_quantity":0,"min_quantity":0,"max_quantity":"","exclude_order_quantity_value_rules":"no","exclude_category_quantity_rules":"no","combine_variations":"no","exclude_global_add_ons":false,"addons":[{"name":"Zuschnitt","type":"multiple_choice","position":0,"required":true,"title_format":"label","default":"","description_enable":false,"description":null,"placeholder_enable":false,"placeholder":null,"display":"select","restrictions_type":"any_text","adjust_price":false,"price":"","price_type":"flat_fee","restrictions":false,"min":"0","max":"0","options":[{"label":"Nicht schneiden","price":"","price_type":"flat_fee","image":0,"visibility":true},{"label":"Bitte schneiden - f\u00fcgen Sie die gew\u00fcnschte L\u00e4nge im Infofeld beim Auschecken hinzu","price":"","price_type":"flat_fee","image":0,"visibility":true}]},{"name":"Eins\u00e4tze","type":"multiple_choice","position":1,"required":true,"title_format":"label","default":"","description_enable":false,"description":null,"placeholder_enable":false,"placeholder":null,"display":"select","restrictions_type":"any_text","adjust_price":false,"price":"","price_type":"flat_fee","restrictions":false,"min":"0","max":"0","options":[{"label":"Eins\u00e4tze installieren (Dies ist dauerhaft!)","price":"","price_type":"flat_fee","image":0,"visibility":true},{"label":"Eins\u00e4tze nicht installieren (lose beilegen)","price":"","price_type":"flat_fee","image":0,"visibility":true}]}],"_links":{"self":[{"href":"https:\/\/www.huntersfriend.eu\/de\/wp-json\/wp\/v2\/product\/282187","targetHints":{"allow":["GET"]}}],"collection":[{"href":"https:\/\/www.huntersfriend.eu\/de\/wp-json\/wp\/v2\/product"}],"about":[{"href":"https:\/\/www.huntersfriend.eu\/de\/wp-json\/wp\/v2\/types\/product"}],"replies":[{"embeddable":true,"href":"https:\/\/www.huntersfriend.eu\/de\/wp-json\/wp\/v2\/comments?post=282187"}],"wp:featuredmedia":[{"embeddable":true,"href":"https:\/\/www.huntersfriend.eu\/de\/wp-json\/wp\/v2\/media\/231579"}],"wp:attachment":[{"href":"https:\/\/www.huntersfriend.eu\/de\/wp-json\/wp\/v2\/media?parent=282187"}],"wp:term":[{"taxonomy":"product_brand","embeddable":true,"href":"https:\/\/www.huntersfriend.eu\/de\/wp-json\/wp\/v2\/product_brand?post=282187"},{"taxonomy":"product_cat","embeddable":true,"href":"https:\/\/www.huntersfriend.eu\/de\/wp-json\/wp\/v2\/product_cat?post=282187"},{"taxonomy":"product_tag","embeddable":true,"href":"https:\/\/www.huntersfriend.eu\/de\/wp-json\/wp\/v2\/product_tag?post=282187"}],"curies":[{"name":"wp","href":"https:\/\/api.w.org\/{rel}","templated":true}]}}