{"id":282185,"date":"2022-06-06T11:58:04","date_gmt":"2025-06-23T10:53:40","guid":{"rendered":"https:\/\/www.huntersfriend.eu\/product\/dead-center-dead-silent-jagdserie-carbon-xs-6\/"},"modified":"2025-07-30T12:53:34","modified_gmt":"2025-07-30T10:53:34","slug":"dead-center-dead-silent-jagdserie-carbon-xs-6","status":"publish","type":"product","link":"https:\/\/www.huntersfriend.eu\/de\/produkt\/dead-center-dead-silent-jagdserie-carbon-xs-6\/","title":{"rendered":"Dead Center Dead Silent Jagdserie \u2013 Carbon XS 6"},"content":{"rendered":"<p>Die Dead Silent Hunting Series Carbon XS Stabilisatoren zeichnen sich durch 0,5 Zoll Mikrodurchmesser-Kohlefaser und mikrodurchmesser-gefr\u00e4ste Aluminium-Endkappen aus, was sie zu unserer d\u00fcnnsten und leichtesten Stabilisierungsl\u00f6sung bis dato macht. <\/p>\n<p><strong>Eigenschaften:<\/strong><\/p>\n<ul>\n<li>Das Kohlefaserrohr mit Mikrodurchmesser bietet die ultimative Kombination aus Ger\u00e4uschd\u00e4mpfung und Stabilit\u00e4t ohne zus\u00e4tzliches Gewicht oder sp\u00fcrbare Vibrationen.<\/li>\n<li>Die Stabilisator-Schalld\u00e4mpfer bieten \u00fcberlegene Vibrationsd\u00e4mpfung und Ger\u00e4uschreduzierung. Sie sind aus dem bew\u00e4hrten BowJax-Material gefertigt. <\/li>\n<li>Doppelte O-Ringe f\u00fcr zus\u00e4tzliche D\u00e4mpfungs- und Ger\u00e4uschreduzierungseigenschaften.<\/li>\n<li>CNC-gefr\u00e4ste Aluminium-Endkappen mit Mikrodurchmesser f\u00fcr Stabilit\u00e4t und Haltbarkeit.<\/li>\n<li>Individuelle Ausgleichsgewichte erm\u00f6glichen es Ihnen, die Gewichtskonfiguration an Ihre spezifischen Bed\u00fcrfnisse anzupassen. Enth\u00e4lt (2) 1-Unzen-Gewichte. <\/li>\n<\/ul>\n<p><strong>Spezifikationen: <\/strong><\/p>\n<ul>\n<li>6 Zoll &#8211; 4,4 Unzen<\/li>\n<li>Enth\u00e4lt (2) 1-Unzen individuelle Ausgleichsgewichte<\/li>\n<\/ul>\n","protected":false},"excerpt":{"rendered":"<p>Die Dead Silent Hunting Series Carbon XS Stabilisatoren zeichnen sich durch 0,5 Zoll Mikrodurchmesser-Kohlefaser und mikrodurchmesser-gefr\u00e4ste Aluminium-Endkappen aus, was sie zu unserer d\u00fcnnsten und leichtesten Stabilisierungsl\u00f6sung bis dato macht. Eigenschaften: Das Kohlefaserrohr mit Mikrodurchmesser bietet die ultimative Kombination aus Ger\u00e4uschd\u00e4mpfung und Stabilit\u00e4t ohne zus\u00e4tzliches Gewicht oder sp\u00fcrbare Vibrationen. Die Stabilisator-Schalld\u00e4mpfer bieten \u00fcberlegene Vibrationsd\u00e4mpfung und Ger\u00e4uschreduzierung. [&#8230;]\n","protected":false},"featured_media":231962,"comment_status":"open","ping_status":"closed","template":"","meta":[],"product_brand":[],"product_cat":[1121],"product_tag":[],"class_list":{"0":"post-282185","1":"product","2":"type-product","3":"status-publish","4":"has-post-thumbnail","6":"product_cat-jagd-stabilisatoren","8":"first","9":"instock","10":"taxable","11":"shipping-taxable","12":"purchasable","13":"product-type-variable"},"composite_virtual":false,"composite_layout":"","composite_add_to_cart_form_location":"","composite_editable_in_cart":false,"composite_sold_individually_context":"","composite_shop_price_calc":"","composite_components":[],"composite_scenarios":[],"group_of_quantity":0,"min_quantity":0,"max_quantity":"","exclude_order_quantity_value_rules":"no","exclude_category_quantity_rules":"no","combine_variations":"no","exclude_global_add_ons":[],"addons":[],"_links":{"self":[{"href":"https:\/\/www.huntersfriend.eu\/de\/wp-json\/wp\/v2\/product\/282185","targetHints":{"allow":["GET"]}}],"collection":[{"href":"https:\/\/www.huntersfriend.eu\/de\/wp-json\/wp\/v2\/product"}],"about":[{"href":"https:\/\/www.huntersfriend.eu\/de\/wp-json\/wp\/v2\/types\/product"}],"replies":[{"embeddable":true,"href":"https:\/\/www.huntersfriend.eu\/de\/wp-json\/wp\/v2\/comments?post=282185"}],"wp:featuredmedia":[{"embeddable":true,"href":"https:\/\/www.huntersfriend.eu\/de\/wp-json\/wp\/v2\/media\/231962"}],"wp:attachment":[{"href":"https:\/\/www.huntersfriend.eu\/de\/wp-json\/wp\/v2\/media?parent=282185"}],"wp:term":[{"taxonomy":"product_brand","embeddable":true,"href":"https:\/\/www.huntersfriend.eu\/de\/wp-json\/wp\/v2\/product_brand?post=282185"},{"taxonomy":"product_cat","embeddable":true,"href":"https:\/\/www.huntersfriend.eu\/de\/wp-json\/wp\/v2\/product_cat?post=282185"},{"taxonomy":"product_tag","embeddable":true,"href":"https:\/\/www.huntersfriend.eu\/de\/wp-json\/wp\/v2\/product_tag?post=282185"}],"curies":[{"name":"wp","href":"https:\/\/api.w.org\/{rel}","templated":true}]}}