{"id":282182,"date":"2022-05-31T15:07:55","date_gmt":"2025-06-23T10:53:39","guid":{"rendered":"https:\/\/www.huntersfriend.eu\/product\/decut-ersatz-pfeilsaegeblatt\/"},"modified":"2026-04-28T20:03:21","modified_gmt":"2026-04-28T18:03:21","slug":"decut-ersatz-pfeilsaegeblatt","status":"publish","type":"product","link":"https:\/\/www.huntersfriend.eu\/de\/produkt\/decut-ersatz-pfeilsaegeblatt\/","title":{"rendered":"Decut Ersatz-Pfeils\u00e4geblatt"},"content":{"rendered":"<p>Ersatzs\u00e4geblatt f\u00fcr <strong><a href=\"https:\/\/www.huntersfriend.eu\/de\/produkt\/decut-pro-cut-pfeilschneider\/\">Decut Pro-Cut Arrow Saw<\/a><\/strong><\/p>\n","protected":false},"excerpt":{"rendered":"<p>Ersatzs\u00e4geblatt f\u00fcr <strong><a href=\"https:\/\/www.huntersfriend.eu\/de\/produkt\/decut-pro-cut-pfeilschneider\/\">Decut Pro-Cut Arrow Saw<\/a><\/strong><\/p>\n","protected":false},"featured_media":231519,"comment_status":"open","ping_status":"closed","template":"","meta":[],"product_brand":[],"product_cat":[1175],"product_tag":[],"class_list":{"0":"post-282182","1":"product","2":"type-product","3":"status-publish","4":"has-post-thumbnail","6":"product_cat-pfeilsaegen-und-waagen","8":"first","9":"onbackorder","10":"taxable","11":"shipping-taxable","12":"purchasable","13":"product-type-simple"},"composite_virtual":false,"composite_layout":"","composite_add_to_cart_form_location":"","composite_editable_in_cart":false,"composite_sold_individually_context":"","composite_shop_price_calc":"","composite_components":[],"composite_scenarios":[],"group_of_quantity":0,"min_quantity":0,"max_quantity":"","exclude_order_quantity_value_rules":"no","exclude_category_quantity_rules":"no","combine_variations":"no","exclude_global_add_ons":[],"addons":[],"_links":{"self":[{"href":"https:\/\/www.huntersfriend.eu\/de\/wp-json\/wp\/v2\/product\/282182","targetHints":{"allow":["GET"]}}],"collection":[{"href":"https:\/\/www.huntersfriend.eu\/de\/wp-json\/wp\/v2\/product"}],"about":[{"href":"https:\/\/www.huntersfriend.eu\/de\/wp-json\/wp\/v2\/types\/product"}],"replies":[{"embeddable":true,"href":"https:\/\/www.huntersfriend.eu\/de\/wp-json\/wp\/v2\/comments?post=282182"}],"wp:featuredmedia":[{"embeddable":true,"href":"https:\/\/www.huntersfriend.eu\/de\/wp-json\/wp\/v2\/media\/231519"}],"wp:attachment":[{"href":"https:\/\/www.huntersfriend.eu\/de\/wp-json\/wp\/v2\/media?parent=282182"}],"wp:term":[{"taxonomy":"product_brand","embeddable":true,"href":"https:\/\/www.huntersfriend.eu\/de\/wp-json\/wp\/v2\/product_brand?post=282182"},{"taxonomy":"product_cat","embeddable":true,"href":"https:\/\/www.huntersfriend.eu\/de\/wp-json\/wp\/v2\/product_cat?post=282182"},{"taxonomy":"product_tag","embeddable":true,"href":"https:\/\/www.huntersfriend.eu\/de\/wp-json\/wp\/v2\/product_tag?post=282182"}],"curies":[{"name":"wp","href":"https:\/\/api.w.org\/{rel}","templated":true}]}}