{"id":282177,"date":"2022-05-31T14:57:09","date_gmt":"2025-06-23T10:53:37","guid":{"rendered":"https:\/\/www.huntersfriend.eu\/product\/work-sharp-pivot-pro-schaerfgeraet\/"},"modified":"2026-04-22T14:53:28","modified_gmt":"2026-04-22T12:53:28","slug":"work-sharp-pivot-pro-schaerfgeraet","status":"publish","type":"product","link":"https:\/\/www.huntersfriend.eu\/de\/produkt\/work-sharp-pivot-pro-schaerfgeraet\/","title":{"rendered":"Work Sharp Pivot Pro Sch\u00e4rfger\u00e4t"},"content":{"rendered":"<p>Der Pivot PRO Messer- &amp; Werkzeugsch\u00e4rfer\u00ae ist das funktionsreichste Mitglied der Pivot-Serie. Er stellt die werkseitige Sch\u00e4rfe von Messern und einer Vielzahl von Schneidwerkzeugen in k\u00fcrzester Zeit wieder her. 25\u00b0 Convex-Carbide\u00ae Sch\u00e4rfklingen stellen schnell eine scharfe Schneide wieder her, w\u00e4hrend die feink\u00f6rnigen Keramikst\u00e4be eine Messerklinge auf werkseitige Sch\u00e4rfe abziehen.  <\/p>\n<p>\u00dcber das Messersch\u00e4rfen hinaus verf\u00fcgt er \u00fcber zwei zus\u00e4tzliche spezielle Sch\u00e4rfmodule, eines f\u00fcr feine Garten- und Landschaftspflegewerkzeuge und ein weiteres f\u00fcr Scheren. Eine 320er K\u00f6rnung Diamantplatte bietet die perfekte L\u00f6sung f\u00fcr das Sch\u00e4rfen einer breiten Palette von Klingen, einschlie\u00dflich \u00c4xten. <\/p>\n<p>Das handgehaltene Design ist sowohl f\u00fcr den Einsatz auf einer Werkbank oder Arbeitsplatte als auch im Garten oder im Lager effektiv. Der Scheren-Sch\u00e4rfer kann vom Griff entfernt werden, um ihn bequem dort einzusetzen, wo und wann Sie ihn ben\u00f6tigen. <\/p>\n<p>Sch\u00e4rft Messer, Scheren, Gartenwerkzeuge, Gartenscheren, Heckenscheren und mehr.<\/p>\n<ul>\n<li>Sch\u00e4rfen auf konvexem Karbid, Abziehen auf Keramik<\/li>\n<li>Kompaktes, transportables Design<\/li>\n<li>Diamantplatte f\u00fcr Schneidwerkzeuge<\/li>\n<li>Scheren- &amp; Rasenm\u00e4herwerkzeug<\/li>\n<li>Karbid-Sch\u00e4rfer<\/li>\n<\/ul>\n","protected":false},"excerpt":{"rendered":"<p>Der Pivot PRO Messer- &amp; Werkzeugsch\u00e4rfer\u00ae ist das funktionsreichste Mitglied der Pivot-Serie. Er stellt die werkseitige Sch\u00e4rfe von Messern und einer Vielzahl von Schneidwerkzeugen in k\u00fcrzester Zeit wieder her. 25\u00b0 Convex-Carbide\u00ae Sch\u00e4rfklingen stellen schnell eine scharfe Schneide wieder her, w\u00e4hrend die feink\u00f6rnigen Keramikst\u00e4be eine Messerklinge auf werkseitige Sch\u00e4rfe abziehen. \u00dcber das Messersch\u00e4rfen hinaus verf\u00fcgt er [&#8230;]\n","protected":false},"featured_media":231872,"comment_status":"open","ping_status":"closed","template":"","meta":[],"product_brand":[],"product_cat":[1134],"product_tag":[],"class_list":{"0":"post-282177","1":"product","2":"type-product","3":"status-publish","4":"has-post-thumbnail","6":"product_cat-messer-aexte-und-schaerfer","8":"first","9":"instock","10":"taxable","11":"shipping-taxable","12":"purchasable","13":"product-type-simple"},"composite_virtual":false,"composite_layout":"","composite_add_to_cart_form_location":"","composite_editable_in_cart":false,"composite_sold_individually_context":"","composite_shop_price_calc":"","composite_components":[],"composite_scenarios":[],"group_of_quantity":0,"min_quantity":0,"max_quantity":"","exclude_order_quantity_value_rules":"no","exclude_category_quantity_rules":"no","combine_variations":"no","exclude_global_add_ons":[],"addons":[],"_links":{"self":[{"href":"https:\/\/www.huntersfriend.eu\/de\/wp-json\/wp\/v2\/product\/282177","targetHints":{"allow":["GET"]}}],"collection":[{"href":"https:\/\/www.huntersfriend.eu\/de\/wp-json\/wp\/v2\/product"}],"about":[{"href":"https:\/\/www.huntersfriend.eu\/de\/wp-json\/wp\/v2\/types\/product"}],"replies":[{"embeddable":true,"href":"https:\/\/www.huntersfriend.eu\/de\/wp-json\/wp\/v2\/comments?post=282177"}],"wp:featuredmedia":[{"embeddable":true,"href":"https:\/\/www.huntersfriend.eu\/de\/wp-json\/wp\/v2\/media\/231872"}],"wp:attachment":[{"href":"https:\/\/www.huntersfriend.eu\/de\/wp-json\/wp\/v2\/media?parent=282177"}],"wp:term":[{"taxonomy":"product_brand","embeddable":true,"href":"https:\/\/www.huntersfriend.eu\/de\/wp-json\/wp\/v2\/product_brand?post=282177"},{"taxonomy":"product_cat","embeddable":true,"href":"https:\/\/www.huntersfriend.eu\/de\/wp-json\/wp\/v2\/product_cat?post=282177"},{"taxonomy":"product_tag","embeddable":true,"href":"https:\/\/www.huntersfriend.eu\/de\/wp-json\/wp\/v2\/product_tag?post=282177"}],"curies":[{"name":"wp","href":"https:\/\/api.w.org\/{rel}","templated":true}]}}