{"id":282160,"date":"2022-05-25T15:42:14","date_gmt":"2022-05-25T13:42:14","guid":{"rendered":"https:\/\/www.huntersfriend.eu\/product\/meindl-dovre-extreme-gtx-wide\/"},"modified":"2026-03-04T12:52:45","modified_gmt":"2026-03-04T10:52:45","slug":"meindl-dovre-extreme-gtx-wide","status":"publish","type":"product","link":"https:\/\/www.huntersfriend.eu\/de\/produkt\/meindl-dovre-extreme-gtx-wide\/","title":{"rendered":"Meindl Dovre Extreme GTX\u00ae Wide"},"content":{"rendered":"<p data-start=\"0\" data-end=\"478\">Der Meindl Dovre Extreme GTX\u00ae Wide ist ein hochwertiger, hochgeschnittener Jagdstiefel, der f\u00fcr den aktiven J\u00e4ger und Outdoor-Enthusiasten konzipiert wurde, der nach robustem Schuhwerk sucht. Das Material des Stiefels besteht aus erstklassigem gewachstem Nubukleder. Die atmungsaktive, wasserdichte und winddichte GORE-TEX-Membran h\u00e4lt Ihre F\u00fc\u00dfe auch bei Bewegung trocken. Die Vibram Multigriff-Sohle ist robust und fest, selbst auf unebenem Gel\u00e4nde. Der Stiefel verf\u00fcgt \u00fcber einen hohen Gummischutz, der den Schuh sch\u00fctzt und seine Lebensdauer verl\u00e4ngert.    <\/p>\n<p data-start=\"480\" data-end=\"673\" data-is-only-node=\"\" data-is-last-node=\"\">Farbe: Braun<br data-start=\"492\" data-end=\"495\">Obermaterial: Gewachstes Nubukleder<br data-start=\"531\" data-end=\"534\">Futter: GORE-TEX<br data-start=\"550\" data-end=\"553\">Fu\u00dfbett: AIR-ACTIVE\u00ae SOFT PRINT dry sole, breiteres Modell<br data-start=\"606\" data-end=\"609\">Sohle: Meindl Multigriff\u00ae von Vibram\u00ae<br data-start=\"644\" data-end=\"647\">Gewicht: 930 g<\/p>\n<p data-start=\"480\" data-end=\"673\" data-is-only-node=\"\" data-is-last-node=\"\">Achtung! &#8211; Unsere Lemonsize ist UK-Gr\u00f6\u00dfe<br \/>\n<br data-start=\"659\" data-end=\"662\">Gr\u00f6\u00dfentabelle:<\/p>\n<table class=\"table table-striped table-bordered\">\n<thead>\n<tr>\n<th>EU<\/th>\n<th>US<\/th>\n<th>UK<\/th>\n<th>FERSE BIS ZEHE<\/th>\n<\/tr>\n<\/thead>\n<tbody>\n<tr>\n<td>36<\/td>\n<td>4,5<\/td>\n<td>3,5<\/td>\n<td>23 cm<\/td>\n<\/tr>\n<tr>\n<td>37<\/td>\n<td>5<\/td>\n<td>4<\/td>\n<td>23,5 cm<\/td>\n<\/tr>\n<tr>\n<td>37,5<\/td>\n<td>5,5<\/td>\n<td>4,5<\/td>\n<td>24 cm<\/td>\n<\/tr>\n<tr>\n<td>38<\/td>\n<td>6<\/td>\n<td>5<\/td>\n<td>24,5 cm<\/td>\n<\/tr>\n<tr>\n<td>39<\/td>\n<td>6,5<\/td>\n<td>5,5<\/td>\n<td>25 cm<\/td>\n<\/tr>\n<tr>\n<td>39,5<\/td>\n<td>7<\/td>\n<td>6<\/td>\n<td>25,25 cm<\/td>\n<\/tr>\n<tr>\n<td>40<\/td>\n<td>7,5<\/td>\n<td>6,5<\/td>\n<td>25,5 cm<\/td>\n<\/tr>\n<tr>\n<td>41<\/td>\n<td>8<\/td>\n<td>7<\/td>\n<td>26 cm<\/td>\n<\/tr>\n<tr>\n<td>41,5<\/td>\n<td>8,5<\/td>\n<td>7,5<\/td>\n<td>26,5 cm<\/td>\n<\/tr>\n<tr>\n<td>42<\/td>\n<td>9<\/td>\n<td>8<\/td>\n<td>27 cm<\/td>\n<\/tr>\n<tr>\n<td>42,5<\/td>\n<td>9,5<\/td>\n<td>8,5<\/td>\n<td>27,5 cm<\/td>\n<\/tr>\n<tr>\n<td>43<\/td>\n<td>10<\/td>\n<td>9<\/td>\n<td>28 cm<\/td>\n<\/tr>\n<tr>\n<td>44<\/td>\n<td>10,5<\/td>\n<td>9,5<\/td>\n<td>28,25 cm<\/td>\n<\/tr>\n<tr>\n<td>44,5<\/td>\n<td>11<\/td>\n<td>10<\/td>\n<td>28,5 cm<\/td>\n<\/tr>\n<tr>\n<td>45<\/td>\n<td>11,5<\/td>\n<td>10,5<\/td>\n<td>29 cm<\/td>\n<\/tr>\n<tr>\n<td>46<\/td>\n<td>12<\/td>\n<td>11<\/td>\n<td>29,5 cm<\/td>\n<\/tr>\n<tr>\n<td>46,5<\/td>\n<td>12,5<\/td>\n<td>11,5<\/td>\n<td>30 cm<\/td>\n<\/tr>\n<tr>\n<td>47<\/td>\n<td>13<\/td>\n<td>12<\/td>\n<td>30,5 cm<\/td>\n<\/tr>\n<tr>\n<td>48<\/td>\n<td>13,5<\/td>\n<td>12,5<\/td>\n<td>30,75 cm<\/td>\n<\/tr>\n<tr>\n<td>48,5<\/td>\n<td>14<\/td>\n<td>13<\/td>\n<td>31 cm<\/td>\n<\/tr>\n<tr>\n<td>49<\/td>\n<td>14,5<\/td>\n<td>13,5<\/td>\n<td>31,5 cm<\/td>\n<\/tr>\n<tr>\n<td>49,5<\/td>\n<td>15<\/td>\n<td>14<\/td>\n<td>32 cm<\/td>\n<\/tr>\n<tr>\n<td>50,5<\/td>\n<td>15,5<\/td>\n<td>14,5<\/td>\n<td>32,5 cm<\/td>\n<\/tr>\n<tr>\n<td>51<\/td>\n<td>16<\/td>\n<td>15<\/td>\n<td>33 cm<\/td>\n<\/tr>\n<\/tbody>\n<\/table>\n","protected":false},"excerpt":{"rendered":"<p>Klassischer Jagdstiefel mit breiterem Fu\u00dfbett<\/p>\n","protected":false},"featured_media":277201,"comment_status":"open","ping_status":"closed","template":"","meta":[],"product_brand":[],"product_cat":[2835,1129],"product_tag":[],"class_list":{"0":"post-282160","1":"product","2":"type-product","3":"status-publish","4":"has-post-thumbnail","6":"product_cat-jaktkangor","7":"product_cat-jagd-stiefel","8":"product_shipping_class-medium-de","10":"first","11":"instock","12":"taxable","13":"shipping-taxable","14":"purchasable","15":"product-type-variable"},"composite_virtual":false,"composite_layout":"","composite_add_to_cart_form_location":"","composite_editable_in_cart":false,"composite_sold_individually_context":"","composite_shop_price_calc":"","composite_components":[],"composite_scenarios":[],"group_of_quantity":0,"min_quantity":0,"max_quantity":"","exclude_order_quantity_value_rules":"no","exclude_category_quantity_rules":"no","combine_variations":"no","exclude_global_add_ons":[],"addons":[],"_links":{"self":[{"href":"https:\/\/www.huntersfriend.eu\/de\/wp-json\/wp\/v2\/product\/282160","targetHints":{"allow":["GET"]}}],"collection":[{"href":"https:\/\/www.huntersfriend.eu\/de\/wp-json\/wp\/v2\/product"}],"about":[{"href":"https:\/\/www.huntersfriend.eu\/de\/wp-json\/wp\/v2\/types\/product"}],"replies":[{"embeddable":true,"href":"https:\/\/www.huntersfriend.eu\/de\/wp-json\/wp\/v2\/comments?post=282160"}],"wp:featuredmedia":[{"embeddable":true,"href":"https:\/\/www.huntersfriend.eu\/de\/wp-json\/wp\/v2\/media\/277201"}],"wp:attachment":[{"href":"https:\/\/www.huntersfriend.eu\/de\/wp-json\/wp\/v2\/media?parent=282160"}],"wp:term":[{"taxonomy":"product_brand","embeddable":true,"href":"https:\/\/www.huntersfriend.eu\/de\/wp-json\/wp\/v2\/product_brand?post=282160"},{"taxonomy":"product_cat","embeddable":true,"href":"https:\/\/www.huntersfriend.eu\/de\/wp-json\/wp\/v2\/product_cat?post=282160"},{"taxonomy":"product_tag","embeddable":true,"href":"https:\/\/www.huntersfriend.eu\/de\/wp-json\/wp\/v2\/product_tag?post=282160"}],"curies":[{"name":"wp","href":"https:\/\/api.w.org\/{rel}","templated":true}]}}