{"id":282155,"date":"2022-05-31T14:57:07","date_gmt":"2025-06-23T10:53:29","guid":{"rendered":"https:\/\/www.huntersfriend.eu\/product\/work-sharp-messer-und-werkzeugschaerfer-mk-2\/"},"modified":"2025-08-27T10:58:55","modified_gmt":"2025-08-27T08:58:55","slug":"work-sharp-messer-und-werkzeugschaerfer-mk-2","status":"publish","type":"product","link":"https:\/\/www.huntersfriend.eu\/de\/produkt\/work-sharp-messer-und-werkzeugschaerfer-mk-2\/","title":{"rendered":"Work Sharp Messer- und Werkzeugsch\u00e4rfer MK 2"},"content":{"rendered":"<p class=\"has-medium-font-size\">Der Messer- und Werkzeugsch\u00e4rfer ist die perfekte L\u00f6sung f\u00fcr den DIY-Enthusiasten und begeisterten Messer- und Werkzeugbenutzer.<\/p>\n<p class=\"has-medium-font-size\">Er sch\u00e4rft jedes Messer und Werkzeug in Ihrem Besitz unter Verwendung flexibler B\u00e4nder, Sch\u00e4rff\u00fchrungen und eines Zweigangmotors. Dies macht den Sch\u00e4rfvorgang schneller, einfacher und vielseitiger als je zuvor. <\/p>\n<p class=\"has-medium-font-size\">Die Kombination aus Zweigangsteuerung, 20\u00b0\/25\u00b0-Pr\u00e4zisionsmesserf\u00fchrung und flexiblen Schleifb\u00e4ndern erm\u00f6glicht es Ihnen, Ihre Klingen mit Geschwindigkeit, Leichtigkeit und Wiederholbarkeit auf ein haarspaltend scharfes Ergebnis zu bringen.<\/p>\n<p class=\"has-medium-font-size\">Dies ist der schnellste und einfachste Weg, um Ihre Messer so scharf zu bekommen, wie Sie es ben\u00f6tigen. Jedes Mal. <\/p>\n<p>220 Volt<\/p>\n<p><strong>LIEFERUMFANG<\/strong><\/p>\n<ul>\n<li>Work Sharp mk.2 Messer- und Werkzeugsch\u00e4rfer <\/li>\n<li>20\u00b0- und 25\u00b0-Sch\u00e4rff\u00fchrung<\/li>\n<li>65\u00b0-Scherenf\u00fchrung<\/li>\n<li>(2) P80 grobe Schleifb\u00e4nder<\/li>\n<li>(2) P220 mittlere Schleifb\u00e4nder<\/li>\n<li>(2) 6000 feine Schleifb\u00e4nder<\/li>\n<li><a href=\"https:\/\/www.worksharptools.com\/app\/uploads\/2021\/03\/WSKTS2-Users-Guide-Web-Rev1.pdf\" target=\"_blank\" rel=\"noopener\">Benutzerhandbuch<\/a> und Kurzanleitung<\/li>\n<\/ul>\n","protected":false},"excerpt":{"rendered":"<p>Der Messer- und Werkzeugsch\u00e4rfer ist die perfekte L\u00f6sung f\u00fcr den DIY-Enthusiasten und begeisterten Messer- und Werkzeugbenutzer. Er sch\u00e4rft jedes Messer und Werkzeug in Ihrem Besitz unter Verwendung flexibler B\u00e4nder, Sch\u00e4rff\u00fchrungen und eines Zweigangmotors. Dies macht den Sch\u00e4rfvorgang schneller, einfacher und vielseitiger als je zuvor. Die Kombination aus Zweigangsteuerung, 20\u00b0\/25\u00b0-Pr\u00e4zisionsmesserf\u00fchrung und flexiblen Schleifb\u00e4ndern erm\u00f6glicht es Ihnen, [&#8230;]\n","protected":false},"featured_media":231855,"comment_status":"open","ping_status":"closed","template":"","meta":[],"product_brand":[],"product_cat":[1134],"product_tag":[],"class_list":{"0":"post-282155","1":"product","2":"type-product","3":"status-publish","4":"has-post-thumbnail","6":"product_cat-messer-aexte-und-schaerfer","8":"first","9":"instock","10":"taxable","11":"shipping-taxable","12":"purchasable","13":"product-type-simple"},"composite_virtual":false,"composite_layout":"","composite_add_to_cart_form_location":"","composite_editable_in_cart":false,"composite_sold_individually_context":"","composite_shop_price_calc":"","composite_components":[],"composite_scenarios":[],"group_of_quantity":0,"min_quantity":0,"max_quantity":"","exclude_order_quantity_value_rules":"no","exclude_category_quantity_rules":"no","combine_variations":"no","exclude_global_add_ons":[],"addons":[],"_links":{"self":[{"href":"https:\/\/www.huntersfriend.eu\/de\/wp-json\/wp\/v2\/product\/282155","targetHints":{"allow":["GET"]}}],"collection":[{"href":"https:\/\/www.huntersfriend.eu\/de\/wp-json\/wp\/v2\/product"}],"about":[{"href":"https:\/\/www.huntersfriend.eu\/de\/wp-json\/wp\/v2\/types\/product"}],"replies":[{"embeddable":true,"href":"https:\/\/www.huntersfriend.eu\/de\/wp-json\/wp\/v2\/comments?post=282155"}],"wp:featuredmedia":[{"embeddable":true,"href":"https:\/\/www.huntersfriend.eu\/de\/wp-json\/wp\/v2\/media\/231855"}],"wp:attachment":[{"href":"https:\/\/www.huntersfriend.eu\/de\/wp-json\/wp\/v2\/media?parent=282155"}],"wp:term":[{"taxonomy":"product_brand","embeddable":true,"href":"https:\/\/www.huntersfriend.eu\/de\/wp-json\/wp\/v2\/product_brand?post=282155"},{"taxonomy":"product_cat","embeddable":true,"href":"https:\/\/www.huntersfriend.eu\/de\/wp-json\/wp\/v2\/product_cat?post=282155"},{"taxonomy":"product_tag","embeddable":true,"href":"https:\/\/www.huntersfriend.eu\/de\/wp-json\/wp\/v2\/product_tag?post=282155"}],"curies":[{"name":"wp","href":"https:\/\/api.w.org\/{rel}","templated":true}]}}