{"id":282150,"date":"2022-05-25T15:42:07","date_gmt":"2025-06-23T10:53:28","guid":{"rendered":"https:\/\/www.huntersfriend.eu\/product\/kamik-icebreaker\/"},"modified":"2025-07-25T05:14:12","modified_gmt":"2025-07-25T03:14:12","slug":"kamik-icebreaker","status":"publish","type":"product","link":"https:\/\/www.huntersfriend.eu\/de\/produkt\/kamik-icebreaker\/","title":{"rendered":"Kamik Icebreaker"},"content":{"rendered":"<p>Die Icebreaker Gummiarbeitsstiefel f\u00fcr Herren werden Sie unter allen Wetter- und Gel\u00e4ndebedingungen einsatzbereit halten. Diese Winterstiefel sind leicht, zu 100% wasserdicht und verf\u00fcgen \u00fcber Rubber<sup>He<\/sup>-Sohlen f\u00fcr optimalen Halt auf nassen, matschigen oder vereisten Oberfl\u00e4chen. Wenn Sie \u00fcberlegene W\u00e4rme, Komfort und Vielseitigkeit suchen, k\u00f6nnen Sie mit dem Icebreaker nichts falsch machen.  <\/p>\n<div id=\"heading-features-amp-specs\" class=\"card-header\">\n<p class=\"mb-0\"><strong>Eigenschaften &amp; Spezifikationen<\/strong><\/p>\n<\/div>\n<div id=\"collapse-features-amp-specs\" class=\"collapse show\" aria-labelledby=\"heading-features-amp-specs\">\n<div class=\"card-body\">\n<ul>\n<li>H\u00f6he: 35,5 cm<\/li>\n<li>Gewicht: 1814g pro Paar<\/li>\n<li>Umfang (basierend auf Gr\u00f6\u00dfe 9): 405 mm<\/li>\n<\/ul>\n<p><strong>Hergestellt in Kanada mit inl\u00e4ndischen und importierten Materialien<\/strong><\/p>\n<ul>\n<li>Komfortabel bis -40\u00b0C<\/li>\n<li>Vegan-freundlich<\/li>\n<\/ul>\n<p><strong>OBERMATERIAL<\/strong><\/p>\n<ul>\n<li>Wasserdichter und leichter synthetischer Rubber<sup>He-Stiefel<\/sup><\/li>\n<li>Verstellbarer Nylonkragen<\/li>\n<li>8 mm Zylex\u00ae herausnehmbares Futter (97% recycelter Inhalt)<\/li>\n<li>Feuchtigkeitsableitende Innenfutter<\/li>\n<\/ul>\n<p><strong>AUSSENSOHLE<\/strong><\/p>\n<ul>\n<li>\u00d6l- und s\u00e4urebest\u00e4ndig<\/li>\n<li>TRACKER leichte synthetische Rubber<sup>He<\/sup>-Au\u00dfensohle<\/li>\n<li>Propriet\u00e4re Technologie bietet \u00fcberlegene Traktion und Flexibilit\u00e4t<\/li>\n<\/ul>\n<\/div>\n<\/div>\n","protected":false},"excerpt":{"rendered":"<p><a href=\"https:\/\/www.huntersfriend.eu\/app\/uploads\/2022\/05\/kamik-kokotaulukko-miehet.png\"><strong>Gr\u00f6\u00dfentabelle<\/strong><\/a><\/p>\n","protected":false},"featured_media":231070,"comment_status":"open","ping_status":"closed","template":"","meta":[],"product_brand":[],"product_cat":[1385,1207],"product_tag":[],"class_list":{"0":"post-282150","1":"product","2":"type-product","3":"status-publish","4":"has-post-thumbnail","6":"product_cat-gummistiefel","7":"product_cat-winter-jagd-stiefel","8":"product_shipping_class-medium-de","10":"first","11":"instock","12":"taxable","13":"shipping-taxable","14":"purchasable","15":"product-type-variable"},"composite_virtual":false,"composite_layout":"","composite_add_to_cart_form_location":"","composite_editable_in_cart":false,"composite_sold_individually_context":"","composite_shop_price_calc":"","composite_components":[],"composite_scenarios":[],"group_of_quantity":0,"min_quantity":0,"max_quantity":"","exclude_order_quantity_value_rules":"no","exclude_category_quantity_rules":"no","combine_variations":"no","exclude_global_add_ons":[],"addons":[],"_links":{"self":[{"href":"https:\/\/www.huntersfriend.eu\/de\/wp-json\/wp\/v2\/product\/282150","targetHints":{"allow":["GET"]}}],"collection":[{"href":"https:\/\/www.huntersfriend.eu\/de\/wp-json\/wp\/v2\/product"}],"about":[{"href":"https:\/\/www.huntersfriend.eu\/de\/wp-json\/wp\/v2\/types\/product"}],"replies":[{"embeddable":true,"href":"https:\/\/www.huntersfriend.eu\/de\/wp-json\/wp\/v2\/comments?post=282150"}],"wp:featuredmedia":[{"embeddable":true,"href":"https:\/\/www.huntersfriend.eu\/de\/wp-json\/wp\/v2\/media\/231070"}],"wp:attachment":[{"href":"https:\/\/www.huntersfriend.eu\/de\/wp-json\/wp\/v2\/media?parent=282150"}],"wp:term":[{"taxonomy":"product_brand","embeddable":true,"href":"https:\/\/www.huntersfriend.eu\/de\/wp-json\/wp\/v2\/product_brand?post=282150"},{"taxonomy":"product_cat","embeddable":true,"href":"https:\/\/www.huntersfriend.eu\/de\/wp-json\/wp\/v2\/product_cat?post=282150"},{"taxonomy":"product_tag","embeddable":true,"href":"https:\/\/www.huntersfriend.eu\/de\/wp-json\/wp\/v2\/product_tag?post=282150"}],"curies":[{"name":"wp","href":"https:\/\/api.w.org\/{rel}","templated":true}]}}