{"id":282147,"date":"2022-05-31T14:57:07","date_gmt":"2025-06-23T10:53:27","guid":{"rendered":"https:\/\/www.huntersfriend.eu\/product\/work-sharp-praezisions-messerschaerfer-mit-einstellbarem-winkel\/"},"modified":"2026-02-25T10:36:20","modified_gmt":"2026-02-25T08:36:20","slug":"work-sharp-praezisions-messerschaerfer-mit-einstellbarem-winkel","status":"publish","type":"product","link":"https:\/\/www.huntersfriend.eu\/de\/produkt\/work-sharp-praezisions-messerschaerfer-mit-einstellbarem-winkel\/","title":{"rendered":"Work Sharp Pr\u00e4zisions-Messersch\u00e4rfer mit einstellbarem Winkel"},"content":{"rendered":"<p>F\u00fcr diejenigen, die vollst\u00e4ndige Kontrolle \u00fcber den Sch\u00e4rfvorgang w\u00fcnschen, ist der Precision Adjust Knife Sharpener\u00ae ein winkelverstellbares Messersch\u00e4rfsystem mit drei Schleifk\u00f6rnungen, das Pr\u00e4zision und Wiederholbarkeit gew\u00e4hrleistet, indem es sowohl den Schneidenwinkel als auch die Klinge gleichzeitig kontrolliert.<\/p>\n<p>Der Sch\u00e4rfwinkel l\u00e4sst sich einfach von 15\u00b0 bis 30\u00b0 in 1\u00b0-Schritten einstellen, um jedes Messer in Ihrem Besitz zu sch\u00e4rfen. Tri-Brasive\u00ae beinhaltet 320er Grob- und 600er Fein-Diamantplatten, um schnell eine scharfe Schneide wiederherzustellen, sowie einen feinen Keramikstein, um eine unglaublich scharfe Schneide an Ihren Messern zu erzielen. <\/p>\n<p>Das innovative V-Block-Klemmendesign sichert das Messer schnell und sicher und rotiert auf Knopfdruck um 180\u00b0, was den Sch\u00e4rfvorgang beschleunigt und erleichtert. Die Sch\u00e4rfbasis bietet eine stabile Plattform f\u00fcr das Sch\u00e4rfen auf der Werkbank. <\/p>\n<p>Vom Lieblingsmesser in der K\u00fcche bis zum stark beanspruchten EDC-Messer kann der Precision Adjust sie alle bew\u00e4ltigen und jedes Mal hervorragende Ergebnisse liefern.<\/p>\n<ul>\n<li>Stangen- und Klemmensch\u00e4rfer, konzipiert mit Blick auf Benutzerfreundlichkeit und Sicherheit.<\/li>\n<li>15\u00b0 \u2013 30\u00b0 Winkelf\u00fchrungen<\/li>\n<li>Enth\u00e4lt 320er Grob- und 600er Fein-Diamant, feines Keramik<\/li>\n<\/ul>\n<p><strong>Was ist im Lieferumfang enthalten?<\/strong><\/p>\n<ul>\n<li>Tri-brasive\u00ae Sch\u00e4rfstein: 320  600 K\u00f6rnung Diamant, feines Keramik<\/li>\n<li>Winkelverstellbares Sch\u00e4rfgeh\u00e4use<\/li>\n<li>Werkbank-Sch\u00e4rfbasis<\/li>\n<li>Messerklammer<\/li>\n<li>Sch\u00e4rfgleitstange<\/li>\n<li><strong><a href=\"https:\/\/www.worksharptools.com\/app\/uploads\/2020\/11\/PP0004508-Rev-1-Precision-Adjust-User-Guide-Web.pdf\" target=\"_blank\" rel=\"noopener\">Bedienungsanleitung<\/a><\/strong><\/li>\n<\/ul>\n","protected":false},"excerpt":{"rendered":"<p>F\u00fcr diejenigen, die vollst\u00e4ndige Kontrolle \u00fcber den Sch\u00e4rfvorgang w\u00fcnschen, ist der Precision Adjust Knife Sharpener\u00ae ein winkelverstellbares Messersch\u00e4rfsystem mit drei Schleifk\u00f6rnungen, das Pr\u00e4zision und Wiederholbarkeit gew\u00e4hrleistet, indem es sowohl den Schneidenwinkel als auch die Klinge gleichzeitig kontrolliert. Der Sch\u00e4rfwinkel l\u00e4sst sich einfach von 15\u00b0 bis 30\u00b0 in 1\u00b0-Schritten einstellen, um jedes Messer in Ihrem Besitz [&#8230;]\n","protected":false},"featured_media":231888,"comment_status":"open","ping_status":"closed","template":"","meta":[],"product_brand":[],"product_cat":[2610],"product_tag":[],"class_list":{"0":"post-282147","1":"product","2":"type-product","3":"status-publish","4":"has-post-thumbnail","6":"product_cat-knivar-yxor-och-slipar","8":"first","9":"instock","10":"taxable","11":"shipping-taxable","12":"purchasable","13":"product-type-simple"},"composite_virtual":false,"composite_layout":"","composite_add_to_cart_form_location":"","composite_editable_in_cart":false,"composite_sold_individually_context":"","composite_shop_price_calc":"","composite_components":[],"composite_scenarios":[],"group_of_quantity":0,"min_quantity":0,"max_quantity":"","exclude_order_quantity_value_rules":"no","exclude_category_quantity_rules":"no","combine_variations":"no","exclude_global_add_ons":[],"addons":[],"_links":{"self":[{"href":"https:\/\/www.huntersfriend.eu\/de\/wp-json\/wp\/v2\/product\/282147","targetHints":{"allow":["GET"]}}],"collection":[{"href":"https:\/\/www.huntersfriend.eu\/de\/wp-json\/wp\/v2\/product"}],"about":[{"href":"https:\/\/www.huntersfriend.eu\/de\/wp-json\/wp\/v2\/types\/product"}],"replies":[{"embeddable":true,"href":"https:\/\/www.huntersfriend.eu\/de\/wp-json\/wp\/v2\/comments?post=282147"}],"wp:featuredmedia":[{"embeddable":true,"href":"https:\/\/www.huntersfriend.eu\/de\/wp-json\/wp\/v2\/media\/231888"}],"wp:attachment":[{"href":"https:\/\/www.huntersfriend.eu\/de\/wp-json\/wp\/v2\/media?parent=282147"}],"wp:term":[{"taxonomy":"product_brand","embeddable":true,"href":"https:\/\/www.huntersfriend.eu\/de\/wp-json\/wp\/v2\/product_brand?post=282147"},{"taxonomy":"product_cat","embeddable":true,"href":"https:\/\/www.huntersfriend.eu\/de\/wp-json\/wp\/v2\/product_cat?post=282147"},{"taxonomy":"product_tag","embeddable":true,"href":"https:\/\/www.huntersfriend.eu\/de\/wp-json\/wp\/v2\/product_tag?post=282147"}],"curies":[{"name":"wp","href":"https:\/\/api.w.org\/{rel}","templated":true}]}}