{"id":282117,"date":"2022-05-25T15:36:00","date_gmt":"2022-05-25T13:36:00","guid":{"rendered":"https:\/\/www.huntersfriend.eu\/product\/haix-nature-camo-gtx\/"},"modified":"2025-07-05T05:08:38","modified_gmt":"2025-07-05T03:08:38","slug":"haix-nature-camo-gtx","status":"publish","type":"product","link":"https:\/\/www.huntersfriend.eu\/de\/produkt\/haix-nature-camo-gtx\/","title":{"rendered":"Haix Nature Camo GTX"},"content":{"rendered":"<div class=\"col-6-l col-12-sm\">\n<div class=\"img-container \"><span style=\"font-size: 20.16px; text-align: right;\">Wasserdicht dank GORE-TEX\u00ae<\/span><\/div>\n<div class=\"img-container \"><span style=\"color: #555555; text-align: right;\">Ihre F\u00fc\u00dfe bleiben trocken und Sie bleiben gesund, da der Nature Camo GTX dauerhaft wasserdicht und \u00e4u\u00dferst atmungsaktiv ist. Dies wird durch die dreilagige GORE-TEX\u00ae-Membran im gesamten Futter des Nature Camo GTX gew\u00e4hrleistet. <\/span><\/div>\n<div>\n<h3>Besonders rutschfest mit VIBRAM<\/h3>\n<p>Im Nature Camo GTX stehen Sie sicher, da er Ihren Weg auf unebenem Gel\u00e4nde ebnet. Die Sohle des Nature Camo GTX verf\u00fcgt \u00fcber eine optimale Gummimischung und ist daher besonders rutschfest, stabil und steif. Dies ist der VIBRAM-Effekt, der in die Sohle des Nature Camo GTX integriert wurde.  <\/p>\n<h3>Hochwertig und leicht<\/h3>\n<p>Ihr Nature Camo GTX ist aus hochwertigem Nubukleder gefertigt. Das bedeutet, dass Ihr Nature Camo GTX nicht nur eine elegante Optik hat, sondern auch leicht und dennoch robust ist. Zudem verf\u00fcgt er \u00fcber Textileins\u00e4tze, die den Schuh noch atmungsaktiver machen.  <\/p>\n<h3>Entlastende D\u00e4mpfung mit HAIX Absorption<\/h3>\n<p>Sie werden im Nature Camo GTX auch bei mehrst\u00fcndigen Eins\u00e4tzen ein angenehmes Gef\u00fchl erleben. Denn der integrierte D\u00e4mpfungskeil im Inneren federt Ihre Schritte ab. Wir nennen dies HAIX Absorption: f\u00fcr Antrieb auch an langen Arbeitstagen.  <\/p>\n<h3>Atmungsaktiv mit Klimasystem<\/h3>\n<p>Im Nature Camo GTX kann Ihr Fu\u00df atmen, denn ein spezielles Schaumsystem sorgt daf\u00fcr, dass die Luft im Schuh zirkuliert und Feuchtigkeit entweichen kann. Das Klimasystem funktioniert wie eine Klimaanlage im Schuh. <\/p>\n<h3>Pr\u00e4zise Passform dank spezieller Leisten<\/h3>\n<p>Der richtige Schuh f\u00fcr Ihre F\u00fc\u00dfe. Dank speziell entwickelter Leisten passt Ihr Nature Camo GTX perfekt und bietet h\u00f6chsten Tragekomfort, den ganzen Tag lang. <\/p>\n<\/div>\n<p><strong>Gr\u00f6\u00dfentabelle:<\/strong><\/p>\n<\/div>\n<p><img decoding=\"async\" class=\"alignnone wp-image-230973\" src=\"https:\/\/www.huntersfriend.eu\/app\/uploads\/2022\/05\/kokotaulukko-HAIX-600x61.png\" alt=\"\" width=\"925\" height=\"94\" srcset=\"https:\/\/www.huntersfriend.eu\/app\/uploads\/2022\/05\/kokotaulukko-HAIX-600x61.png 600w, https:\/\/www.huntersfriend.eu\/app\/uploads\/2022\/05\/kokotaulukko-HAIX-1024x105.png 1024w, https:\/\/www.huntersfriend.eu\/app\/uploads\/2022\/05\/kokotaulukko-HAIX-768x79.png 768w, https:\/\/www.huntersfriend.eu\/app\/uploads\/2022\/05\/kokotaulukko-HAIX-300x31.png 300w, https:\/\/www.huntersfriend.eu\/app\/uploads\/2022\/05\/kokotaulukko-HAIX-200x20.png 200w, https:\/\/www.huntersfriend.eu\/app\/uploads\/2022\/05\/kokotaulukko-HAIX-190x19.png 190w, https:\/\/www.huntersfriend.eu\/app\/uploads\/2022\/05\/kokotaulukko-HAIX-750x77.png 750w, https:\/\/www.huntersfriend.eu\/app\/uploads\/2022\/05\/kokotaulukko-HAIX.png 1327w\" sizes=\"(max-width: 925px) 100vw, 925px\" \/><\/p>\n","protected":false},"excerpt":{"rendered":"<p><a href=\"https:\/\/www.huntersfriend.eu\/app\/uploads\/2022\/05\/kokotaulukko-HAIX.png\"><strong>Gr\u00f6\u00dfentabelle<\/strong><\/a><\/p>\n","protected":false},"featured_media":230893,"comment_status":"open","ping_status":"closed","template":"","meta":[],"product_brand":[],"product_cat":[1145],"product_tag":[],"class_list":{"0":"post-282117","1":"product","2":"type-product","3":"status-publish","4":"has-post-thumbnail","6":"product_cat-sonstiges","8":"first","9":"instock","10":"taxable","11":"shipping-taxable","12":"purchasable","13":"product-type-variable"},"composite_virtual":false,"composite_layout":"","composite_add_to_cart_form_location":"","composite_editable_in_cart":false,"composite_sold_individually_context":"","composite_shop_price_calc":"","composite_components":[],"composite_scenarios":[],"group_of_quantity":0,"min_quantity":0,"max_quantity":"","exclude_order_quantity_value_rules":"no","exclude_category_quantity_rules":"no","combine_variations":"no","exclude_global_add_ons":[],"addons":[],"_links":{"self":[{"href":"https:\/\/www.huntersfriend.eu\/de\/wp-json\/wp\/v2\/product\/282117","targetHints":{"allow":["GET"]}}],"collection":[{"href":"https:\/\/www.huntersfriend.eu\/de\/wp-json\/wp\/v2\/product"}],"about":[{"href":"https:\/\/www.huntersfriend.eu\/de\/wp-json\/wp\/v2\/types\/product"}],"replies":[{"embeddable":true,"href":"https:\/\/www.huntersfriend.eu\/de\/wp-json\/wp\/v2\/comments?post=282117"}],"wp:featuredmedia":[{"embeddable":true,"href":"https:\/\/www.huntersfriend.eu\/de\/wp-json\/wp\/v2\/media\/230893"}],"wp:attachment":[{"href":"https:\/\/www.huntersfriend.eu\/de\/wp-json\/wp\/v2\/media?parent=282117"}],"wp:term":[{"taxonomy":"product_brand","embeddable":true,"href":"https:\/\/www.huntersfriend.eu\/de\/wp-json\/wp\/v2\/product_brand?post=282117"},{"taxonomy":"product_cat","embeddable":true,"href":"https:\/\/www.huntersfriend.eu\/de\/wp-json\/wp\/v2\/product_cat?post=282117"},{"taxonomy":"product_tag","embeddable":true,"href":"https:\/\/www.huntersfriend.eu\/de\/wp-json\/wp\/v2\/product_tag?post=282117"}],"curies":[{"name":"wp","href":"https:\/\/api.w.org\/{rel}","templated":true}]}}