{"id":282108,"date":"2022-05-25T15:35:54","date_gmt":"2025-06-23T10:53:14","guid":{"rendered":"https:\/\/www.huntersfriend.eu\/product\/kamik-nation-plus-winterstiefel\/"},"modified":"2026-02-25T10:36:11","modified_gmt":"2026-02-25T08:36:11","slug":"kamik-nation-plus-winterstiefel","status":"publish","type":"product","link":"https:\/\/www.huntersfriend.eu\/de\/produkt\/kamik-nation-plus-winterstiefel\/","title":{"rendered":"Kamik Nation Plus Winterstiefel"},"content":{"rendered":"<p>Wenn Sie auf der Suche nach \u00e4u\u00dferst warmen Jagdstiefeln sind, werden diese warmen Winterstiefel Ihre F\u00fc\u00dfe komfortabel und trocken halten. Sie verf\u00fcgen \u00fcber eine nahtversiegelte wasserdichte Konstruktion und HEAT-MX\u2122-Isolierung f\u00fcr zus\u00e4tzliche W\u00e4rme. Aufgrund der wasserdicht versiegelten N\u00e4hte kann kein Wasser in die Stiche oder N\u00e4hte eindringen, wodurch Ihre F\u00fc\u00dfe den ganzen Tag \u00fcber trocken bleiben. Ausgestattet mit hochwertigem und nachhaltigem echtem Leder.   <\/p>\n<p><strong>MERKMALE &amp; SPEZIFIKATIONEN<\/strong><\/p>\n<div id=\"heading-features-amp-specs\" class=\"card-header\"><\/div>\n<div id=\"collapse-features-amp-specs\" class=\"collapse show\" aria-labelledby=\"heading-features-amp-specs\">\n<div class=\"card-body\">\n<ul>\n<li>H\u00f6he: 28,5 cm<\/li>\n<li>Gewicht: 1633g pro Paar<\/li>\n<li>Umfang (basierend auf Gr\u00f6\u00dfe 9): 310 mm<\/li>\n<li>Komfortabel bis -40\u00b0C<\/li>\n<\/ul>\n<p><strong>OBERMATERIAL<\/strong><\/p>\n<ul>\n<li>Nahtversiegelte wasserdichte Oberseite aus echtem Wildleder<\/li>\n<li>Das Leder stammt aus einer Gerberei, die f\u00fcr ihre Wasser-, Energie- und Abfallmanagementpraktiken mit Gold bewertet wurde<\/li>\n<li>Wasserdichte Zungenkonstruktion<\/li>\n<li>Herausnehmbare HEAT-MX\u2122 nachhaltige thermische Isolierungseinlage<\/li>\n<li>Feuchtigkeitsableitende Innenf\u00fctterung<\/li>\n<\/ul>\n<p><strong>AUSSENSOHLE<\/strong><\/p>\n<ul>\n<li>Wasserdichte und flexible synthetische Gummischale<\/li>\n<li>SNOWTREAD synthetische Gummilaufsohle<\/li>\n<li>Tiefe, selbstreinigende Profilnoppen f\u00fcr \u00fcberlegene Traktion im Schnee<\/li>\n<\/ul>\n<\/div>\n<\/div>\n","protected":false},"excerpt":{"rendered":"<p><a href=\"https:\/\/www.huntersfriend.eu\/app\/uploads\/2022\/05\/kamik-kokotaulukko-miehet.png\"><strong>Gr\u00f6\u00dfentabelle<\/strong><\/a><\/p>\n","protected":false},"featured_media":230878,"comment_status":"open","ping_status":"closed","template":"","meta":[],"product_brand":[],"product_cat":[2666,1207],"product_tag":[],"class_list":{"0":"post-282108","1":"product","2":"type-product","3":"status-publish","4":"has-post-thumbnail","6":"product_cat-vinterjaktkangor","7":"product_cat-winter-jagd-stiefel","8":"product_shipping_class-medium-de","10":"first","11":"instock","12":"taxable","13":"shipping-taxable","14":"purchasable","15":"product-type-variable"},"composite_virtual":false,"composite_layout":"","composite_add_to_cart_form_location":"","composite_editable_in_cart":false,"composite_sold_individually_context":"","composite_shop_price_calc":"","composite_components":[],"composite_scenarios":[],"group_of_quantity":0,"min_quantity":0,"max_quantity":"","exclude_order_quantity_value_rules":"no","exclude_category_quantity_rules":"no","combine_variations":"no","exclude_global_add_ons":[],"addons":[],"_links":{"self":[{"href":"https:\/\/www.huntersfriend.eu\/de\/wp-json\/wp\/v2\/product\/282108","targetHints":{"allow":["GET"]}}],"collection":[{"href":"https:\/\/www.huntersfriend.eu\/de\/wp-json\/wp\/v2\/product"}],"about":[{"href":"https:\/\/www.huntersfriend.eu\/de\/wp-json\/wp\/v2\/types\/product"}],"replies":[{"embeddable":true,"href":"https:\/\/www.huntersfriend.eu\/de\/wp-json\/wp\/v2\/comments?post=282108"}],"wp:featuredmedia":[{"embeddable":true,"href":"https:\/\/www.huntersfriend.eu\/de\/wp-json\/wp\/v2\/media\/230878"}],"wp:attachment":[{"href":"https:\/\/www.huntersfriend.eu\/de\/wp-json\/wp\/v2\/media?parent=282108"}],"wp:term":[{"taxonomy":"product_brand","embeddable":true,"href":"https:\/\/www.huntersfriend.eu\/de\/wp-json\/wp\/v2\/product_brand?post=282108"},{"taxonomy":"product_cat","embeddable":true,"href":"https:\/\/www.huntersfriend.eu\/de\/wp-json\/wp\/v2\/product_cat?post=282108"},{"taxonomy":"product_tag","embeddable":true,"href":"https:\/\/www.huntersfriend.eu\/de\/wp-json\/wp\/v2\/product_tag?post=282108"}],"curies":[{"name":"wp","href":"https:\/\/api.w.org\/{rel}","templated":true}]}}