{"id":282082,"date":"2022-05-24T14:17:56","date_gmt":"2025-06-23T10:53:06","guid":{"rendered":"https:\/\/www.huntersfriend.eu\/product\/sitka-damen-cloudburst-hose-optifade-subalpine\/"},"modified":"2025-08-12T04:54:36","modified_gmt":"2025-08-12T02:54:36","slug":"sitka-damen-cloudburst-hose-optifade-subalpine","status":"publish","type":"product","link":"https:\/\/www.huntersfriend.eu\/de\/produkt\/sitka-damen-cloudburst-hose-optifade-subalpine\/","title":{"rendered":"SITKA Damen Cloudburst Hose (Optifade Subalpine)"},"content":{"rendered":"<p>Erlangen Sie vollst\u00e4ndigen Schutz vor Unwettern in einem \u00e4u\u00dferst leichten Paket, das minimalen Platz in Ihrem Rucksack beansprucht. Die wasserdichte Damen Cloudburst Hose ist aus 3-lagigem GORE-TEX-Gewebe gefertigt, auf das Sie sich verlassen k\u00f6nnen. Sie ist zudem atmungsaktiv, was bedeutet, dass Sie selbst bei anstrengenden Bergwanderungen kein unangenehmes, feuchtes Gef\u00fchl an den Beinen versp\u00fcren werden. Eine artikulierte Passform mit Zweiweg-Stretch erweitert Ihren Bewegungsungsspielraum, w\u00e4hrend durchgehende Rei\u00dfverschl\u00fcsse an den Seiten ein einfaches An- und Ausziehen ohne Entfernen der Stiefel erm\u00f6glichen.   <\/p>\n<ul class=\"HeroSpecs__list\">\n<li>\n<p class=\"Hero-desc\"><strong>GORE\u2122 OPTIFADE\u2122 Concealment Subalpine <\/strong>wurde entwickelt, um Wild in baumbedecktem und bewachsenem Gel\u00e4nde vom Boden aus anzupirschen.<\/p>\n<\/li>\n<li>\n<p class=\"Hero-desc\"><strong>GORE-TEX <\/strong>wasserdichtes\/atmungsaktives Gewebe unterst\u00fctzt Sie dabei, komfortabel und fokussiert zu bleiben.<\/p>\n<\/li>\n<li>\n<p class=\"Hero-desc\"><strong>GORE-TEX 3-Lagen<\/strong> Gewebe mit Zweiweg-Stretch.<\/p>\n<\/li>\n<li>\n<p class=\"Hero-desc\"><strong>Durchgehende Rei\u00dfverschl\u00fcsse an den Seiten<\/strong> zur W\u00e4rmeableitung und zum einfachen An- und Ausziehen mit Stiefeln. Mikroverschwei\u00dfte N\u00e4hte f\u00fcr Wetterschutz bei minimalem Volumen.<\/p>\n<\/li>\n<li>\n<p class=\"Hero-desc\"><strong>Mikroverschwei\u00dfte N\u00e4hte<\/strong> f\u00fcr Wetterschutz bei minimalem Volumen<\/p>\n<\/li>\n<li>\n<p class=\"Hero-desc\"><strong>Athlethische, artikulierte Passform <\/strong>reduziert Faltenbildung und Scheuern w\u00e4hrend der Bewegung. Zweiweg-Stretch-Gewebe erm\u00f6glicht einen weiten, komfortablen Bewegungsspielraum.<\/p>\n<\/li>\n<li>\n<p class=\"Hero-desc\"><strong>Zweiweg-Stretch<\/strong> Gewebe erm\u00f6glicht einen weiten, komfortablen Bewegungsspielraum<\/p>\n<\/li>\n<li>\n<p class=\"Hero-desc\"><strong>Verstellbarer<\/strong> Nylon-G\u00fcrtel.<\/p>\n<\/li>\n<li>\n<p class=\"Hero-desc\"><strong>Gewicht:<\/strong> 411 g \/\/ Gr\u00f6\u00dfe: L<\/p>\n<\/li>\n<\/ul>\n<p><a href=\"https:\/\/www.huntersfriend.eu\/app\/uploads\/2022\/05\/Sitka-naisten-kokoatulukko.jpg\"><img decoding=\"async\" class=\"alignnone wp-image-230994 size-medium\" src=\"https:\/\/www.huntersfriend.eu\/app\/uploads\/2022\/05\/Sitka-naisten-kokoatulukko-600x381.jpg\" alt=\"\" width=\"600\" height=\"381\" srcset=\"https:\/\/www.huntersfriend.eu\/app\/uploads\/2022\/05\/Sitka-naisten-kokoatulukko-600x381.jpg 600w, https:\/\/www.huntersfriend.eu\/app\/uploads\/2022\/05\/Sitka-naisten-kokoatulukko-1024x651.jpg 1024w, https:\/\/www.huntersfriend.eu\/app\/uploads\/2022\/05\/Sitka-naisten-kokoatulukko-768x488.jpg 768w, https:\/\/www.huntersfriend.eu\/app\/uploads\/2022\/05\/Sitka-naisten-kokoatulukko-300x191.jpg 300w, https:\/\/www.huntersfriend.eu\/app\/uploads\/2022\/05\/Sitka-naisten-kokoatulukko-200x127.jpg 200w, https:\/\/www.huntersfriend.eu\/app\/uploads\/2022\/05\/Sitka-naisten-kokoatulukko-94x60.jpg 94w, https:\/\/www.huntersfriend.eu\/app\/uploads\/2022\/05\/Sitka-naisten-kokoatulukko-142x90.jpg 142w, https:\/\/www.huntersfriend.eu\/app\/uploads\/2022\/05\/Sitka-naisten-kokoatulukko.jpg 1275w\" sizes=\"(max-width: 600px) 100vw, 600px\" \/><\/a><\/p>\n","protected":false},"excerpt":{"rendered":"<p>Wasserdichte Jagdhosen f\u00fcr Damen.<\/p>\n<p><strong><a href=\"https:\/\/www.huntersfriend.eu\/app\/uploads\/2022\/05\/Sitka-naisten-kokoatulukko.jpg\">Gr\u00f6\u00dfentabelle<\/a><\/strong><\/p>\n","protected":false},"featured_media":230451,"comment_status":"open","ping_status":"closed","template":"","meta":[],"product_brand":[],"product_cat":[2117],"product_tag":[],"class_list":{"0":"post-282082","1":"product","2":"type-product","3":"status-publish","4":"has-post-thumbnail","6":"product_cat-jagdbekleidung-fur-damen","8":"first","9":"outofstock","10":"taxable","11":"shipping-taxable","12":"purchasable","13":"product-type-variable"},"composite_virtual":false,"composite_layout":"","composite_add_to_cart_form_location":"","composite_editable_in_cart":false,"composite_sold_individually_context":"","composite_shop_price_calc":"","composite_components":[],"composite_scenarios":[],"group_of_quantity":0,"min_quantity":0,"max_quantity":"","exclude_order_quantity_value_rules":"no","exclude_category_quantity_rules":"no","combine_variations":"no","exclude_global_add_ons":[],"addons":[],"_links":{"self":[{"href":"https:\/\/www.huntersfriend.eu\/de\/wp-json\/wp\/v2\/product\/282082","targetHints":{"allow":["GET"]}}],"collection":[{"href":"https:\/\/www.huntersfriend.eu\/de\/wp-json\/wp\/v2\/product"}],"about":[{"href":"https:\/\/www.huntersfriend.eu\/de\/wp-json\/wp\/v2\/types\/product"}],"replies":[{"embeddable":true,"href":"https:\/\/www.huntersfriend.eu\/de\/wp-json\/wp\/v2\/comments?post=282082"}],"wp:featuredmedia":[{"embeddable":true,"href":"https:\/\/www.huntersfriend.eu\/de\/wp-json\/wp\/v2\/media\/230451"}],"wp:attachment":[{"href":"https:\/\/www.huntersfriend.eu\/de\/wp-json\/wp\/v2\/media?parent=282082"}],"wp:term":[{"taxonomy":"product_brand","embeddable":true,"href":"https:\/\/www.huntersfriend.eu\/de\/wp-json\/wp\/v2\/product_brand?post=282082"},{"taxonomy":"product_cat","embeddable":true,"href":"https:\/\/www.huntersfriend.eu\/de\/wp-json\/wp\/v2\/product_cat?post=282082"},{"taxonomy":"product_tag","embeddable":true,"href":"https:\/\/www.huntersfriend.eu\/de\/wp-json\/wp\/v2\/product_tag?post=282082"}],"curies":[{"name":"wp","href":"https:\/\/api.w.org\/{rel}","templated":true}]}}