{"id":282075,"date":"2022-05-24T14:17:54","date_gmt":"2022-05-24T12:17:54","guid":{"rendered":"https:\/\/www.huntersfriend.eu\/product\/sitka-damen-cloudburst-jacke-optifade-subalpine\/"},"modified":"2025-08-12T04:54:36","modified_gmt":"2025-08-12T02:54:36","slug":"sitka-damen-cloudburst-jacke-optifade-subalpine","status":"publish","type":"product","link":"https:\/\/www.huntersfriend.eu\/de\/produkt\/sitka-damen-cloudburst-jacke-optifade-subalpine\/","title":{"rendered":"SITKA Damen Cloudburst Jacke (Optifade Subalpine)"},"content":{"rendered":"<p>Wenn sich \u00fcber Ihnen im Hinterland ein Unwetter zusammenbraut, m\u00f6chten Sie nicht an Ihrer Regenbekleidung zweifeln m\u00fcssen. Die Damen Cloudburst Jacke ist eine ultraleichte und kompakte Regenbekleidung, die mit 100% wasserdichtem und atmungsaktivem 3-lagigem GORE-TEX Gewebe ausgestattet ist. Sie ist konzipiert, um Sie vor den Widrigkeiten der Gebirgsjagd zu sch\u00fctzen, ohne Sie zu belasten, und ihre zweifache Stretchf\u00e4higkeit erm\u00f6glicht einen komfortablen Bewegungsfreiraum. Wir haben ihre Atmungsaktivit\u00e4t im Gore Comfort Labor ausgiebig getestet und sichergestellt, dass Sie selbst bei maximaler Schwei\u00dfproduktion in dieser Jacke niemals klamm werden.   <\/p>\n<ul class=\"HeroSpecs__list\">\n<li>\n<p class=\"Hero-desc\"><strong>GORE\u2122 OPTIFADE\u2122 Concealment Subalpine <\/strong>wurde entwickelt, um Wild in baumbedecktem und bewachsenem Gel\u00e4nde vom Boden aus anzupirschen.<\/p>\n<\/li>\n<li>\n<p class=\"Hero-desc\"><strong>GORE-TEX<\/strong> wasserdichtes\/atmungsaktives Gewebe hilft Ihnen, komfortabel und fokussiert zu bleiben.<\/p>\n<\/li>\n<li>\n<p class=\"Hero-desc\"><strong>GORE-TEX 3-Lagen<\/strong> Gewebe mit Zweiweg-Stretch.<\/p>\n<\/li>\n<li>\n<p class=\"Hero-desc\">Geschnitten, um zus\u00e4tzliche Schichten f\u00fcr wechselnde Bedingungen aufzunehmen.<\/p>\n<\/li>\n<li>\n<p class=\"Hero-desc\"><strong>Integrierte verstellbare Kapuze<\/strong> f\u00fcr eine ma\u00dfgeschneiderte Passform, die Ihre Sicht nicht beeintr\u00e4chtigt.<\/p>\n<\/li>\n<li>\n<p class=\"Hero-desc\"><strong>Unterarmbel\u00fcftungen<\/strong> leiten W\u00e4rme ab, wenn Sie ins Schwitzen geraten<\/p>\n<\/li>\n<li>\n<p class=\"Hero-desc\"><strong>Zweifach dehnbares Gewebe<\/strong> erm\u00f6glicht einen weiten, komfortablen Bewegungsumfang.<\/p>\n<\/li>\n<li>\n<p class=\"Hero-desc\">Brusttasche positioniert f\u00fcr die Verwendung mit dem Mountain Optics Harness<\/p>\n<\/li>\n<li>\n<p class=\"Hero-desc\"><strong>Rei\u00dfverschlusstaschen<\/strong> erm\u00f6glichen Zugriff auch beim Tragen eines Rucksackgurts.<\/p>\n<\/li>\n<li>\n<p class=\"Hero-desc\"><strong>Mikro-getapte<\/strong> N\u00e4hte zur Gewichts- und Volumenreduzierung<\/p>\n<\/li>\n<li>\n<p class=\"Hero-desc\">Verstellbarer Saum und B\u00fcndchen<\/p>\n<\/li>\n<li><strong>Gewicht:<\/strong> 612 g \/\/ Gr\u00f6\u00dfe: L<\/li>\n<\/ul>\n<p class=\"Hero-desc\"><a href=\"https:\/\/www.huntersfriend.eu\/app\/uploads\/2022\/05\/Sitka-naisten-kokoatulukko.jpg\"><img decoding=\"async\" class=\"alignleft wp-image-230994 size-medium\" src=\"https:\/\/www.huntersfriend.eu\/app\/uploads\/2022\/05\/Sitka-naisten-kokoatulukko-600x381.jpg\" alt=\"\" width=\"600\" height=\"381\" srcset=\"https:\/\/www.huntersfriend.eu\/app\/uploads\/2022\/05\/Sitka-naisten-kokoatulukko-600x381.jpg 600w, https:\/\/www.huntersfriend.eu\/app\/uploads\/2022\/05\/Sitka-naisten-kokoatulukko-1024x651.jpg 1024w, https:\/\/www.huntersfriend.eu\/app\/uploads\/2022\/05\/Sitka-naisten-kokoatulukko-768x488.jpg 768w, https:\/\/www.huntersfriend.eu\/app\/uploads\/2022\/05\/Sitka-naisten-kokoatulukko-300x191.jpg 300w, https:\/\/www.huntersfriend.eu\/app\/uploads\/2022\/05\/Sitka-naisten-kokoatulukko-200x127.jpg 200w, https:\/\/www.huntersfriend.eu\/app\/uploads\/2022\/05\/Sitka-naisten-kokoatulukko-94x60.jpg 94w, https:\/\/www.huntersfriend.eu\/app\/uploads\/2022\/05\/Sitka-naisten-kokoatulukko-142x90.jpg 142w, https:\/\/www.huntersfriend.eu\/app\/uploads\/2022\/05\/Sitka-naisten-kokoatulukko.jpg 1275w\" sizes=\"(max-width: 600px) 100vw, 600px\" \/><\/a><\/p>\n","protected":false},"excerpt":{"rendered":"<p><strong>Gr\u00f6\u00dfentabelle<\/strong><\/p>\n","protected":false},"featured_media":230448,"comment_status":"open","ping_status":"closed","template":"","meta":[],"product_brand":[],"product_cat":[1145],"product_tag":[],"class_list":{"0":"post-282075","1":"product","2":"type-product","3":"status-publish","4":"has-post-thumbnail","6":"product_cat-sonstiges","8":"first","9":"outofstock","10":"taxable","11":"shipping-taxable","12":"purchasable","13":"product-type-variable"},"composite_virtual":false,"composite_layout":"","composite_add_to_cart_form_location":"","composite_editable_in_cart":false,"composite_sold_individually_context":"","composite_shop_price_calc":"","composite_components":[],"composite_scenarios":[],"group_of_quantity":0,"min_quantity":0,"max_quantity":"","exclude_order_quantity_value_rules":"no","exclude_category_quantity_rules":"no","combine_variations":"no","exclude_global_add_ons":[],"addons":[],"_links":{"self":[{"href":"https:\/\/www.huntersfriend.eu\/de\/wp-json\/wp\/v2\/product\/282075","targetHints":{"allow":["GET"]}}],"collection":[{"href":"https:\/\/www.huntersfriend.eu\/de\/wp-json\/wp\/v2\/product"}],"about":[{"href":"https:\/\/www.huntersfriend.eu\/de\/wp-json\/wp\/v2\/types\/product"}],"replies":[{"embeddable":true,"href":"https:\/\/www.huntersfriend.eu\/de\/wp-json\/wp\/v2\/comments?post=282075"}],"wp:featuredmedia":[{"embeddable":true,"href":"https:\/\/www.huntersfriend.eu\/de\/wp-json\/wp\/v2\/media\/230448"}],"wp:attachment":[{"href":"https:\/\/www.huntersfriend.eu\/de\/wp-json\/wp\/v2\/media?parent=282075"}],"wp:term":[{"taxonomy":"product_brand","embeddable":true,"href":"https:\/\/www.huntersfriend.eu\/de\/wp-json\/wp\/v2\/product_brand?post=282075"},{"taxonomy":"product_cat","embeddable":true,"href":"https:\/\/www.huntersfriend.eu\/de\/wp-json\/wp\/v2\/product_cat?post=282075"},{"taxonomy":"product_tag","embeddable":true,"href":"https:\/\/www.huntersfriend.eu\/de\/wp-json\/wp\/v2\/product_tag?post=282075"}],"curies":[{"name":"wp","href":"https:\/\/api.w.org\/{rel}","templated":true}]}}