{"id":282066,"date":"2022-05-24T14:17:53","date_gmt":"2025-06-23T10:53:00","guid":{"rendered":"https:\/\/www.huntersfriend.eu\/product\/sitka-damen-bergjacke-optifade-subalpine\/"},"modified":"2026-04-23T12:22:15","modified_gmt":"2026-04-23T10:22:15","slug":"sitka-damen-bergjacke-optifade-subalpine","status":"publish","type":"product","link":"https:\/\/www.huntersfriend.eu\/de\/produkt\/sitka-damen-bergjacke-optifade-subalpine\/","title":{"rendered":"SITKA Damen-Bergjacke (optifade subalpine)"},"content":{"rendered":"<p>Dieses vielseitige Bergarbeitstier pr\u00e4sentiert sich mit einer aktualisierten zweifachen Stretchfunktion und einer t\u00f6dlich leisen, geb\u00fcrsteten Polyester-Oberfl\u00e4che \u00fcber 3-Schicht GORE-TEX INFINIUM\u2122 mit WINDSTOPPER\u00ae Form Fit Technologie. Diese Kombination bietet einen unmerklich leichten und \u00e4u\u00dferst haltbaren Schutz an windigen Tagen und bei leichtem Niederschlag, wodurch die Mountain Jacket zu einem unverzichtbaren Begleiter f\u00fcr den Gro\u00dfteil der Saison wird. Die Brusttasche mit Rei\u00dfverschluss bietet Schutz f\u00fcr notwendige Utensilien, und zwei Handtaschen mit Rei\u00dfverschluss sind so konzipiert, dass sie \u00fcber dem H\u00fcftgurt eines Rucksacks liegen, ohne sich beim Tragen eines schweren Rucksacks zu stauen.  <\/p>\n<ul class=\"HeroSpecs__list\">\n<li>\n<p class=\"Hero-desc\"><strong>GORE\u2122 OPTIFADE\u2122 Concealment Subalpine <\/strong>wurde entwickelt, um Wild in baumbedecktem und bewachsenem Gel\u00e4nde vom Boden aus anzupirschen.<\/p>\n<\/li>\n<li>\n<p class=\"Hero-desc\"><strong>Gewicht:<\/strong> 396 g \/\/ Gr\u00f6\u00dfe: M<\/p>\n<\/li>\n<li>\n<p class=\"Hero-desc\"><strong>Material:<\/strong> 3-Schicht GORE-TEX INFINIUM\u2122 mit WINDSTOPPER\u00ae Form Fit Technologie, geb\u00fcrstete Polyester-Oberfl\u00e4che und Polyester-Trikot-Innenseite.<\/p>\n<\/li>\n<li>\n<p class=\"Hero-desc\"><strong>Dauerhaft wasserabweisend<\/strong> Finish widersteht leichten Niederschl\u00e4gen und verhindert das Ausn\u00e4ssen des Oberstoffs.<\/p>\n<\/li>\n<li>\n<p class=\"Hero-desc\"><strong>Brusttasche mit Rei\u00dfverschluss:<\/strong> Sch\u00fctzen Sie Ihr Telefon sicher vor den Elementen, w\u00e4hrend es leicht zug\u00e4nglich bleibt.<\/p>\n<\/li>\n<li>\n<p class=\"Hero-desc\"><strong>Polyester-Trikot-Innenseite:<\/strong> Extrem leicht und \u00e4u\u00dferst haltbar.<\/p>\n<\/li>\n<li>\n<p class=\"Hero-desc\"><strong>Zwei Handtaschen mit Rei\u00dfverschluss:<\/strong> Speziell platziert f\u00fcr optimale Funktionalit\u00e4t beim Tragen eines schweren Rucksacks.<\/p>\n<\/li>\n<li>\n<p class=\"Hero-desc\"><strong>GORE-TEX INFINIUM\u2122 mit WINDSTOPPER\u00ae:<\/strong> Bietet vollst\u00e4ndigen Windschutz durch eine haltbare, leichte und atmungsaktive Membran.<\/p>\n<\/li>\n<\/ul>\n<p><a href=\"https:\/\/www.huntersfriend.eu\/app\/uploads\/2022\/05\/Sitka-naisten-kokoatulukko.jpg\"><img decoding=\"async\" class=\"alignnone wp-image-230994 size-medium\" src=\"https:\/\/www.huntersfriend.eu\/app\/uploads\/2022\/05\/Sitka-naisten-kokoatulukko-600x381.jpg\" alt=\"\" width=\"600\" height=\"381\" srcset=\"https:\/\/www.huntersfriend.eu\/app\/uploads\/2022\/05\/Sitka-naisten-kokoatulukko-600x381.jpg 600w, https:\/\/www.huntersfriend.eu\/app\/uploads\/2022\/05\/Sitka-naisten-kokoatulukko-1024x651.jpg 1024w, https:\/\/www.huntersfriend.eu\/app\/uploads\/2022\/05\/Sitka-naisten-kokoatulukko-768x488.jpg 768w, https:\/\/www.huntersfriend.eu\/app\/uploads\/2022\/05\/Sitka-naisten-kokoatulukko-300x191.jpg 300w, https:\/\/www.huntersfriend.eu\/app\/uploads\/2022\/05\/Sitka-naisten-kokoatulukko-200x127.jpg 200w, https:\/\/www.huntersfriend.eu\/app\/uploads\/2022\/05\/Sitka-naisten-kokoatulukko-94x60.jpg 94w, https:\/\/www.huntersfriend.eu\/app\/uploads\/2022\/05\/Sitka-naisten-kokoatulukko-142x90.jpg 142w, https:\/\/www.huntersfriend.eu\/app\/uploads\/2022\/05\/Sitka-naisten-kokoatulukko.jpg 1275w\" sizes=\"(max-width: 600px) 100vw, 600px\" \/><\/a><\/p>\n","protected":false},"excerpt":{"rendered":"<p>Leichte Damen-Jagdjacke f\u00fcr die fr\u00fche Saison.<\/p>\n<p><a href=\"https:\/\/www.huntersfriend.eu\/app\/uploads\/2022\/05\/Sitka-naisten-kokoatulukko.jpg\"><strong>Gr\u00f6\u00dfentabelle<\/strong><\/a><\/p>\n","protected":false},"featured_media":230418,"comment_status":"open","ping_status":"closed","template":"","meta":[],"product_brand":[],"product_cat":[2117,2710],"product_tag":[],"class_list":{"0":"post-282066","1":"product","2":"type-product","3":"status-publish","4":"has-post-thumbnail","6":"product_cat-jagdbekleidung-fur-damen","7":"product_cat-jaktklader-for-dam","9":"first","10":"instock","11":"taxable","12":"shipping-taxable","13":"purchasable","14":"product-type-variable"},"composite_virtual":false,"composite_layout":"","composite_add_to_cart_form_location":"","composite_editable_in_cart":false,"composite_sold_individually_context":"","composite_shop_price_calc":"","composite_components":[],"composite_scenarios":[],"group_of_quantity":0,"min_quantity":0,"max_quantity":"","exclude_order_quantity_value_rules":"no","exclude_category_quantity_rules":"no","combine_variations":"no","exclude_global_add_ons":[],"addons":[],"_links":{"self":[{"href":"https:\/\/www.huntersfriend.eu\/de\/wp-json\/wp\/v2\/product\/282066","targetHints":{"allow":["GET"]}}],"collection":[{"href":"https:\/\/www.huntersfriend.eu\/de\/wp-json\/wp\/v2\/product"}],"about":[{"href":"https:\/\/www.huntersfriend.eu\/de\/wp-json\/wp\/v2\/types\/product"}],"replies":[{"embeddable":true,"href":"https:\/\/www.huntersfriend.eu\/de\/wp-json\/wp\/v2\/comments?post=282066"}],"wp:featuredmedia":[{"embeddable":true,"href":"https:\/\/www.huntersfriend.eu\/de\/wp-json\/wp\/v2\/media\/230418"}],"wp:attachment":[{"href":"https:\/\/www.huntersfriend.eu\/de\/wp-json\/wp\/v2\/media?parent=282066"}],"wp:term":[{"taxonomy":"product_brand","embeddable":true,"href":"https:\/\/www.huntersfriend.eu\/de\/wp-json\/wp\/v2\/product_brand?post=282066"},{"taxonomy":"product_cat","embeddable":true,"href":"https:\/\/www.huntersfriend.eu\/de\/wp-json\/wp\/v2\/product_cat?post=282066"},{"taxonomy":"product_tag","embeddable":true,"href":"https:\/\/www.huntersfriend.eu\/de\/wp-json\/wp\/v2\/product_tag?post=282066"}],"curies":[{"name":"wp","href":"https:\/\/api.w.org\/{rel}","templated":true}]}}