{"id":282064,"date":"2022-05-24T14:18:00","date_gmt":"2022-05-24T12:18:00","guid":{"rendered":"https:\/\/www.huntersfriend.eu\/product\/sitka-incinerator-aerolite-latzhose-elevated-ii\/"},"modified":"2026-04-23T12:22:16","modified_gmt":"2026-04-23T10:22:16","slug":"sitka-incinerator-aerolite-latzhose-elevated-ii","status":"publish","type":"product","link":"https:\/\/www.huntersfriend.eu\/de\/produkt\/sitka-incinerator-aerolite-latzhose-elevated-ii\/","title":{"rendered":"SITKA Incinerator AeroLite Latzhose (Elevated II)"},"content":{"rendered":"<p>Unsere w\u00e4rmste GORE-TEX isolierte Latzhose f\u00fcr die Wei\u00dfwedelhirschjagd ist darauf ausgelegt, Sie in den widrigsten Bedingungen warm und trocken zu halten. Die synthetische PrimaLoft\u00ae Gold Isolierung mit Cross Core\u2122 Technologie repliziert die Eigenschaften von Daunen-Isolierung, bietet jedoch W\u00e4rmeleistung auch im feuchten Zustand und kann t\u00e4glich gewaschen werden, um Ger\u00fcche zu reduzieren. Diese fortschrittliche Isolierung maximiert die W\u00e4rme bei gleichzeitiger Minimierung des Volumens, sodass Sie mit weniger Einschr\u00e4nkungen auf Ihren Hochsitz klettern k\u00f6nnen. Eine leicht geb\u00fcrstete, wasserabweisende Oberfl\u00e4che leitet Niederschlag ab und reduziert gleichzeitig Ger\u00e4usche. Durchgehende Rei\u00dfverschl\u00fcsse an den Seiten bieten maximale Abdeckung und Komfort.   <\/p>\n<ul class=\"HeroSpecs__list\">\n<li>\n<p class=\"Hero-desc\"><strong>Gewicht:<\/strong> 1403 g<\/p>\n<\/li>\n<li>\n<p class=\"Hero-desc\"><strong>GORE-TEX <\/strong>wasserdichtes\/atmungsaktives Gewebe hilft Ihnen, komfortabel und fokussiert zu bleiben<\/p>\n<\/li>\n<li>\n<p class=\"Hero-desc\">GORE-TEX<strong> 2-Lagen-Gewebe <\/strong>mit leiser, geb\u00fcrsteter Polyester-Oberfl\u00e4che<\/p>\n<\/li>\n<li>\n<p class=\"Hero-desc\"><strong>Synthetische PrimaLoft\u00ae Gold Isolierung<\/strong> mit Cross Core\u2122 Technologie repliziert die W\u00e4rme und Komprimierbarkeit von Daunen, bietet jedoch den Vorteil der W\u00e4rmeleistung auch im feuchten Zustand<\/p>\n<\/li>\n<li>\n<p class=\"Hero-desc\">Leichte Hochflor-Isolierung (35% recycelt) ist mit <strong>Silica-Aerogel <\/strong>angereichert, einem nahezu gewichtslosen Material, das zu mehr als 95% aus Luft besteht und als zus\u00e4tzliche W\u00e4rmeisolierung fungiert<\/p>\n<\/li>\n<li>\n<p class=\"Hero-desc\">Strapazierf\u00e4hige <strong>wasserabweisende Ausr\u00fcstung<\/strong> widersteht Niederschl\u00e4gen und verhindert das Durchn\u00e4ssen des Oberfl\u00e4chengewebes<\/p>\n<\/li>\n<li>\n<p class=\"Hero-desc\">Leicht <strong>geb\u00fcrstete Oberfl\u00e4che<\/strong> bleibt im Hochsitz ger\u00e4uscharm<\/p>\n<\/li>\n<li>\n<p class=\"Hero-desc\">Durchgehende YKK\u00ae Seitenrei\u00dfverschl\u00fcsse mit wasserdichter Konstruktion erm\u00f6glichen Bel\u00fcftung und einfaches An- und Ausziehen<\/p>\n<\/li>\n<li>\n<p class=\"Hero-desc\">Latzhosendesign f\u00fcr <strong>umfassende Abdeckung<\/strong>, die beim Sitzen, Stehen oder Klettern nicht verrutscht<\/p>\n<\/li>\n<li>\n<p class=\"Hero-desc\">Sichere Brust-, Hand- und Aufbewahrungstaschen halten Ihre Utensilien griffbereit<\/p>\n<\/li>\n<\/ul>\n<p><a href=\"https:\/\/www.huntersfriend.eu\/app\/uploads\/2022\/05\/Sitka-miesten-kokoatulukko.jpg\"><img decoding=\"async\" class=\"alignnone wp-image-231001 size-medium\" src=\"https:\/\/www.huntersfriend.eu\/app\/uploads\/2022\/05\/Sitka-miesten-kokoatulukko-600x371.jpg\" alt=\"\" width=\"600\" height=\"371\" srcset=\"https:\/\/www.huntersfriend.eu\/app\/uploads\/2022\/05\/Sitka-miesten-kokoatulukko-600x371.jpg 600w, https:\/\/www.huntersfriend.eu\/app\/uploads\/2022\/05\/Sitka-miesten-kokoatulukko-768x475.jpg 768w, https:\/\/www.huntersfriend.eu\/app\/uploads\/2022\/05\/Sitka-miesten-kokoatulukko-300x186.jpg 300w, https:\/\/www.huntersfriend.eu\/app\/uploads\/2022\/05\/Sitka-miesten-kokoatulukko-200x124.jpg 200w, https:\/\/www.huntersfriend.eu\/app\/uploads\/2022\/05\/Sitka-miesten-kokoatulukko-97x60.jpg 97w, https:\/\/www.huntersfriend.eu\/app\/uploads\/2022\/05\/Sitka-miesten-kokoatulukko-146x90.jpg 146w, https:\/\/www.huntersfriend.eu\/app\/uploads\/2022\/05\/Sitka-miesten-kokoatulukko.jpg 970w\" sizes=\"(max-width: 600px) 100vw, 600px\" \/><\/a><\/p>\n","protected":false},"excerpt":{"rendered":"<p>Die w\u00e4rmsten Jagdlatzhosen, die SITKA je hergestellt hat.<\/p>\n<p><a href=\"https:\/\/www.huntersfriend.eu\/app\/uploads\/2022\/05\/Sitka-miesten-kokoatulukko.jpg\"><strong>Gr\u00f6\u00dfentabelle<\/strong><\/a><\/p>\n","protected":false},"featured_media":230544,"comment_status":"open","ping_status":"closed","template":"","meta":[],"product_brand":[],"product_cat":[2779,2814,2230],"product_tag":[],"class_list":{"0":"post-282064","1":"product","2":"type-product","3":"status-publish","4":"has-post-thumbnail","6":"product_cat-byxor","7":"product_cat-byxor-sv","8":"product_cat-latzhosen","10":"first","11":"instock","12":"sale","13":"taxable","14":"shipping-taxable","15":"purchasable","16":"product-type-variable"},"composite_virtual":false,"composite_layout":"","composite_add_to_cart_form_location":"","composite_editable_in_cart":false,"composite_sold_individually_context":"","composite_shop_price_calc":"","composite_components":[],"composite_scenarios":[],"group_of_quantity":0,"min_quantity":0,"max_quantity":"","exclude_order_quantity_value_rules":"no","exclude_category_quantity_rules":"no","combine_variations":"no","exclude_global_add_ons":[],"addons":[],"_links":{"self":[{"href":"https:\/\/www.huntersfriend.eu\/de\/wp-json\/wp\/v2\/product\/282064","targetHints":{"allow":["GET"]}}],"collection":[{"href":"https:\/\/www.huntersfriend.eu\/de\/wp-json\/wp\/v2\/product"}],"about":[{"href":"https:\/\/www.huntersfriend.eu\/de\/wp-json\/wp\/v2\/types\/product"}],"replies":[{"embeddable":true,"href":"https:\/\/www.huntersfriend.eu\/de\/wp-json\/wp\/v2\/comments?post=282064"}],"wp:featuredmedia":[{"embeddable":true,"href":"https:\/\/www.huntersfriend.eu\/de\/wp-json\/wp\/v2\/media\/230544"}],"wp:attachment":[{"href":"https:\/\/www.huntersfriend.eu\/de\/wp-json\/wp\/v2\/media?parent=282064"}],"wp:term":[{"taxonomy":"product_brand","embeddable":true,"href":"https:\/\/www.huntersfriend.eu\/de\/wp-json\/wp\/v2\/product_brand?post=282064"},{"taxonomy":"product_cat","embeddable":true,"href":"https:\/\/www.huntersfriend.eu\/de\/wp-json\/wp\/v2\/product_cat?post=282064"},{"taxonomy":"product_tag","embeddable":true,"href":"https:\/\/www.huntersfriend.eu\/de\/wp-json\/wp\/v2\/product_tag?post=282064"}],"curies":[{"name":"wp","href":"https:\/\/api.w.org\/{rel}","templated":true}]}}