{"id":282061,"date":"2022-05-24T14:17:51","date_gmt":"2022-05-24T12:17:51","guid":{"rendered":"https:\/\/www.huntersfriend.eu\/product\/sitka-damen-fanatic-kapuzenpullover-sitka-schwarz\/"},"modified":"2025-06-23T12:52:58","modified_gmt":"2025-06-23T10:52:58","slug":"sitka-damen-fanatic-kapuzenpullover-sitka-schwarz","status":"publish","type":"product","link":"https:\/\/www.huntersfriend.eu\/de\/produkt\/sitka-damen-fanatic-kapuzenpullover-sitka-schwarz\/","title":{"rendered":"SITKA Damen Fanatic Kapuzenpullover SITKA (Schwarz)"},"content":{"rendered":"<p>Der neue Fanatic Kapuzenpullover hat die Grundlage eines traditionellen Kapuzenpullovers in ein unauff\u00e4lliges Jagdoberteil verwandelt. Dieser mit schwerem Fleece isolierte Kapuzenpullover verf\u00fcgt \u00fcber Komfort-Stretch f\u00fcr Bewegungsfreiheit und eine Kanalstruktur f\u00fcr verbesserte Atmungsaktivit\u00e4t und Feuchtigkeitsmanagement. Beim Hochziehen der Kapuze bietet eine integrierte, hochgradig luftdurchl\u00e4ssige Netzgesichtsmaske vollst\u00e4ndige Tarnung, ohne Sie beim Atmen zu \u00fcberhitzen. Umklappbare Handschuhe mit integriertem Daumenloch erm\u00f6glichen einfaches Schichten und W\u00e4rme, um ein vielseitiges Jagdwerkzeug zu vervollst\u00e4ndigen, das w\u00e4hrend der gesamten Saison getragen werden kann.   <\/p>\n<ul class=\"HeroSpecs__list\">\n<li>\n<p class=\"Hero-desc\"><strong>K\u00f6rper und Kapuze:<\/strong> Schwerer Komfort-Stretch-Fleece (93% Polyester\/7% Elasthan).<\/p>\n<\/li>\n<li>\n<p class=\"Hero-desc\"><strong>Gesichtsmaske:<\/strong> Schnell trocknender, leichter Stretch-Netzstoff (88% Polyester\/12% Elasthan).<\/p>\n<\/li>\n<li>\n<p class=\"Hero-desc\"><strong>Polygiene\u00ae Geruchskontrolltechnologie<\/strong> neutralisiert auf sichere Weise durch Schwei\u00df verursachte Ger\u00fcche.<\/p>\n<\/li>\n<\/ul>\n<p><a href=\"https:\/\/www.huntersfriend.eu\/app\/uploads\/2022\/05\/Sitka-naisten-kokoatulukko.jpg\"><img decoding=\"async\" class=\"alignnone wp-image-230994 size-medium\" src=\"https:\/\/www.huntersfriend.eu\/app\/uploads\/2022\/05\/Sitka-naisten-kokoatulukko-600x381.jpg\" alt=\"\" width=\"600\" height=\"381\" srcset=\"https:\/\/www.huntersfriend.eu\/app\/uploads\/2022\/05\/Sitka-naisten-kokoatulukko-600x381.jpg 600w, https:\/\/www.huntersfriend.eu\/app\/uploads\/2022\/05\/Sitka-naisten-kokoatulukko-1024x651.jpg 1024w, https:\/\/www.huntersfriend.eu\/app\/uploads\/2022\/05\/Sitka-naisten-kokoatulukko-768x488.jpg 768w, https:\/\/www.huntersfriend.eu\/app\/uploads\/2022\/05\/Sitka-naisten-kokoatulukko-300x191.jpg 300w, https:\/\/www.huntersfriend.eu\/app\/uploads\/2022\/05\/Sitka-naisten-kokoatulukko-200x127.jpg 200w, https:\/\/www.huntersfriend.eu\/app\/uploads\/2022\/05\/Sitka-naisten-kokoatulukko-94x60.jpg 94w, https:\/\/www.huntersfriend.eu\/app\/uploads\/2022\/05\/Sitka-naisten-kokoatulukko-142x90.jpg 142w, https:\/\/www.huntersfriend.eu\/app\/uploads\/2022\/05\/Sitka-naisten-kokoatulukko.jpg 1275w\" sizes=\"(max-width: 600px) 100vw, 600px\" \/><\/a><\/p>\n","protected":false},"excerpt":{"rendered":"<p><a href=\"https:\/\/www.huntersfriend.eu\/app\/uploads\/2022\/05\/Sitka-naisten-kokoatulukko.jpg\"><strong>Gr\u00f6\u00dfentabelle<\/strong><\/a><\/p>\n","protected":false},"featured_media":230367,"comment_status":"open","ping_status":"closed","template":"","meta":[],"product_brand":[],"product_cat":[1145],"product_tag":[],"class_list":{"0":"post-282061","1":"product","2":"type-product","3":"status-publish","4":"has-post-thumbnail","6":"product_cat-sonstiges","8":"first","9":"outofstock","10":"taxable","11":"shipping-taxable","12":"purchasable","13":"product-type-variable"},"composite_virtual":false,"composite_layout":"","composite_add_to_cart_form_location":"","composite_editable_in_cart":false,"composite_sold_individually_context":"","composite_shop_price_calc":"","composite_components":[],"composite_scenarios":[],"group_of_quantity":0,"min_quantity":0,"max_quantity":"","exclude_order_quantity_value_rules":"no","exclude_category_quantity_rules":"no","combine_variations":"no","exclude_global_add_ons":[],"addons":[],"_links":{"self":[{"href":"https:\/\/www.huntersfriend.eu\/de\/wp-json\/wp\/v2\/product\/282061","targetHints":{"allow":["GET"]}}],"collection":[{"href":"https:\/\/www.huntersfriend.eu\/de\/wp-json\/wp\/v2\/product"}],"about":[{"href":"https:\/\/www.huntersfriend.eu\/de\/wp-json\/wp\/v2\/types\/product"}],"replies":[{"embeddable":true,"href":"https:\/\/www.huntersfriend.eu\/de\/wp-json\/wp\/v2\/comments?post=282061"}],"wp:featuredmedia":[{"embeddable":true,"href":"https:\/\/www.huntersfriend.eu\/de\/wp-json\/wp\/v2\/media\/230367"}],"wp:attachment":[{"href":"https:\/\/www.huntersfriend.eu\/de\/wp-json\/wp\/v2\/media?parent=282061"}],"wp:term":[{"taxonomy":"product_brand","embeddable":true,"href":"https:\/\/www.huntersfriend.eu\/de\/wp-json\/wp\/v2\/product_brand?post=282061"},{"taxonomy":"product_cat","embeddable":true,"href":"https:\/\/www.huntersfriend.eu\/de\/wp-json\/wp\/v2\/product_cat?post=282061"},{"taxonomy":"product_tag","embeddable":true,"href":"https:\/\/www.huntersfriend.eu\/de\/wp-json\/wp\/v2\/product_tag?post=282061"}],"curies":[{"name":"wp","href":"https:\/\/api.w.org\/{rel}","templated":true}]}}