{"id":282056,"date":"2022-05-24T14:17:58","date_gmt":"2022-05-24T12:17:58","guid":{"rendered":"https:\/\/www.huntersfriend.eu\/product\/sitka-damen-timberline-hose-bleifarben\/"},"modified":"2026-04-23T12:22:15","modified_gmt":"2026-04-23T10:22:15","slug":"sitka-damen-timberline-hose-bleifarben","status":"publish","type":"product","link":"https:\/\/www.huntersfriend.eu\/de\/produkt\/sitka-damen-timberline-hose-bleifarben\/","title":{"rendered":"SITKA Damen Timberline Hose (Bleifarben)"},"content":{"rendered":"<p>Eine robuste Jagdhose, konzipiert f\u00fcr lange Ausfl\u00fcge in raues und abgelegenes Hinterland. Die Timberline Hose zeichnet sich durch einen verst\u00e4rkten, wasserdichten und atmungsaktiven Sitz- und Kniebereich aus, der sicherstellt, dass diese Hose Ihre anspruchsvollsten Abenteuer \u00fcbersteht. Abnehmbare Kniepolster bieten zus\u00e4tzlichen Schutz. <\/p>\n<ul class=\"HeroSpecs__list\">\n<li>\n<p class=\"Hero-desc\"><strong>Gewicht:<\/strong> 640 g \/\/ 26 Reg.<\/p>\n<\/li>\n<li>\n<p class=\"Hero-desc\"><strong>Material:<\/strong> Dehnbares Polyestergewebe.<\/p>\n<\/li>\n<li>\n<p class=\"Hero-desc\"><strong>Dauerhaft wasserabweisend<\/strong> Finish widersteht leichten Niederschl\u00e4gen und verhindert das Ausn\u00e4ssen des Oberstoffs.<\/p>\n<\/li>\n<li>\n<p class=\"Hero-desc\"><strong>Artikulierte Passform:<\/strong> Die Passform ist athletisch mit sich verj\u00fcngenden Beinen und einem flachen Bund, der unter einem Rucksack nicht auftragen oder scheuern wird.<\/p>\n<\/li>\n<li>\n<p class=\"Hero-desc\"><strong>Abnehmbare Kniepolster:<\/strong> Abnehmbare Kniepolster bieten zus\u00e4tzlichen Schutz, sei es beim Klettern durch Ger\u00f6ll in den n\u00f6rdlichen Rocky Mountains, beim Durchqueren von Kakteenfeldern in der Sonora-W\u00fcste oder beim Ausweiden eines erlegten Tieres.<\/p>\n<\/li>\n<li>\n<p class=\"Hero-desc\"><strong>Verst\u00e4rkter Sitz- und Kniebereich:<\/strong> Der Sitz- und Kniebereich ist mit einem wasserdichten Nylon-Ripstop-Gewebe verst\u00e4rkt, sodass eine lange Tour auf einem nassen Sattel oder ein kurzes Sitzen im Schnee Sie nicht kalt und nass zur\u00fcckl\u00e4sst.<\/p>\n<\/li>\n<\/ul>\n<p><a href=\"https:\/\/www.huntersfriend.eu\/app\/uploads\/2022\/05\/Sitka-naisten-kokoatulukko.jpg\"><img decoding=\"async\" class=\"alignnone wp-image-230994 size-medium\" src=\"https:\/\/www.huntersfriend.eu\/app\/uploads\/2022\/05\/Sitka-naisten-kokoatulukko-600x381.jpg\" alt=\"\" width=\"600\" height=\"381\" srcset=\"https:\/\/www.huntersfriend.eu\/app\/uploads\/2022\/05\/Sitka-naisten-kokoatulukko-600x381.jpg 600w, https:\/\/www.huntersfriend.eu\/app\/uploads\/2022\/05\/Sitka-naisten-kokoatulukko-1024x651.jpg 1024w, https:\/\/www.huntersfriend.eu\/app\/uploads\/2022\/05\/Sitka-naisten-kokoatulukko-768x488.jpg 768w, https:\/\/www.huntersfriend.eu\/app\/uploads\/2022\/05\/Sitka-naisten-kokoatulukko-300x191.jpg 300w, https:\/\/www.huntersfriend.eu\/app\/uploads\/2022\/05\/Sitka-naisten-kokoatulukko-200x127.jpg 200w, https:\/\/www.huntersfriend.eu\/app\/uploads\/2022\/05\/Sitka-naisten-kokoatulukko-94x60.jpg 94w, https:\/\/www.huntersfriend.eu\/app\/uploads\/2022\/05\/Sitka-naisten-kokoatulukko-142x90.jpg 142w, https:\/\/www.huntersfriend.eu\/app\/uploads\/2022\/05\/Sitka-naisten-kokoatulukko.jpg 1275w\" sizes=\"(max-width: 600px) 100vw, 600px\" \/><\/a><\/p>\n","protected":false},"excerpt":{"rendered":"<p>Vielseitige Jagdhosen f\u00fcr Damen.<\/p>\n<p><strong><a href=\"https:\/\/www.huntersfriend.eu\/app\/uploads\/2022\/05\/Sitka-naisten-kokoatulukko.jpg\">Gr\u00f6\u00dfentabelle<\/a><\/strong><\/p>\n","protected":false},"featured_media":230494,"comment_status":"open","ping_status":"closed","template":"","meta":[],"product_brand":[],"product_cat":[2765,2117,2710],"product_tag":[],"class_list":{"0":"post-282056","1":"product","2":"type-product","3":"status-publish","4":"has-post-thumbnail","6":"product_cat-fyndlada-slutrea","7":"product_cat-jagdbekleidung-fur-damen","8":"product_cat-jaktklader-for-dam","10":"first","11":"instock","12":"sale","13":"taxable","14":"shipping-taxable","15":"purchasable","16":"product-type-variable"},"composite_virtual":false,"composite_layout":"","composite_add_to_cart_form_location":"","composite_editable_in_cart":false,"composite_sold_individually_context":"","composite_shop_price_calc":"","composite_components":[],"composite_scenarios":[],"group_of_quantity":0,"min_quantity":0,"max_quantity":"","exclude_order_quantity_value_rules":"no","exclude_category_quantity_rules":"no","combine_variations":"no","exclude_global_add_ons":[],"addons":[],"_links":{"self":[{"href":"https:\/\/www.huntersfriend.eu\/de\/wp-json\/wp\/v2\/product\/282056","targetHints":{"allow":["GET"]}}],"collection":[{"href":"https:\/\/www.huntersfriend.eu\/de\/wp-json\/wp\/v2\/product"}],"about":[{"href":"https:\/\/www.huntersfriend.eu\/de\/wp-json\/wp\/v2\/types\/product"}],"replies":[{"embeddable":true,"href":"https:\/\/www.huntersfriend.eu\/de\/wp-json\/wp\/v2\/comments?post=282056"}],"wp:featuredmedia":[{"embeddable":true,"href":"https:\/\/www.huntersfriend.eu\/de\/wp-json\/wp\/v2\/media\/230494"}],"wp:attachment":[{"href":"https:\/\/www.huntersfriend.eu\/de\/wp-json\/wp\/v2\/media?parent=282056"}],"wp:term":[{"taxonomy":"product_brand","embeddable":true,"href":"https:\/\/www.huntersfriend.eu\/de\/wp-json\/wp\/v2\/product_brand?post=282056"},{"taxonomy":"product_cat","embeddable":true,"href":"https:\/\/www.huntersfriend.eu\/de\/wp-json\/wp\/v2\/product_cat?post=282056"},{"taxonomy":"product_tag","embeddable":true,"href":"https:\/\/www.huntersfriend.eu\/de\/wp-json\/wp\/v2\/product_tag?post=282056"}],"curies":[{"name":"wp","href":"https:\/\/api.w.org\/{rel}","templated":true}]}}