{"id":282033,"date":"2022-05-23T09:52:08","date_gmt":"2025-06-23T10:52:44","guid":{"rendered":"https:\/\/www.huntersfriend.eu\/product\/sitka-thunderhead-jacke-optifade-subalpine\/"},"modified":"2026-04-23T12:22:06","modified_gmt":"2026-04-23T10:22:06","slug":"sitka-thunderhead-jacke-optifade-subalpine","status":"publish","type":"product","link":"https:\/\/www.huntersfriend.eu\/de\/produkt\/sitka-thunderhead-jacke-optifade-subalpine\/","title":{"rendered":"SITKA Thunderhead Jacke (Optifade Subalpine)"},"content":{"rendered":"<p>Regenbekleidung ist bekannterma\u00dfen ger\u00e4uschvoll, und bei der Pirsch auf Gro\u00dfwild ist L\u00e4rm keine Option. Die Thunderhead Jacke kombiniert ein au\u00dfergew\u00f6hnlich wasserdichtes und atmungsaktives 3-Lagen GORE-TEX Gewebe mit einer ultraleisen geb\u00fcrsteten Oberfl\u00e4che, um Sie sowohl zu sch\u00fctzen als auch ger\u00e4uschlos zu halten, sowie einem geb\u00fcrsteten Innenfutter f\u00fcr Tragekomfort auf der Haut. <\/p>\n<ul class=\"HeroSpecs__list\">\n<li>\n<p class=\"Hero-desc\"><strong>GORE\u2122 OPTIFADE\u2122 Concealment Subalpine <\/strong>wurde entwickelt, um Wild in baumbedecktem und bewachsenem Gel\u00e4nde vom Boden aus anzupirschen.<\/p>\n<\/li>\n<li>\n<p class=\"Hero-desc\"><strong>GORE-TEX<\/strong> wasserdichtes\/atmungsaktives Gewebe hilft Ihnen, komfortabel und fokussiert zu bleiben.<\/p>\n<\/li>\n<li>\n<p class=\"Hero-desc\"><strong>GORE-TEX 3-Lagen<\/strong> Gewebe mit geb\u00fcrstetem Polyester-Strickgewebe als Au\u00dfen- und Innenschicht.<\/p>\n<\/li>\n<li>\n<p class=\"Hero-desc\"><strong>Dauerhafte wasserabweisende Ausr\u00fcstung<\/strong> verhindert das Durchn\u00e4ssen des Au\u00dfengewebes.<\/p>\n<\/li>\n<li>\n<p class=\"Hero-desc\"><strong>Angepasste Kapuze<\/strong> bewegt sich mit Ihnen und behindert nicht Ihre Sicht.<\/p>\n<\/li>\n<li>\n<p class=\"Hero-desc\"><strong>Rei\u00dfverschlusstaschen an H\u00e4nden und Brust<\/strong> f\u00fcr trockene, sichere Aufbewahrung Ihrer Utensilien.<\/p>\n<\/li>\n<li>\n<p class=\"Hero-desc\"><strong>Gewicht:<\/strong> 722 g \/\/ Gr\u00f6\u00dfe: L<\/p>\n<\/li>\n<\/ul>\n<p><a href=\"https:\/\/www.huntersfriend.eu\/app\/uploads\/2022\/05\/Sitka-miesten-kokoatulukko.jpg\"><img decoding=\"async\" class=\"alignnone wp-image-231001 size-medium\" src=\"https:\/\/www.huntersfriend.eu\/app\/uploads\/2022\/05\/Sitka-miesten-kokoatulukko-600x371.jpg\" alt=\"\" width=\"600\" height=\"371\" srcset=\"https:\/\/www.huntersfriend.eu\/app\/uploads\/2022\/05\/Sitka-miesten-kokoatulukko-600x371.jpg 600w, https:\/\/www.huntersfriend.eu\/app\/uploads\/2022\/05\/Sitka-miesten-kokoatulukko-768x475.jpg 768w, https:\/\/www.huntersfriend.eu\/app\/uploads\/2022\/05\/Sitka-miesten-kokoatulukko-300x186.jpg 300w, https:\/\/www.huntersfriend.eu\/app\/uploads\/2022\/05\/Sitka-miesten-kokoatulukko-200x124.jpg 200w, https:\/\/www.huntersfriend.eu\/app\/uploads\/2022\/05\/Sitka-miesten-kokoatulukko-97x60.jpg 97w, https:\/\/www.huntersfriend.eu\/app\/uploads\/2022\/05\/Sitka-miesten-kokoatulukko-146x90.jpg 146w, https:\/\/www.huntersfriend.eu\/app\/uploads\/2022\/05\/Sitka-miesten-kokoatulukko.jpg 970w\" sizes=\"(max-width: 600px) 100vw, 600px\" \/><\/a><\/p>\n","protected":false},"excerpt":{"rendered":"<p>GORE TEX 3-Lagen wasserdichte Jagdjacke.<\/p>\n<p><a href=\"https:\/\/www.huntersfriend.eu\/app\/uploads\/2022\/05\/Sitka-miesten-kokoatulukko.jpg\"><strong>Gr\u00f6\u00dfentabelle<\/strong><\/a><\/p>\n","protected":false},"featured_media":229649,"comment_status":"open","ping_status":"closed","template":"","meta":[],"product_brand":[],"product_cat":[2741,1384],"product_tag":[],"class_list":{"0":"post-282033","1":"product","2":"type-product","3":"status-publish","4":"has-post-thumbnail","6":"product_cat-jackor","7":"product_cat-jacken","9":"first","10":"instock","11":"taxable","12":"shipping-taxable","13":"purchasable","14":"product-type-variable"},"composite_virtual":false,"composite_layout":"","composite_add_to_cart_form_location":"","composite_editable_in_cart":false,"composite_sold_individually_context":"","composite_shop_price_calc":"","composite_components":[],"composite_scenarios":[],"group_of_quantity":0,"min_quantity":0,"max_quantity":"","exclude_order_quantity_value_rules":"no","exclude_category_quantity_rules":"no","combine_variations":"no","exclude_global_add_ons":[],"addons":[],"_links":{"self":[{"href":"https:\/\/www.huntersfriend.eu\/de\/wp-json\/wp\/v2\/product\/282033","targetHints":{"allow":["GET"]}}],"collection":[{"href":"https:\/\/www.huntersfriend.eu\/de\/wp-json\/wp\/v2\/product"}],"about":[{"href":"https:\/\/www.huntersfriend.eu\/de\/wp-json\/wp\/v2\/types\/product"}],"replies":[{"embeddable":true,"href":"https:\/\/www.huntersfriend.eu\/de\/wp-json\/wp\/v2\/comments?post=282033"}],"wp:featuredmedia":[{"embeddable":true,"href":"https:\/\/www.huntersfriend.eu\/de\/wp-json\/wp\/v2\/media\/229649"}],"wp:attachment":[{"href":"https:\/\/www.huntersfriend.eu\/de\/wp-json\/wp\/v2\/media?parent=282033"}],"wp:term":[{"taxonomy":"product_brand","embeddable":true,"href":"https:\/\/www.huntersfriend.eu\/de\/wp-json\/wp\/v2\/product_brand?post=282033"},{"taxonomy":"product_cat","embeddable":true,"href":"https:\/\/www.huntersfriend.eu\/de\/wp-json\/wp\/v2\/product_cat?post=282033"},{"taxonomy":"product_tag","embeddable":true,"href":"https:\/\/www.huntersfriend.eu\/de\/wp-json\/wp\/v2\/product_tag?post=282033"}],"curies":[{"name":"wp","href":"https:\/\/api.w.org\/{rel}","templated":true}]}}