{"id":282031,"date":"2022-05-24T06:29:56","date_gmt":"2022-05-24T04:29:56","guid":{"rendered":"https:\/\/www.huntersfriend.eu\/product\/sitka-stratus-latzhose-optifade-elevated-ii\/"},"modified":"2025-10-19T07:54:01","modified_gmt":"2025-10-19T05:54:01","slug":"sitka-stratus-latzhose-optifade-elevated-ii","status":"publish","type":"product","link":"https:\/\/www.huntersfriend.eu\/de\/produkt\/sitka-stratus-latzhose-optifade-elevated-ii\/","title":{"rendered":"SITKA Stratus-Latzhose (Optifade Elevated II)"},"content":{"rendered":"<p>Die Stratus-Latzhose, entwickelt f\u00fcr die variablen Wetterbedingungen w\u00e4hrend der gesamten Wei\u00dfwedelhirsch-Saison, ist zu 100% winddicht und absolut ger\u00e4uschlos. Die GORE-TEX INFINIUM mit WINDSTOPPER\u00ae-Membran ist zwischen einer lautlosen Mikrofleece-Au\u00dfenschicht und einem warmen, atmungsaktiven Mikrogrid-Fleece-Innenfutter platziert, das an windigen Tagen windundurchl\u00e4ssige W\u00e4rme bietet. Durchgehende Rei\u00dfverschl\u00fcsse an den Seiten erm\u00f6glichen ein einfaches An- und Ausziehen sowie eine schnelle W\u00e4rmeregulierung auf dem Hochsitz und beim Abstieg. Flache, verstellbare Hosentr\u00e4ger ohne Schnallen und ger\u00e4uschlose Druckknopf-Cargotaschen gew\u00e4hrleisten einen einfachen Zugriff auf wichtige Utensilien in sitzender Position.   <\/p>\n<ul class=\"HeroSpecs__list\">\n<li>\n<p class=\"Hero-desc\"><strong>GORE\u2122 OPTIFADE\u2122 Concealment Elevated II <\/strong>ist f\u00fcr Wei\u00dfwedelhirschj\u00e4ger in erh\u00f6hter Position konzipiert.<\/p>\n<\/li>\n<li>\n<p class=\"Hero-desc\"><strong>Material:<\/strong> GORE-TEX INFINIUM\u2122 mit WINDSTOPPER\u2122-Technologie, Polyester-Mikrofleece-Strickoberfl\u00e4che, Polyester-Mikrogrid-Fleece-Strickinnenseite<\/p>\n<\/li>\n<li>\n<p class=\"Hero-desc\"><strong>Durchgehende Seitenrei\u00dfverschl\u00fcsse:<\/strong> Erm\u00f6glichen ein einfaches An- und Ausziehen sowie eine schnelle W\u00e4rmeregulierung auf dem Hochsitz und beim Abstieg.<\/p>\n<\/li>\n<li>\n<p class=\"Hero-desc\"><strong>Cargotaschen:<\/strong> Strategisch platzierte, ger\u00e4uschlose Druckknopf-Cargotaschen sind f\u00fcr einen einfachen Zugriff in sitzender Position positioniert.<\/p>\n<\/li>\n<li>\n<p class=\"Hero-desc\"><strong>Hochplatzierte Handw\u00e4rmertaschen:<\/strong> Hochplatzierte Handw\u00e4rmertaschen erm\u00f6glichen einen einfachen und ger\u00e4uschlosen Zugriff von der Seite der Latzhose, um die Finger warm und einsatzbereit zu halten.<\/p>\n<\/li>\n<li>\n<p class=\"Hero-desc\"><strong>Verstellbare Hosentr\u00e4ger ohne Schnallen:<\/strong> Elastische Urethan-Hosentr\u00e4ger lassen sich ohne Schnallen verstellen, die Druckstellen verursachen oder die Handhabung von Gewehr oder Bogen beeintr\u00e4chtigen k\u00f6nnten.<\/p>\n<\/li>\n<li>\n<p class=\"Hero-desc\"><strong>Dauerhaft wasserabweisend<\/strong> Finish widersteht leichten Niederschl\u00e4gen und verhindert das Ausn\u00e4ssen des Oberstoffs.<\/p>\n<\/li>\n<li>\n<p class=\"Hero-desc\"><strong>GORE-TEX INFINIUM\u2122 mit WINDSTOPPER\u00ae:<\/strong> Bietet vollst\u00e4ndigen Windschutz durch eine haltbare, leichte und atmungsaktive Membran.<\/p>\n<\/li>\n<\/ul>\n<p><a href=\"https:\/\/www.huntersfriend.eu\/app\/uploads\/2022\/05\/Sitka-miesten-kokoatulukko.jpg\"><img decoding=\"async\" class=\"alignnone wp-image-231001 size-medium\" src=\"https:\/\/www.huntersfriend.eu\/app\/uploads\/2022\/05\/Sitka-miesten-kokoatulukko-600x371.jpg\" alt=\"\" width=\"600\" height=\"371\" srcset=\"https:\/\/www.huntersfriend.eu\/app\/uploads\/2022\/05\/Sitka-miesten-kokoatulukko-600x371.jpg 600w, https:\/\/www.huntersfriend.eu\/app\/uploads\/2022\/05\/Sitka-miesten-kokoatulukko-768x475.jpg 768w, https:\/\/www.huntersfriend.eu\/app\/uploads\/2022\/05\/Sitka-miesten-kokoatulukko-300x186.jpg 300w, https:\/\/www.huntersfriend.eu\/app\/uploads\/2022\/05\/Sitka-miesten-kokoatulukko-200x124.jpg 200w, https:\/\/www.huntersfriend.eu\/app\/uploads\/2022\/05\/Sitka-miesten-kokoatulukko-97x60.jpg 97w, https:\/\/www.huntersfriend.eu\/app\/uploads\/2022\/05\/Sitka-miesten-kokoatulukko-146x90.jpg 146w, https:\/\/www.huntersfriend.eu\/app\/uploads\/2022\/05\/Sitka-miesten-kokoatulukko.jpg 970w\" sizes=\"(max-width: 600px) 100vw, 600px\" \/><\/a><\/p>\n","protected":false},"excerpt":{"rendered":"<p>Warme Jagdlatzhose, speziell f\u00fcr die Ansitzjagd konzipiert<\/p>\n<p><a href=\"https:\/\/www.huntersfriend.eu\/app\/uploads\/2022\/05\/Sitka-miesten-kokoatulukko.jpg\"><strong>Gr\u00f6\u00dfentabelle<\/strong><\/a><\/p>\n","protected":false},"featured_media":230161,"comment_status":"open","ping_status":"closed","template":"","meta":[],"product_brand":[],"product_cat":[1145],"product_tag":[],"class_list":{"0":"post-282031","1":"product","2":"type-product","3":"status-publish","4":"has-post-thumbnail","6":"product_cat-sonstiges","8":"first","9":"outofstock","10":"sale","11":"taxable","12":"shipping-taxable","13":"purchasable","14":"product-type-variable"},"composite_virtual":false,"composite_layout":"","composite_add_to_cart_form_location":"","composite_editable_in_cart":false,"composite_sold_individually_context":"","composite_shop_price_calc":"","composite_components":[],"composite_scenarios":[],"group_of_quantity":0,"min_quantity":0,"max_quantity":"","exclude_order_quantity_value_rules":"no","exclude_category_quantity_rules":"no","combine_variations":"no","exclude_global_add_ons":[],"addons":[],"_links":{"self":[{"href":"https:\/\/www.huntersfriend.eu\/de\/wp-json\/wp\/v2\/product\/282031","targetHints":{"allow":["GET"]}}],"collection":[{"href":"https:\/\/www.huntersfriend.eu\/de\/wp-json\/wp\/v2\/product"}],"about":[{"href":"https:\/\/www.huntersfriend.eu\/de\/wp-json\/wp\/v2\/types\/product"}],"replies":[{"embeddable":true,"href":"https:\/\/www.huntersfriend.eu\/de\/wp-json\/wp\/v2\/comments?post=282031"}],"wp:featuredmedia":[{"embeddable":true,"href":"https:\/\/www.huntersfriend.eu\/de\/wp-json\/wp\/v2\/media\/230161"}],"wp:attachment":[{"href":"https:\/\/www.huntersfriend.eu\/de\/wp-json\/wp\/v2\/media?parent=282031"}],"wp:term":[{"taxonomy":"product_brand","embeddable":true,"href":"https:\/\/www.huntersfriend.eu\/de\/wp-json\/wp\/v2\/product_brand?post=282031"},{"taxonomy":"product_cat","embeddable":true,"href":"https:\/\/www.huntersfriend.eu\/de\/wp-json\/wp\/v2\/product_cat?post=282031"},{"taxonomy":"product_tag","embeddable":true,"href":"https:\/\/www.huntersfriend.eu\/de\/wp-json\/wp\/v2\/product_tag?post=282031"}],"curies":[{"name":"wp","href":"https:\/\/api.w.org\/{rel}","templated":true}]}}