{"id":282024,"date":"2022-05-23T09:52:05","date_gmt":"2022-05-23T07:52:05","guid":{"rendered":"https:\/\/www.huntersfriend.eu\/product\/sitka-ascent-hemd-optifade-subalpine\/"},"modified":"2025-08-03T05:26:13","modified_gmt":"2025-08-03T03:26:13","slug":"sitka-ascent-hemd-optifade-subalpine","status":"publish","type":"product","link":"https:\/\/www.huntersfriend.eu\/de\/produkt\/sitka-ascent-hemd-optifade-subalpine\/","title":{"rendered":"SITKA Ascent Hemd (Optifade Subalpine)"},"content":{"rendered":"<p>Das Ascent Hemd wurde entwickelt, um den hei\u00dfen und rauen Bedingungen der fr\u00fchen Jagdsaison standzuhalten. \u00c4u\u00dferst atmungsaktiv, schnell trocknend und UPF-gesch\u00fctzt machen diese k\u00f6rpernah geschnittene Basisschicht zu Ihrem besten Begleiter. Stromlinienf\u00f6rmige \u00c4rmel bieten ausreichend Spielraum f\u00fcr die Bogensehne, netzunterst\u00fctzte und mit Rei\u00dfverschluss versehene Brusttaschen sorgen f\u00fcr zus\u00e4tzliche Bel\u00fcftung, um Sie bei Bewegung k\u00fchl zu halten.  <\/p>\n<ul class=\"HeroSpecs__list\">\n<li>\n<p class=\"Hero-desc\"><strong>GORE\u2122 OPTIFADE\u2122 Concealment Subalpine <\/strong>wurde entwickelt, um Wild in baumbedecktem und bewachsenem Gel\u00e4nde vom Boden aus anzupirschen.<\/p>\n<\/li>\n<li>\n<p class=\"Hero-desc\"><strong>Gewicht:<\/strong> 133 g \/\/ Gr\u00f6\u00dfe: L<\/p>\n<\/li>\n<li>\n<p class=\"Hero-desc\"><strong>Material:<\/strong> 20-Denier Stretch-Nylon-Ripstop, leises Polyester-Strick-Jersey, Netzstoffpaneele unter den Armen<\/p>\n<\/li>\n<li>\n<p class=\"Hero-desc\"><strong>K\u00f6rperkonturierte Atmungsaktivit\u00e4t:<\/strong> Durchdacht platzierte Stoffe bieten klimatisierten Komfort &#8211; das Ascent Hemd verf\u00fcgt \u00fcber einen leichten, aber strapazierf\u00e4higen Nylonk\u00f6rper und \u00c4rmel aus Polyester-Strick f\u00fcr optimale Passform und Funktionalit\u00e4t.<\/p>\n<\/li>\n<li>\n<p class=\"Hero-desc\"><strong>Strickpaneele:<\/strong> Die Strickpaneele im Ascent Hemd bieten Dehnbarkeit in Schl\u00fcsselbereichen.<\/p>\n<\/li>\n<li>\n<p class=\"Hero-desc\"><strong>Polygiene\u00ae Geruchskontrolltechnologie<\/strong> neutralisiert auf sichere Weise durch Schwei\u00df verursachte Ger\u00fcche.<\/p>\n<\/li>\n<li>\n<p class=\"Hero-desc\">UPF 29 ohne chemische Behandlung.<\/p>\n<\/li>\n<li>\n<p class=\"Hero-desc\">Hochklappbarer Kragen f\u00fcr Sonnenschutz.<\/p>\n<\/li>\n<\/ul>\n<p><a href=\"https:\/\/www.huntersfriend.eu\/app\/uploads\/2022\/05\/Sitka-miesten-kokoatulukko.jpg\"><img decoding=\"async\" class=\"alignnone wp-image-231001 size-medium\" src=\"https:\/\/www.huntersfriend.eu\/app\/uploads\/2022\/05\/Sitka-miesten-kokoatulukko-600x371.jpg\" alt=\"\" width=\"600\" height=\"371\" srcset=\"https:\/\/www.huntersfriend.eu\/app\/uploads\/2022\/05\/Sitka-miesten-kokoatulukko-600x371.jpg 600w, https:\/\/www.huntersfriend.eu\/app\/uploads\/2022\/05\/Sitka-miesten-kokoatulukko-768x475.jpg 768w, https:\/\/www.huntersfriend.eu\/app\/uploads\/2022\/05\/Sitka-miesten-kokoatulukko-300x186.jpg 300w, https:\/\/www.huntersfriend.eu\/app\/uploads\/2022\/05\/Sitka-miesten-kokoatulukko-200x124.jpg 200w, https:\/\/www.huntersfriend.eu\/app\/uploads\/2022\/05\/Sitka-miesten-kokoatulukko-97x60.jpg 97w, https:\/\/www.huntersfriend.eu\/app\/uploads\/2022\/05\/Sitka-miesten-kokoatulukko-146x90.jpg 146w, https:\/\/www.huntersfriend.eu\/app\/uploads\/2022\/05\/Sitka-miesten-kokoatulukko.jpg 970w\" sizes=\"(max-width: 600px) 100vw, 600px\" \/><\/a><\/p>\n","protected":false},"excerpt":{"rendered":"<p>Schnell trocknendes, atmungsaktives und UPF-gesch\u00fctztes leichtes Jagdhemd f\u00fcr Jagden zu Beginn der Saison.<\/p>\n<p><a href=\"https:\/\/www.huntersfriend.eu\/app\/uploads\/2022\/05\/Sitka-miesten-kokoatulukko.jpg\"><strong>Gr\u00f6\u00dfentabelle<\/strong><\/a><\/p>\n","protected":false},"featured_media":229595,"comment_status":"open","ping_status":"closed","template":"","meta":[],"product_brand":[],"product_cat":[1145],"product_tag":[],"class_list":{"0":"post-282024","1":"product","2":"type-product","3":"status-publish","4":"has-post-thumbnail","6":"product_cat-sonstiges","8":"first","9":"outofstock","10":"taxable","11":"shipping-taxable","12":"purchasable","13":"product-type-variable"},"composite_virtual":false,"composite_layout":"","composite_add_to_cart_form_location":"","composite_editable_in_cart":false,"composite_sold_individually_context":"","composite_shop_price_calc":"","composite_components":[],"composite_scenarios":[],"group_of_quantity":0,"min_quantity":0,"max_quantity":"","exclude_order_quantity_value_rules":"no","exclude_category_quantity_rules":"no","combine_variations":"no","exclude_global_add_ons":[],"addons":[],"_links":{"self":[{"href":"https:\/\/www.huntersfriend.eu\/de\/wp-json\/wp\/v2\/product\/282024","targetHints":{"allow":["GET"]}}],"collection":[{"href":"https:\/\/www.huntersfriend.eu\/de\/wp-json\/wp\/v2\/product"}],"about":[{"href":"https:\/\/www.huntersfriend.eu\/de\/wp-json\/wp\/v2\/types\/product"}],"replies":[{"embeddable":true,"href":"https:\/\/www.huntersfriend.eu\/de\/wp-json\/wp\/v2\/comments?post=282024"}],"wp:featuredmedia":[{"embeddable":true,"href":"https:\/\/www.huntersfriend.eu\/de\/wp-json\/wp\/v2\/media\/229595"}],"wp:attachment":[{"href":"https:\/\/www.huntersfriend.eu\/de\/wp-json\/wp\/v2\/media?parent=282024"}],"wp:term":[{"taxonomy":"product_brand","embeddable":true,"href":"https:\/\/www.huntersfriend.eu\/de\/wp-json\/wp\/v2\/product_brand?post=282024"},{"taxonomy":"product_cat","embeddable":true,"href":"https:\/\/www.huntersfriend.eu\/de\/wp-json\/wp\/v2\/product_cat?post=282024"},{"taxonomy":"product_tag","embeddable":true,"href":"https:\/\/www.huntersfriend.eu\/de\/wp-json\/wp\/v2\/product_tag?post=282024"}],"curies":[{"name":"wp","href":"https:\/\/api.w.org\/{rel}","templated":true}]}}