{"id":282021,"date":"2022-05-23T09:57:47","date_gmt":"2022-05-23T07:57:47","guid":{"rendered":"https:\/\/www.huntersfriend.eu\/product\/scentlok-be1-voyage-jacke-mossy-oak-terra-gila\/"},"modified":"2026-03-03T12:22:21","modified_gmt":"2026-03-03T10:22:21","slug":"scentlok-be1-voyage-jacke-mossy-oak-terra-gila","status":"publish","type":"product","link":"https:\/\/www.huntersfriend.eu\/de\/produkt\/scentlok-be1-voyage-jacke-mossy-oak-terra-gila\/","title":{"rendered":"Scentlok BE:1 Voyage Jacke &#8211; Mossy Oak Terra Gila"},"content":{"rendered":"<p>Vorsaisonale und vorjagdliche Vorbereitung ist entscheidend f\u00fcr den Erfolg bei der Bogenjagd, jedoch wissen erfahrene Bogenj\u00e4ger, dass die Vorbereitung nur ein Teil der Gleichung ist. Einmal auf dem Hochsitz m\u00fcssen Sie mit Ihrer Umgebung verschmelzen, komfortabel bleiben, um Bewegungen zu vermeiden, hoffen, dass der Bock Ihres Lebens niemals eine Ahnung von Ihrem Geruch bekommt, und Ihren Bogen ger\u00e4uschlos spannen k\u00f6nnen. Genau aus diesen Gr\u00fcnden ben\u00f6tigen Sie das BE:1 Voyage Bekleidungssystem \u2013 das vielseitige, ganzj\u00e4hrig einsetzbare Angebot aus ScentLoks erstklassiger Bowhunter Elite:1 Serie, eine gehobene Kollektion hochwertiger Bekleidung, die speziell f\u00fcr anspruchsvolle Bogenj\u00e4ger entwickelt wurde. Diese Kleidungsst\u00fccke sind kompromisslos in Design, Form, Funktion und in ihrer F\u00e4higkeit, Bogenj\u00e4gern jeden erdenklichen Vorteil zu verschaffen.   <\/p>\n<p>Die BE:1 Voyage Jacke, ideal f\u00fcr Jagden in der fr\u00fchen Saison und w\u00e4hrend der gesamten Brunftzeit, repr\u00e4sentiert das erstklassige System von Sonnenaufgang bis Sonnenuntergang, dem erfahrene J\u00e4ger vertrauen k\u00f6nnen, um die Chancen zu ihren Gunsten zu wenden. Diese mittelgewichtige Jacke aus einer einzigen Schicht ist auf Bewegungsfreiheit und Mobilit\u00e4t zugeschnitten. Die geb\u00fcrstete, erstklassige Fleece-Au\u00dfenseite und das gestrickte Innenfutter sind \u00e4u\u00dferst ger\u00e4uscharm und bieten gleichzeitig die ideale W\u00e4rme, um vor, w\u00e4hrend und nach dem entscheidenden Moment Komfort zu gew\u00e4hrleisten.  <\/p>\n<p>Wie alle ScentLok BE:1 Bekleidungsst\u00fccke verwendet die BE:1 Voyage Jacke fortschrittliche, bogenjagdfreundliche Designs, ultraleise Stoffe und die un\u00fcbertroffene ScentLok Carbon Alloy<sup>TM <\/sup>Technologie f\u00fcr maximale Geruchsadsorption. Mit einer fortschrittlichen feuchtigkeitsableitenden Behandlung f\u00fcr Feuchtigkeitsmanagement und einem praktischen Vier-Taschen-Design zur Sicherung von Ausr\u00fcstung verf\u00fcgt sie \u00fcber eine verdeckte \u00d6ffnung f\u00fcr den Sicherheitsgurt, die es Hochsitzj\u00e4gern erm\u00f6glicht, ihren Geruch weiter zu kontrollieren, indem sie ihren Gurt unter dem Carbon Alloy-Stoff der Voyage tragen. Artikulierte Ellbogen erm\u00f6glichen einen vollen Bewegungsumfang, w\u00e4hrend verj\u00fcngte \u00c4rmel mit flachen Spandex-B\u00fcndchen eine schlanke Passform an Handgelenken und Unterarmen f\u00fcr reibungslose Pfeilfreigaben gew\u00e4hrleisten. Die BE:1 Voyage Jacke, konzipiert f\u00fcr ganzt\u00e4giges Sitzen, ist in drei beliebten Tarnmustern (plus Schwarz f\u00fcr Blindj\u00e4ger) und in zehn Gr\u00f6\u00dfen erh\u00e4ltlich, um den Bed\u00fcrfnissen und Pr\u00e4ferenzen jedes J\u00e4gers gerecht zu werden.   <\/p>\n<div class=\"product-info-main\">\n<div class=\"product-info-middle product-info-top yo\">\n<div class=\"product attribute overview\">\n<div class=\"value\">\n<ul>\n<li><strong>Carbon Alloy\u2122 Technologie<\/strong><br \/>\nF\u00fcr maximale Geruchsadsorption &amp; Geruchskontrolle<\/li>\n<li><strong>Feuchtigkeitsableitend<\/strong><br \/>\nH\u00e4lt Sie k\u00fchl &amp; trocken<\/li>\n<li><strong>Hochwertiger Fleece-Stoff<\/strong><br \/>\nH\u00e4lt Sie warm &amp; absolut ger\u00e4uschlos<\/li>\n<li><strong>Vier-Taschen-Design<\/strong><br \/>\nUm Ihre essenzielle Ausr\u00fcstung sicher und zug\u00e4nglich zu halten<\/li>\n<li><strong>Verdeckte \u00d6ffnung f\u00fcr Sicherheitsgurt<\/strong><br \/>\nErm\u00f6glicht Carbon Alloy die Geruchskontrolle am Gurt<\/li>\n<li><strong>Artikulierte Ellbogen<\/strong><br \/>\nF\u00fcr \u00fcberlegenen Bewegungsumfang &amp; Komfort<\/li>\n<li><strong>Verj\u00fcngte \u00c4rmel mit Spandex-B\u00fcndchen &amp; Rei\u00dfverschl\u00fcssen<\/strong><br \/>\nBieten reduziertes Volumen &amp; ungehinderten Auszug<\/li>\n<\/ul>\n<p>&nbsp;<\/p>\n<\/div>\n<\/div>\n<\/div>\n<\/div>\n","protected":false},"excerpt":{"rendered":"<p>Scentlok BE:1 Voyage Jacke &#8211; Mossy Oak Terra Gila<\/p>\n<p><a href=\"https:\/\/www.huntersfriend.eu\/app\/uploads\/2022\/05\/Scentlok-kokoataulukko.jpg\"><strong>Gr\u00f6\u00dfentabelle<\/strong><\/a><\/p>\n","protected":false},"featured_media":230169,"comment_status":"open","ping_status":"closed","template":"","meta":[],"product_brand":[],"product_cat":[1384,1222],"product_tag":[],"class_list":{"0":"post-282021","1":"product","2":"type-product","3":"status-publish","4":"has-post-thumbnail","6":"product_cat-jacken","7":"product_cat-sonderangebote","9":"first","10":"instock","11":"sale","12":"taxable","13":"shipping-taxable","14":"purchasable","15":"product-type-variable"},"composite_virtual":false,"composite_layout":"","composite_add_to_cart_form_location":"","composite_editable_in_cart":false,"composite_sold_individually_context":"","composite_shop_price_calc":"","composite_components":[],"composite_scenarios":[],"group_of_quantity":0,"min_quantity":0,"max_quantity":"","exclude_order_quantity_value_rules":"no","exclude_category_quantity_rules":"no","combine_variations":"no","exclude_global_add_ons":[],"addons":[],"_links":{"self":[{"href":"https:\/\/www.huntersfriend.eu\/de\/wp-json\/wp\/v2\/product\/282021","targetHints":{"allow":["GET"]}}],"collection":[{"href":"https:\/\/www.huntersfriend.eu\/de\/wp-json\/wp\/v2\/product"}],"about":[{"href":"https:\/\/www.huntersfriend.eu\/de\/wp-json\/wp\/v2\/types\/product"}],"replies":[{"embeddable":true,"href":"https:\/\/www.huntersfriend.eu\/de\/wp-json\/wp\/v2\/comments?post=282021"}],"wp:featuredmedia":[{"embeddable":true,"href":"https:\/\/www.huntersfriend.eu\/de\/wp-json\/wp\/v2\/media\/230169"}],"wp:attachment":[{"href":"https:\/\/www.huntersfriend.eu\/de\/wp-json\/wp\/v2\/media?parent=282021"}],"wp:term":[{"taxonomy":"product_brand","embeddable":true,"href":"https:\/\/www.huntersfriend.eu\/de\/wp-json\/wp\/v2\/product_brand?post=282021"},{"taxonomy":"product_cat","embeddable":true,"href":"https:\/\/www.huntersfriend.eu\/de\/wp-json\/wp\/v2\/product_cat?post=282021"},{"taxonomy":"product_tag","embeddable":true,"href":"https:\/\/www.huntersfriend.eu\/de\/wp-json\/wp\/v2\/product_tag?post=282021"}],"curies":[{"name":"wp","href":"https:\/\/api.w.org\/{rel}","templated":true}]}}