{"id":282013,"date":"2022-05-23T09:52:03","date_gmt":"2022-05-23T07:52:03","guid":{"rendered":"https:\/\/www.huntersfriend.eu\/product\/sitka-kelvin-aerolite-jacke-optifade-subalpine\/"},"modified":"2025-08-09T05:24:21","modified_gmt":"2025-08-09T03:24:21","slug":"sitka-kelvin-aerolite-jacke-optifade-subalpine","status":"publish","type":"product","link":"https:\/\/www.huntersfriend.eu\/de\/produkt\/sitka-kelvin-aerolite-jacke-optifade-subalpine\/","title":{"rendered":"SITKA Kelvin AeroLite Jacke (Optifade Subalpine)"},"content":{"rendered":"<p>In einer Welt der Outdoor-Spezialisierung ist vielseitige Ausr\u00fcstung ebenfalls eine St\u00e4rke. Diese leichte, komprimierbare Jacke maximiert die W\u00e4rme bei minimaler Masse. Verwenden Sie sie f\u00fcr alles, von Hinterland-Jagden und Erkundungstouren au\u00dferhalb der Saison bis hin zum Alltag; sie l\u00e4sst sich bequem unter einer Schale tragen, wann immer Sie einen zus\u00e4tzlichen W\u00e4rmeschub ben\u00f6tigen. Die synthetische PrimaLoft\u00ae Gold Isolierung mit Cross Core\u2122 Technologie repliziert die \u00c4sthetik und Leistung von Daunenisolierung, bietet jedoch W\u00e4rmeleistung auch im feuchten Zustand.   <\/p>\n<ul class=\"HeroSpecs__list\">\n<li> <strong>GORE\u2122 OPTIFADE\u2122 Concealment Subalpine <\/strong>wurde entwickelt, um Wild in baumbedecktem und bewachsenem Gel\u00e4nde vom Boden aus anzupirschen.<\/li>\n<li>\n<p class=\"Hero-desc\"><strong>Gewicht: <\/strong>453 g.<\/p>\n<\/li>\n<li>\n<p class=\"Hero-desc\">Synthetische <strong>PrimaLoft\u00ae Gold Isolierung <\/strong>mit Cross Core\u2122 Technologie repliziert die W\u00e4rme und Komprimierbarkeit von Daunen, jedoch mit dem Vorteil der W\u00e4rmeleistung im feuchten Zustand<\/p>\n<\/li>\n<li>\n<p class=\"Hero-desc\"><strong>Leichte Isolierung <\/strong>(35% recycelt) ist mit Silica-Aerogel versetzt, einem nahezu gewichtslosen Material, das zu mehr als 95% aus Luft besteht und als zus\u00e4tzliche thermische Isolierung fungiert<\/p>\n<\/li>\n<li>\n<p class=\"Hero-desc\">20-Denier-Polyester-Oberfl\u00e4che mit <strong>dauerhafter wasserabweisender Ausr\u00fcstung<\/strong>, 20-Denier-Polyester-R\u00fcckseite<\/p>\n<\/li>\n<li>\n<p class=\"Hero-desc\">DWR-Ausr\u00fcstung widersteht Niederschl\u00e4gen und <strong>verhindert das Durchn\u00e4ssen des Oberstoffs<\/strong><\/p>\n<\/li>\n<li>\n<p class=\"Hero-desc\"><strong>Verst\u00e4rkte, dehnbare Manschetten <\/strong>erm\u00f6glichen reibungsloses, einfaches Schichten und uneingeschr\u00e4nktes Schie\u00dfen<\/p>\n<\/li>\n<li>\n<p class=\"Hero-desc\">Angepasste Kapuze bietet <strong>schlanke W\u00e4rme und Tarnung; <\/strong>behindert nicht die periphere Sicht<\/p>\n<\/li>\n<li>\n<p class=\"Hero-desc\">Tiefe, <strong>mit Rei\u00dfverschluss versehene Brusttasche<\/strong> bewahrt Ihre Wertsachen sicher auf<\/p>\n<\/li>\n<\/ul>\n<p><a href=\"https:\/\/www.huntersfriend.eu\/app\/uploads\/2022\/05\/Sitka-miesten-kokoatulukko.jpg\"><img decoding=\"async\" class=\"alignnone wp-image-231001 size-medium\" src=\"https:\/\/www.huntersfriend.eu\/app\/uploads\/2022\/05\/Sitka-miesten-kokoatulukko-600x371.jpg\" alt=\"\" width=\"600\" height=\"371\" srcset=\"https:\/\/www.huntersfriend.eu\/app\/uploads\/2022\/05\/Sitka-miesten-kokoatulukko-600x371.jpg 600w, https:\/\/www.huntersfriend.eu\/app\/uploads\/2022\/05\/Sitka-miesten-kokoatulukko-768x475.jpg 768w, https:\/\/www.huntersfriend.eu\/app\/uploads\/2022\/05\/Sitka-miesten-kokoatulukko-300x186.jpg 300w, https:\/\/www.huntersfriend.eu\/app\/uploads\/2022\/05\/Sitka-miesten-kokoatulukko-200x124.jpg 200w, https:\/\/www.huntersfriend.eu\/app\/uploads\/2022\/05\/Sitka-miesten-kokoatulukko-97x60.jpg 97w, https:\/\/www.huntersfriend.eu\/app\/uploads\/2022\/05\/Sitka-miesten-kokoatulukko-146x90.jpg 146w, https:\/\/www.huntersfriend.eu\/app\/uploads\/2022\/05\/Sitka-miesten-kokoatulukko.jpg 970w\" sizes=\"(max-width: 600px) 100vw, 600px\" \/><\/a><\/p>\n","protected":false},"excerpt":{"rendered":"<p>Leichte und warme Jagdjacke f\u00fcr Jagden, bei denen Sie einen zus\u00e4tzlichen W\u00e4rmeschub ben\u00f6tigen.<\/p>\n<p><a href=\"https:\/\/www.huntersfriend.eu\/app\/uploads\/2022\/05\/Sitka-miesten-kokoatulukko.jpg\"><strong>Gr\u00f6\u00dfentabelle<\/strong><\/a><\/p>\n","protected":false},"featured_media":229570,"comment_status":"open","ping_status":"closed","template":"","meta":[],"product_brand":[],"product_cat":[1145],"product_tag":[],"class_list":{"0":"post-282013","1":"product","2":"type-product","3":"status-publish","4":"has-post-thumbnail","6":"product_cat-sonstiges","8":"first","9":"outofstock","10":"taxable","11":"shipping-taxable","12":"purchasable","13":"product-type-variable"},"composite_virtual":false,"composite_layout":"","composite_add_to_cart_form_location":"","composite_editable_in_cart":false,"composite_sold_individually_context":"","composite_shop_price_calc":"","composite_components":[],"composite_scenarios":[],"group_of_quantity":0,"min_quantity":0,"max_quantity":"","exclude_order_quantity_value_rules":"no","exclude_category_quantity_rules":"no","combine_variations":"no","exclude_global_add_ons":[],"addons":[],"_links":{"self":[{"href":"https:\/\/www.huntersfriend.eu\/de\/wp-json\/wp\/v2\/product\/282013","targetHints":{"allow":["GET"]}}],"collection":[{"href":"https:\/\/www.huntersfriend.eu\/de\/wp-json\/wp\/v2\/product"}],"about":[{"href":"https:\/\/www.huntersfriend.eu\/de\/wp-json\/wp\/v2\/types\/product"}],"replies":[{"embeddable":true,"href":"https:\/\/www.huntersfriend.eu\/de\/wp-json\/wp\/v2\/comments?post=282013"}],"wp:featuredmedia":[{"embeddable":true,"href":"https:\/\/www.huntersfriend.eu\/de\/wp-json\/wp\/v2\/media\/229570"}],"wp:attachment":[{"href":"https:\/\/www.huntersfriend.eu\/de\/wp-json\/wp\/v2\/media?parent=282013"}],"wp:term":[{"taxonomy":"product_brand","embeddable":true,"href":"https:\/\/www.huntersfriend.eu\/de\/wp-json\/wp\/v2\/product_brand?post=282013"},{"taxonomy":"product_cat","embeddable":true,"href":"https:\/\/www.huntersfriend.eu\/de\/wp-json\/wp\/v2\/product_cat?post=282013"},{"taxonomy":"product_tag","embeddable":true,"href":"https:\/\/www.huntersfriend.eu\/de\/wp-json\/wp\/v2\/product_tag?post=282013"}],"curies":[{"name":"wp","href":"https:\/\/api.w.org\/{rel}","templated":true}]}}