{"id":282008,"date":"2022-05-23T09:52:16","date_gmt":"2022-05-23T07:52:16","guid":{"rendered":"https:\/\/www.huntersfriend.eu\/product\/sitka-fanatic-jacke-optifade-elevated-ii\/"},"modified":"2025-11-06T11:01:09","modified_gmt":"2025-11-06T09:01:09","slug":"sitka-fanatic-jacke-optifade-elevated-ii","status":"publish","type":"product","link":"https:\/\/www.huntersfriend.eu\/de\/produkt\/sitka-fanatic-jacke-optifade-elevated-ii\/","title":{"rendered":"SITKA Fanatic Jacke (Optifade Elevated II)"},"content":{"rendered":"<p>Die Fanatic Jacke ist das Komplettpaket f\u00fcr ultraleise W\u00e4rme und verwendet das fortschrittlichste ger\u00e4uschd\u00e4mmende Gewebe in der Jagdwelt. Konstruiert mit t\u00f6dlich leisem, hochflorigem Berber-Fleece-Obermaterial, einer ultraleisen GORE-TEX INFINIUM\u2122 mit WINDSTOPPER\u00ae Technologie-Barriere f\u00fcr 100% winddichte W\u00e4rme und PrimaLoft\u00ae Silver Hi-Loft Ultra Isolierung f\u00fcr die k\u00e4ltesten Tage auf dem Hochsitz. Die k\u00f6rpergerechte Konstruktion optimiert den Auszugszyklus f\u00fcr die Bogensehnenfreiheit und reduziert gleichzeitig den Umfang am Zugarm, um Ger\u00e4usche zu minimieren und den Pfeilflug pr\u00e4zise zu halten. Der Constant-Connect SITKA\u00ae Sicherheitsgurtport eliminiert die Notwendigkeit, sich vom Gurt zu l\u00f6sen, wenn Schichten hinzugef\u00fcgt oder entfernt werden. Ohne Zweifel ist dies die leiseste Jagdjacke auf dem Planeten.    <\/p>\n<ul class=\"HeroSpecs__list\">\n<li>\n<p class=\"Hero-desc\"><strong>GORE\u2122 OPTIFADE\u2122 Concealment Elevated II <\/strong>ist f\u00fcr Wei\u00dfwedelhirschj\u00e4ger in erh\u00f6hter Position konzipiert.<\/p>\n<\/li>\n<li>\n<p class=\"Hero-desc\"><strong>Gewicht:<\/strong> 1309 g \/\/ Gr\u00f6\u00dfe L<\/p>\n<\/li>\n<li>\n<p class=\"Hero-desc\"><strong>Obermaterial Torso:<\/strong> Hochfloriges Jacquard-Berber-Fleece mit DWR-Ausr\u00fcstung.<\/p>\n<\/li>\n<li>\n<p class=\"Hero-desc\"><strong>Obermaterial Saum und Sitz:<\/strong> Polyester-Stretch-Fleece mit DWR-Ausr\u00fcstung.<\/p>\n<\/li>\n<li>\n<p class=\"Hero-desc\"><strong>Futter:<\/strong> 2-lagiges GORE-TEX INFINIUM\u2122 mit WINDSTOPPER\u00ae Technologie und Polyester-Mikrogrid-Fleece-Strick-Innenseite.<\/p>\n<\/li>\n<li>\n<p class=\"Hero-desc\"><strong>Torso-Isolierung:<\/strong> Kartierte 120-Gramm PrimaLoft\u00ae Silver Hi-Loft Ultra Isolierung.<\/p>\n<\/li>\n<li>\n<p class=\"Hero-desc\"><strong>\u00c4rmel-Isolierung:<\/strong> Kartierte 80-Gramm PrimaLoft\u00ae Silver Hi-Loft Ultra Isolierung.<\/p>\n<\/li>\n<li>\n<p class=\"Hero-desc\"><strong>Wissenschaft des Klangs:<\/strong> Das neue Fanatic-System erm\u00f6glicht es dem J\u00e4ger, sich mit mehr Selbstvertrauen zu bewegen, indem die h\u00f6rbare Erfassungsdistanz halbiert wird.<\/p>\n<\/li>\n<li>\n<p class=\"Hero-desc\"><strong>Durchdacht gestaltete Taschen:<\/strong> Verstauen Sie wichtiges Wei\u00dfwedelhirsch-Zubeh\u00f6r mit Leichtigkeit.<\/p>\n<\/li>\n<li>\n<p class=\"Hero-desc\"><strong>Vordere Rei\u00dfverschlusstasche:<\/strong> Bewahren Sie Ihre Essentials sicher und zug\u00e4nglich auf.<\/p>\n<\/li>\n<li>\n<p class=\"Hero-desc\"><strong>Ultraleiser, diagonaler YKK\u00ae Vislon\u00ae Frontrei\u00dfverschluss:<\/strong> Reduziert Ger\u00e4usche beim Schichten und gew\u00e4hrleistet, dass flache Handw\u00e4rmer-Taschen in die Jacke integriert sind.<\/p>\n<\/li>\n<li>\n<p class=\"Hero-desc\"><strong>Constant-Connect SITKA\u00ae Sicherheitsgurtport:<\/strong> Eliminiert die Notwendigkeit, sich vom Gurt zu l\u00f6sen, wenn Schichten hinzugef\u00fcgt oder entfernt werden.<\/p>\n<\/li>\n<li>\n<p class=\"Hero-desc\"><strong>K\u00f6rperkartierung in den \u00c4rmeln:<\/strong> Erm\u00f6glicht optimale Bogensehnenfreiheit entlang des linken Arms und reduzierte F\u00fclle im rechten Zugarm-Ellbogen.<\/p>\n<\/li>\n<li>\n<p class=\"Hero-desc\"><strong>Kartiertes klettenresistentes Textil am Saum und Sitz:<\/strong> Hilft, Klettenanhaftung in Schl\u00fcsselbereichen zu verhindern.<\/p>\n<\/li>\n<li>\n<p class=\"Hero-desc\"><strong>GORE-TEX INFINIUM\u2122 mit WINDSTOPPER\u00ae:<\/strong> Bietet vollst\u00e4ndigen Windschutz durch eine haltbare, leichte und atmungsaktive Membran.<\/p>\n<\/li>\n<li>\n<p class=\"Hero-desc\"><strong>PrimaLoft\u00ae Technologie:<\/strong> PrimaLoft\u00ae Produkte stellen das Nonplusultra der Isolationstechnologie f\u00fcr J\u00e4ger dar. Ultrafeine Fasern sind so konstruiert, dass sie auch bei N\u00e4sse maximale W\u00e4rme speichern. <\/p>\n<\/li>\n<li>\n<p class=\"Hero-desc\">Magnetischer Stehkragen<\/p>\n<\/li>\n<\/ul>\n<p><a href=\"https:\/\/www.huntersfriend.eu\/app\/uploads\/2022\/05\/Sitka-miesten-kokoatulukko.jpg\"><img decoding=\"async\" class=\"alignnone wp-image-231001 size-medium\" src=\"https:\/\/www.huntersfriend.eu\/app\/uploads\/2022\/05\/Sitka-miesten-kokoatulukko-600x371.jpg\" alt=\"\" width=\"600\" height=\"371\" srcset=\"https:\/\/www.huntersfriend.eu\/app\/uploads\/2022\/05\/Sitka-miesten-kokoatulukko-600x371.jpg 600w, https:\/\/www.huntersfriend.eu\/app\/uploads\/2022\/05\/Sitka-miesten-kokoatulukko-768x475.jpg 768w, https:\/\/www.huntersfriend.eu\/app\/uploads\/2022\/05\/Sitka-miesten-kokoatulukko-300x186.jpg 300w, https:\/\/www.huntersfriend.eu\/app\/uploads\/2022\/05\/Sitka-miesten-kokoatulukko-200x124.jpg 200w, https:\/\/www.huntersfriend.eu\/app\/uploads\/2022\/05\/Sitka-miesten-kokoatulukko-97x60.jpg 97w, https:\/\/www.huntersfriend.eu\/app\/uploads\/2022\/05\/Sitka-miesten-kokoatulukko-146x90.jpg 146w, https:\/\/www.huntersfriend.eu\/app\/uploads\/2022\/05\/Sitka-miesten-kokoatulukko.jpg 970w\" sizes=\"(max-width: 600px) 100vw, 600px\" \/><\/a><\/p>\n","protected":false},"excerpt":{"rendered":"<p>\u00c4u\u00dferst warme Jagdjacke f\u00fcr extreme Bedingungen.<\/p>\n<p><a href=\"https:\/\/www.huntersfriend.eu\/app\/uploads\/2022\/05\/Sitka-miesten-kokoatulukko.jpg\"><strong>Gr\u00f6\u00dfentabelle<\/strong><\/a><\/p>\n","protected":false},"featured_media":229775,"comment_status":"open","ping_status":"closed","template":"","meta":[],"product_brand":[],"product_cat":[1145],"product_tag":[],"class_list":{"0":"post-282008","1":"product","2":"type-product","3":"status-publish","4":"has-post-thumbnail","6":"product_cat-sonstiges","8":"first","9":"outofstock","10":"taxable","11":"shipping-taxable","12":"purchasable","13":"product-type-variable"},"composite_virtual":false,"composite_layout":"","composite_add_to_cart_form_location":"","composite_editable_in_cart":false,"composite_sold_individually_context":"","composite_shop_price_calc":"","composite_components":[],"composite_scenarios":[],"group_of_quantity":0,"min_quantity":0,"max_quantity":"","exclude_order_quantity_value_rules":"no","exclude_category_quantity_rules":"no","combine_variations":"no","exclude_global_add_ons":[],"addons":[],"_links":{"self":[{"href":"https:\/\/www.huntersfriend.eu\/de\/wp-json\/wp\/v2\/product\/282008","targetHints":{"allow":["GET"]}}],"collection":[{"href":"https:\/\/www.huntersfriend.eu\/de\/wp-json\/wp\/v2\/product"}],"about":[{"href":"https:\/\/www.huntersfriend.eu\/de\/wp-json\/wp\/v2\/types\/product"}],"replies":[{"embeddable":true,"href":"https:\/\/www.huntersfriend.eu\/de\/wp-json\/wp\/v2\/comments?post=282008"}],"wp:featuredmedia":[{"embeddable":true,"href":"https:\/\/www.huntersfriend.eu\/de\/wp-json\/wp\/v2\/media\/229775"}],"wp:attachment":[{"href":"https:\/\/www.huntersfriend.eu\/de\/wp-json\/wp\/v2\/media?parent=282008"}],"wp:term":[{"taxonomy":"product_brand","embeddable":true,"href":"https:\/\/www.huntersfriend.eu\/de\/wp-json\/wp\/v2\/product_brand?post=282008"},{"taxonomy":"product_cat","embeddable":true,"href":"https:\/\/www.huntersfriend.eu\/de\/wp-json\/wp\/v2\/product_cat?post=282008"},{"taxonomy":"product_tag","embeddable":true,"href":"https:\/\/www.huntersfriend.eu\/de\/wp-json\/wp\/v2\/product_tag?post=282008"}],"curies":[{"name":"wp","href":"https:\/\/api.w.org\/{rel}","templated":true}]}}