{"id":281991,"date":"2022-05-23T09:52:01","date_gmt":"2022-05-23T07:52:01","guid":{"rendered":"https:\/\/www.huntersfriend.eu\/product\/sitka-timberline-hose-optifade-subalpine\/"},"modified":"2026-04-23T12:22:08","modified_gmt":"2026-04-23T10:22:08","slug":"sitka-timberline-hose-optifade-subalpine","status":"publish","type":"product","link":"https:\/\/www.huntersfriend.eu\/de\/produkt\/sitka-timberline-hose-optifade-subalpine\/","title":{"rendered":"SITKA Timberline Hose (Optifade Subalpine)"},"content":{"rendered":"<p>Diese Softshell-Hose ist die erste Wahl f\u00fcr anspruchsvolle Bedingungen in der Mitte bis zum Ende der Saison im Hinterland. Gefertigt aus \u00e4u\u00dferst strapazierf\u00e4higem Polyester mit 4-Wege-Stretch und doppelt verst\u00e4rkten, wasserdichten und atmungsaktiven Ripstop-Nylon-Knien und -Sitzfl\u00e4chen. Abnehmbare, anatomisch geformte Kniepolster gew\u00e4hrleisten Haltbarkeit und Komfort, unabh\u00e4ngig davon, ob Sie im Ger\u00f6ll der Rocky Mountains klettern, durch die Kakteen der Mojave-W\u00fcste pirschen oder ein erlegtes Tier versorgen.  <\/p>\n<ul class=\"HeroSpecs__list\">\n<li> <strong>GORE\u2122 OPTIFADE\u2122 Concealment Subalpine <\/strong>wurde entwickelt, um Wild in baumbedecktem und bewachsenem Gel\u00e4nde vom Boden aus anzupirschen.<\/li>\n<li>\n<p class=\"Hero-desc\"><strong>Material:<\/strong> 4-Wege-Stretch-Polyester-Au\u00dfenmaterial, Ripstop-Nylon an Ges\u00e4\u00df &amp; Knien<\/p>\n<\/li>\n<li>\n<p class=\"Hero-desc\"><strong>Dauerhaft wasserabweisend<\/strong> Finish widersteht leichten Niederschl\u00e4gen und verhindert das Ausn\u00e4ssen des Oberstoffs.<\/p>\n<\/li>\n<li>\n<p class=\"Hero-desc\"><strong>Verst\u00e4rkter Sitz und Knie:<\/strong> Sitz und Knie sind mit einem wasserdichten Ripstop-Nylongewebe verst\u00e4rkt, sodass eine lange Tour auf einem nassen Sattel oder ein kurzes Sitzen im Schnee Sie nicht kalt und nass werden l\u00e4sst.<\/p>\n<\/li>\n<li>\n<p class=\"Hero-desc\"><strong>Abnehmbare Kniepolster:<\/strong> Abnehmbare Kniepolster bieten zus\u00e4tzlichen Schutz, sei es beim Klettern durch Ger\u00f6ll in den n\u00f6rdlichen Rocky Mountains, beim Durchqueren von Kakteenfeldern in der Sonora-W\u00fcste oder beim Ausweiden eines erlegten Tieres.<\/p>\n<\/li>\n<li>\n<p class=\"Hero-desc\"><strong>Anatomische Schnittf\u00fchrung:<\/strong> Die Passform ist athletisch mit sich verj\u00fcngenden Beinen und einem flachen Bund, der sich unter einem Rucksack nicht aufbauscht oder scheuert<\/p>\n<\/li>\n<li>Wird mit Hosentr\u00e4gern geliefert, um die Hose in allen Situationen an ihrem Platz zu halten.<\/li>\n<\/ul>\n<p><a href=\"https:\/\/www.huntersfriend.eu\/app\/uploads\/2022\/05\/Sitka-miesten-kokoatulukko.jpg\"><img decoding=\"async\" class=\"alignnone wp-image-231001 size-medium\" src=\"https:\/\/www.huntersfriend.eu\/app\/uploads\/2022\/05\/Sitka-miesten-kokoatulukko-600x371.jpg\" alt=\"\" width=\"600\" height=\"371\" srcset=\"https:\/\/www.huntersfriend.eu\/app\/uploads\/2022\/05\/Sitka-miesten-kokoatulukko-600x371.jpg 600w, https:\/\/www.huntersfriend.eu\/app\/uploads\/2022\/05\/Sitka-miesten-kokoatulukko-768x475.jpg 768w, https:\/\/www.huntersfriend.eu\/app\/uploads\/2022\/05\/Sitka-miesten-kokoatulukko-300x186.jpg 300w, https:\/\/www.huntersfriend.eu\/app\/uploads\/2022\/05\/Sitka-miesten-kokoatulukko-200x124.jpg 200w, https:\/\/www.huntersfriend.eu\/app\/uploads\/2022\/05\/Sitka-miesten-kokoatulukko-97x60.jpg 97w, https:\/\/www.huntersfriend.eu\/app\/uploads\/2022\/05\/Sitka-miesten-kokoatulukko-146x90.jpg 146w, https:\/\/www.huntersfriend.eu\/app\/uploads\/2022\/05\/Sitka-miesten-kokoatulukko.jpg 970w\" sizes=\"(max-width: 600px) 100vw, 600px\" \/><\/a><\/p>\n","protected":false},"excerpt":{"rendered":"<p>Robuste Jagdhose mit Hosentr\u00e4gern<\/p>\n<p><a href=\"https:\/\/www.huntersfriend.eu\/app\/uploads\/2022\/05\/Sitka-miesten-kokoatulukko.jpg\"><strong>Gr\u00f6\u00dfentabelle<\/strong><\/a><\/p>\n","protected":false},"featured_media":229545,"comment_status":"open","ping_status":"closed","template":"","meta":[],"product_brand":[],"product_cat":[2779,2765,1222],"product_tag":[],"class_list":{"0":"post-281991","1":"product","2":"type-product","3":"status-publish","4":"has-post-thumbnail","6":"product_cat-byxor","7":"product_cat-fyndlada-slutrea","8":"product_cat-sonderangebote","10":"first","11":"instock","12":"sale","13":"taxable","14":"shipping-taxable","15":"purchasable","16":"product-type-variable"},"composite_virtual":false,"composite_layout":"","composite_add_to_cart_form_location":"","composite_editable_in_cart":false,"composite_sold_individually_context":"","composite_shop_price_calc":"","composite_components":[],"composite_scenarios":[],"group_of_quantity":0,"min_quantity":0,"max_quantity":"","exclude_order_quantity_value_rules":"no","exclude_category_quantity_rules":"no","combine_variations":"no","exclude_global_add_ons":[],"addons":[],"_links":{"self":[{"href":"https:\/\/www.huntersfriend.eu\/de\/wp-json\/wp\/v2\/product\/281991","targetHints":{"allow":["GET"]}}],"collection":[{"href":"https:\/\/www.huntersfriend.eu\/de\/wp-json\/wp\/v2\/product"}],"about":[{"href":"https:\/\/www.huntersfriend.eu\/de\/wp-json\/wp\/v2\/types\/product"}],"replies":[{"embeddable":true,"href":"https:\/\/www.huntersfriend.eu\/de\/wp-json\/wp\/v2\/comments?post=281991"}],"wp:featuredmedia":[{"embeddable":true,"href":"https:\/\/www.huntersfriend.eu\/de\/wp-json\/wp\/v2\/media\/229545"}],"wp:attachment":[{"href":"https:\/\/www.huntersfriend.eu\/de\/wp-json\/wp\/v2\/media?parent=281991"}],"wp:term":[{"taxonomy":"product_brand","embeddable":true,"href":"https:\/\/www.huntersfriend.eu\/de\/wp-json\/wp\/v2\/product_brand?post=281991"},{"taxonomy":"product_cat","embeddable":true,"href":"https:\/\/www.huntersfriend.eu\/de\/wp-json\/wp\/v2\/product_cat?post=281991"},{"taxonomy":"product_tag","embeddable":true,"href":"https:\/\/www.huntersfriend.eu\/de\/wp-json\/wp\/v2\/product_tag?post=281991"}],"curies":[{"name":"wp","href":"https:\/\/api.w.org\/{rel}","templated":true}]}}