{"id":281987,"date":"2022-08-05T12:19:57","date_gmt":"2022-08-05T10:19:57","guid":{"rendered":"https:\/\/www.huntersfriend.eu\/product\/rogers-workin-man-ground-blind\/"},"modified":"2026-04-10T13:04:46","modified_gmt":"2026-04-10T11:04:46","slug":"rogers-workin-man-ground-blind","status":"publish","type":"product","link":"https:\/\/www.huntersfriend.eu\/de\/produkt\/rogers-workin-man-ground-blind\/","title":{"rendered":"Rogers Workin&#8216; Man Ground Blind"},"content":{"rendered":"<p>Das Rogers Workin&#8216; Man Tarnzelt bietet ein \u00e4u\u00dferst vielseitiges und ger\u00e4uscharmes 270\u00b0-Schussfenster, welches dem J\u00e4ger multiple Aufstellungsoptionen erm\u00f6glicht. Egal, ob Sie alle Fenster oder ein Fenster \u00f6ffnen m\u00f6chten, der Blind kann einfach angepasst werden. Mit Tarnschlaufen unterhalb und oberhalb der Fenster, kombiniert mit dem Mossy Oak DNA Tarnmuster, werden Sie in verschiedensten Vegetationstypen unsichtbar.<\/p>\n<h2>MERKMALE<\/h2>\n<ul>\n<li>Zentralstange zu Zentralstange: 76 \u201ex 76\u201c<\/li>\n<li>H\u00f6he: 67&#8243;<\/li>\n<li>Grundfl\u00e4che: 62 \u201ex 62\u201c<\/li>\n<li>Track-Slide Camo Fenster\u00f6ffnungen<\/li>\n<li>Das Camo Mesh erlaubt es die Waffe hindurchzuschieben.<\/li>\n<li>270\u00b0 Schie\u00dffenster<\/li>\n<li>Gewicht: 14 lbs<\/li>\n<\/ul>\n<p><strong>Achtung! Online-Bestellungen sind auf ein Exemplar pro Bestellung beschr\u00e4nkt. Bei gr\u00f6\u00dferen Mengen wenden Sie sich bitte direkt an den Kundenservice, um die Lieferkosten zu erfragen.<\/strong><\/p>\n","protected":false},"excerpt":{"rendered":"<p><strong>Achtung! Online-Bestellungen sind auf ein Exemplar pro Bestellung beschr\u00e4nkt. Bei gr\u00f6\u00dferen Mengen wenden Sie sich bitte direkt an den Kundenservice, um die Lieferkosten zu erfragen.<\/strong><\/p>\n","protected":false},"featured_media":235896,"comment_status":"open","ping_status":"closed","template":"","meta":[],"product_brand":[],"product_cat":[1390,1222],"product_tag":[],"class_list":{"0":"post-281987","1":"product","2":"type-product","3":"status-publish","4":"has-post-thumbnail","6":"product_cat-boden-tarnschirme","7":"product_cat-sonderangebote","8":"product_shipping_class-big-de","10":"first","11":"instock","12":"sale","13":"featured","14":"taxable","15":"shipping-taxable","16":"purchasable","17":"product-type-simple"},"composite_virtual":false,"composite_layout":"","composite_add_to_cart_form_location":"","composite_editable_in_cart":false,"composite_sold_individually_context":"","composite_shop_price_calc":"","composite_components":[],"composite_scenarios":[],"group_of_quantity":0,"min_quantity":0,"max_quantity":"","exclude_order_quantity_value_rules":"no","exclude_category_quantity_rules":"no","combine_variations":"no","exclude_global_add_ons":[],"addons":[],"_links":{"self":[{"href":"https:\/\/www.huntersfriend.eu\/de\/wp-json\/wp\/v2\/product\/281987","targetHints":{"allow":["GET"]}}],"collection":[{"href":"https:\/\/www.huntersfriend.eu\/de\/wp-json\/wp\/v2\/product"}],"about":[{"href":"https:\/\/www.huntersfriend.eu\/de\/wp-json\/wp\/v2\/types\/product"}],"replies":[{"embeddable":true,"href":"https:\/\/www.huntersfriend.eu\/de\/wp-json\/wp\/v2\/comments?post=281987"}],"wp:featuredmedia":[{"embeddable":true,"href":"https:\/\/www.huntersfriend.eu\/de\/wp-json\/wp\/v2\/media\/235896"}],"wp:attachment":[{"href":"https:\/\/www.huntersfriend.eu\/de\/wp-json\/wp\/v2\/media?parent=281987"}],"wp:term":[{"taxonomy":"product_brand","embeddable":true,"href":"https:\/\/www.huntersfriend.eu\/de\/wp-json\/wp\/v2\/product_brand?post=281987"},{"taxonomy":"product_cat","embeddable":true,"href":"https:\/\/www.huntersfriend.eu\/de\/wp-json\/wp\/v2\/product_cat?post=281987"},{"taxonomy":"product_tag","embeddable":true,"href":"https:\/\/www.huntersfriend.eu\/de\/wp-json\/wp\/v2\/product_tag?post=281987"}],"curies":[{"name":"wp","href":"https:\/\/api.w.org\/{rel}","templated":true}]}}