{"id":281971,"date":"2022-07-19T11:56:04","date_gmt":"2025-06-23T10:39:19","guid":{"rendered":"https:\/\/www.huntersfriend.eu\/product\/finale-annaeherung-branta-lockenten-handschuhe\/"},"modified":"2025-09-17T13:10:39","modified_gmt":"2025-09-17T11:10:39","slug":"finale-annaeherung-branta-lockenten-handschuhe","status":"publish","type":"product","link":"https:\/\/www.huntersfriend.eu\/de\/produkt\/finale-annaeherung-branta-lockenten-handschuhe\/","title":{"rendered":"Finale Ann\u00e4herung Branta Lockenten-Handschuhe"},"content":{"rendered":"<p>Bewahren Sie Ihre H\u00e4nde w\u00e4hrend des Aufenthalts im Feld warm und trocken. Diese zu 100% wasserdichten Handschuhe sind f\u00fcr das Aufheben von Lockenten in kaltem Wasser konzipiert, k\u00f6nnen jedoch auch zum Bewegen von Eisplatten, Paddeln von Kajaks, Steuern von Booten oder f\u00fcr jegliche andere erdenkliche T\u00e4tigkeit verwendet werden. Dieser Stulpenhandschuh erm\u00f6glicht es Ihnen, in Wasser zu greifen, ohne sich Sorgen machen zu m\u00fcssen, dass Ihre Arme nass werden. Die 100g Primaloft-Isolierung h\u00e4lt Ihre H\u00e4nde angenehm warm, w\u00e4hrend Sie Ihrer Leidenschaft nachgehen.   <\/p>\n<h2>MERKMALE<\/h2>\n<ul>\n<li>100% wasserdichtes \/ atmungsaktives Design<\/li>\n<li>100g Primaloft-Isolierung f\u00fcr W\u00e4rme ohne zus\u00e4tzliches Gewicht<\/li>\n<li>DWR-Ausr\u00fcstung zum Abperlen von Wasser<\/li>\n<li>Einh\u00e4ndiger Kordelverschluss &amp; -\u00f6ffnung<\/li>\n<\/ul>\n","protected":false},"excerpt":{"rendered":"<p>Bewahren Sie Ihre H\u00e4nde w\u00e4hrend des Aufenthalts im Feld warm und trocken. Diese zu 100% wasserdichten Handschuhe sind f\u00fcr das Aufheben von Lockenten in kaltem Wasser konzipiert, k\u00f6nnen jedoch auch zum Bewegen von Eisplatten, Paddeln von Kajaks, Steuern von Booten oder f\u00fcr jegliche andere erdenkliche T\u00e4tigkeit verwendet werden. Dieser Stulpenhandschuh erm\u00f6glicht es Ihnen, in Wasser [&#8230;]\n","protected":false},"featured_media":235600,"comment_status":"open","ping_status":"closed","template":"","meta":[],"product_brand":[],"product_cat":[1382],"product_tag":[],"class_list":{"0":"post-281971","1":"product","2":"type-product","3":"status-publish","4":"has-post-thumbnail","6":"product_cat-handschuhe","8":"first","9":"instock","10":"taxable","11":"shipping-taxable","12":"purchasable","13":"product-type-variable"},"composite_virtual":false,"composite_layout":"","composite_add_to_cart_form_location":"","composite_editable_in_cart":false,"composite_sold_individually_context":"","composite_shop_price_calc":"","composite_components":[],"composite_scenarios":[],"group_of_quantity":0,"min_quantity":0,"max_quantity":"","exclude_order_quantity_value_rules":"no","exclude_category_quantity_rules":"no","combine_variations":"no","exclude_global_add_ons":[],"addons":[],"_links":{"self":[{"href":"https:\/\/www.huntersfriend.eu\/de\/wp-json\/wp\/v2\/product\/281971","targetHints":{"allow":["GET"]}}],"collection":[{"href":"https:\/\/www.huntersfriend.eu\/de\/wp-json\/wp\/v2\/product"}],"about":[{"href":"https:\/\/www.huntersfriend.eu\/de\/wp-json\/wp\/v2\/types\/product"}],"replies":[{"embeddable":true,"href":"https:\/\/www.huntersfriend.eu\/de\/wp-json\/wp\/v2\/comments?post=281971"}],"wp:featuredmedia":[{"embeddable":true,"href":"https:\/\/www.huntersfriend.eu\/de\/wp-json\/wp\/v2\/media\/235600"}],"wp:attachment":[{"href":"https:\/\/www.huntersfriend.eu\/de\/wp-json\/wp\/v2\/media?parent=281971"}],"wp:term":[{"taxonomy":"product_brand","embeddable":true,"href":"https:\/\/www.huntersfriend.eu\/de\/wp-json\/wp\/v2\/product_brand?post=281971"},{"taxonomy":"product_cat","embeddable":true,"href":"https:\/\/www.huntersfriend.eu\/de\/wp-json\/wp\/v2\/product_cat?post=281971"},{"taxonomy":"product_tag","embeddable":true,"href":"https:\/\/www.huntersfriend.eu\/de\/wp-json\/wp\/v2\/product_tag?post=281971"}],"curies":[{"name":"wp","href":"https:\/\/api.w.org\/{rel}","templated":true}]}}