{"id":281970,"date":"2022-07-21T13:17:10","date_gmt":"2025-06-23T10:39:18","guid":{"rendered":"https:\/\/www.huntersfriend.eu\/product\/meat-seeker-kevlar-bogenschiesshandschuh-fuer-linkshaenderschuetzen\/"},"modified":"2025-06-23T12:39:18","modified_gmt":"2025-06-23T10:39:18","slug":"meat-seeker-kevlar-bogenschiesshandschuh-fuer-linkshaenderschuetzen","status":"publish","type":"product","link":"https:\/\/www.huntersfriend.eu\/de\/produkt\/meat-seeker-kevlar-bogenschiesshandschuh-fuer-linkshaenderschuetzen\/","title":{"rendered":"Meat Seeker Kevlar-Bogenschie\u00dfhandschuh &#8211; f\u00fcr Linksh\u00e4ndersch\u00fctzen"},"content":{"rendered":"<p class=\"font_7\"><strong><span class=\"color_15\">BITTE BEACHTEN SIE: Bei der Auswahl eines Meat Seeker Kevlar-Schie\u00dfhandschuhs w\u00e4hlen Sie einen Handschuh f\u00fcr Ihre \u201eBogenhand\u201c aus, nicht f\u00fcr Ihre Zughand. Bitte w\u00e4hlen Sie den Handschuh entsprechend der Hand, mit der Sie den Bogen halten. Bei Fragen kontaktieren Sie uns bitte f\u00fcr eine Beratung.  <\/span><\/strong><\/p>\n<p><em><strong>DIESE HANDSCHUHWAHL IST F\u00dcR IHRE RECHTE HAND (folglich ziehen Sie die Sehne mit Ihrer linken Hand)<\/strong><\/em><\/p>\n<p class=\"font_7\"><span class=\"color_15\">Der Meat Seeker Kevlar-Schie\u00dfhandschuh ist konzipiert, um Ihre Hand zu sch\u00fctzen, wenn der schlimmstm\u00f6gliche Fall beim Schie\u00dfen eintritt, n\u00e4mlich ein Pfeilbruch w\u00e4hrend des Schusses. Der robuste Kevlar-Schild auf dem Handr\u00fccken hilft, Ihre Hand vor eindringenden Splittern von zerbrochenem Carbon zu sch\u00fctzen. Es ist eine \u00e4u\u00dferst kosteng\u00fcnstige Gesundheitsversicherung f\u00fcr Ihre Hand.  <\/span><\/p>\n<p>Gr\u00f6\u00dfenhilfe:<\/p>\n<ul>\n<li>Klein 20,3 cm \u00fcber die Handkn\u00f6chel gemessen<\/li>\n<li>Mittel 21,6 cm \u00fcber die Handkn\u00f6chel gemessen<\/li>\n<li>Gro\u00df 22,9 cm \u00fcber die Handkn\u00f6chel gemessen<\/li>\n<li>XL 24,1 cm \u00fcber die Handkn\u00f6chel gemessen<\/li>\n<li>2XL 25,4 cm \u00fcber die Handkn\u00f6chel gemessen<\/li>\n<\/ul>\n<h3>Hier eine Auflistung h\u00e4ufiger Gr\u00fcnde f\u00fcr Pfeilbr\u00fcche:<\/h3>\n<ul>\n<li>Unzureichend geschulter Sch\u00fctze<\/li>\n<li>Unterdimensionierter Pfeil<\/li>\n<li>Vor dem Schuss besch\u00e4digter Pfeil<\/li>\n<li>\u00dcberm\u00e4\u00dfige Torsion am Bogengriff<\/li>\n<li>Inkonsistenter Kontakt mit dem Bogengriff<\/li>\n<li>Nicht korrekt eingestellte Pfeilauflage<\/li>\n<li>\u00dcberm\u00e4\u00dfige Nockenrollenneigung, die zur Sehnenentgleisung f\u00fchrt<\/li>\n<li>Trockenschuss des Bogens<\/li>\n<li>Gebrochene Nocke<\/li>\n<li>Zu kurzer Pfeil<\/li>\n<li>Zwischen Pfeilauflage und Mittelst\u00fcck verklemmter Pfeil<\/li>\n<li>Pfeil f\u00e4llt von der Nockpunktwicklung<\/li>\n<li>Nicht ordnungsgem\u00e4\u00df gewarteter Bogen<\/li>\n<li>Vorzeitige Ausl\u00f6sung<\/li>\n<li>Defekter Release<\/li>\n<li>Gebrochene Sehnen\/Kabel<\/li>\n<li>Wurfarmversagen<\/li>\n<li>Nockenrollenversagen<\/li>\n<li>Unzureichende Konditionierung des Sch\u00fctzen<\/li>\n<li>Falsche Auszugsl\u00e4nge<\/li>\n<\/ul>\n<p>Wir k\u00f6nnen keinen 100%igen Schutz bei Unf\u00e4llen mit einem gebrochenen Pfeil garantieren, aber das Design wurde auf einem sehr hohen Niveau konzipiert und getestet.<\/p>\n","protected":false},"excerpt":{"rendered":"<p>Rechter Handschuh f\u00fcr Linksh\u00e4ndersch\u00fctzen<\/p>\n","protected":false},"featured_media":233825,"comment_status":"open","ping_status":"closed","template":"","meta":[],"product_brand":[],"product_cat":[1146,1081],"product_tag":[],"class_list":{"0":"post-281970","1":"product","2":"type-product","3":"status-publish","4":"has-post-thumbnail","6":"product_cat-jagd-und-scheiben-armschutz","7":"product_cat-schiess-handschuhe","9":"first","10":"instock","11":"featured","12":"taxable","13":"shipping-taxable","14":"purchasable","15":"product-type-variable"},"composite_virtual":false,"composite_layout":"","composite_add_to_cart_form_location":"","composite_editable_in_cart":false,"composite_sold_individually_context":"","composite_shop_price_calc":"","composite_components":[],"composite_scenarios":[],"group_of_quantity":0,"min_quantity":0,"max_quantity":"","exclude_order_quantity_value_rules":"no","exclude_category_quantity_rules":"no","combine_variations":"no","exclude_global_add_ons":[],"addons":[],"_links":{"self":[{"href":"https:\/\/www.huntersfriend.eu\/de\/wp-json\/wp\/v2\/product\/281970","targetHints":{"allow":["GET"]}}],"collection":[{"href":"https:\/\/www.huntersfriend.eu\/de\/wp-json\/wp\/v2\/product"}],"about":[{"href":"https:\/\/www.huntersfriend.eu\/de\/wp-json\/wp\/v2\/types\/product"}],"replies":[{"embeddable":true,"href":"https:\/\/www.huntersfriend.eu\/de\/wp-json\/wp\/v2\/comments?post=281970"}],"wp:featuredmedia":[{"embeddable":true,"href":"https:\/\/www.huntersfriend.eu\/de\/wp-json\/wp\/v2\/media\/233825"}],"wp:attachment":[{"href":"https:\/\/www.huntersfriend.eu\/de\/wp-json\/wp\/v2\/media?parent=281970"}],"wp:term":[{"taxonomy":"product_brand","embeddable":true,"href":"https:\/\/www.huntersfriend.eu\/de\/wp-json\/wp\/v2\/product_brand?post=281970"},{"taxonomy":"product_cat","embeddable":true,"href":"https:\/\/www.huntersfriend.eu\/de\/wp-json\/wp\/v2\/product_cat?post=281970"},{"taxonomy":"product_tag","embeddable":true,"href":"https:\/\/www.huntersfriend.eu\/de\/wp-json\/wp\/v2\/product_tag?post=281970"}],"curies":[{"name":"wp","href":"https:\/\/api.w.org\/{rel}","templated":true}]}}