{"id":281965,"date":"2022-07-19T11:10:46","date_gmt":"2022-07-19T09:10:46","guid":{"rendered":"https:\/\/www.huntersfriend.eu\/product\/finale-annaeherung-branta-wattjacke\/"},"modified":"2025-09-17T13:10:38","modified_gmt":"2025-09-17T11:10:38","slug":"finale-annaeherung-branta-wattjacke","status":"publish","type":"product","link":"https:\/\/www.huntersfriend.eu\/de\/produkt\/finale-annaeherung-branta-wattjacke\/","title":{"rendered":"Finale Ann\u00e4herung Branta Wattjacke"},"content":{"rendered":"<div>Die Branta Wattjacke ist mit Funktionen ausgestattet, die ein Wasservogelj\u00e4ger zu sch\u00e4tzen wei\u00df. Sie ist \u00e4u\u00dferst warm, winddicht und wasserdicht. Wir haben an den Unterarmen und Ellbogen, wo andere Jacken versagen, zus\u00e4tzliche Verst\u00e4rkungen angebracht. Die Branta Wattjacke h\u00e4lt Sie im Inneren warm und l\u00e4sst die Elemente drau\u00dfen.   <\/div>\n<ul>\n<li>170 Gramm Primaloft Silver, YKK AquaGuard Rei\u00dfverschl\u00fcsse<\/li>\n<li>Anliegende und flexible \u00c4rmel und Unterarme<\/li>\n<li>100% wasserdicht und winddicht mit versiegelten N\u00e4hten<\/li>\n<li>Verst\u00e4rkte, wasserdichte Unterarme und Ellbogen, wo alle anderen Jacken versagen<\/li>\n<li>Hochwertige, fleecegef\u00fctterte Handw\u00e4rmertaschen auf Brusth\u00f6he und verstellbare Polyestermanschetten<\/li>\n<li>Hochgezogener Vorderrei\u00dfverschluss und fleecegef\u00fctterte, abnehmbare Kapuze<\/li>\n<li>2 untere magnetische Einschubtaschen<\/li>\n<li>Rutschfestes Schulterdesign f\u00fcr eine sicherere Oberfl\u00e4che auf Ihren Schultern f\u00fcr Gewehre und Taschen<\/li>\n<\/ul>\n","protected":false},"excerpt":{"rendered":"<p>Die Branta Wattjacke ist mit Funktionen ausgestattet, die ein Wasservogelj\u00e4ger zu sch\u00e4tzen wei\u00df. Sie ist \u00e4u\u00dferst warm, winddicht und wasserdicht. Wir haben an den Unterarmen und Ellbogen, wo andere Jacken versagen, zus\u00e4tzliche Verst\u00e4rkungen angebracht. Die Branta Wattjacke h\u00e4lt Sie im Inneren warm und l\u00e4sst die Elemente drau\u00dfen. 170 Gramm Primaloft Silver, YKK AquaGuard Rei\u00dfverschl\u00fcsse Anliegende [&#8230;]\n","protected":false},"featured_media":235590,"comment_status":"open","ping_status":"closed","template":"","meta":[],"product_brand":[],"product_cat":[1145],"product_tag":[],"class_list":{"0":"post-281965","1":"product","2":"type-product","3":"status-publish","4":"has-post-thumbnail","6":"product_cat-sonstiges","7":"product_shipping_class-medium-de","9":"first","10":"outofstock","11":"taxable","12":"shipping-taxable","13":"purchasable","14":"product-type-variable"},"composite_virtual":false,"composite_layout":"","composite_add_to_cart_form_location":"","composite_editable_in_cart":false,"composite_sold_individually_context":"","composite_shop_price_calc":"","composite_components":[],"composite_scenarios":[],"group_of_quantity":0,"min_quantity":0,"max_quantity":"","exclude_order_quantity_value_rules":"no","exclude_category_quantity_rules":"no","combine_variations":"no","exclude_global_add_ons":[],"addons":[],"_links":{"self":[{"href":"https:\/\/www.huntersfriend.eu\/de\/wp-json\/wp\/v2\/product\/281965","targetHints":{"allow":["GET"]}}],"collection":[{"href":"https:\/\/www.huntersfriend.eu\/de\/wp-json\/wp\/v2\/product"}],"about":[{"href":"https:\/\/www.huntersfriend.eu\/de\/wp-json\/wp\/v2\/types\/product"}],"replies":[{"embeddable":true,"href":"https:\/\/www.huntersfriend.eu\/de\/wp-json\/wp\/v2\/comments?post=281965"}],"wp:featuredmedia":[{"embeddable":true,"href":"https:\/\/www.huntersfriend.eu\/de\/wp-json\/wp\/v2\/media\/235590"}],"wp:attachment":[{"href":"https:\/\/www.huntersfriend.eu\/de\/wp-json\/wp\/v2\/media?parent=281965"}],"wp:term":[{"taxonomy":"product_brand","embeddable":true,"href":"https:\/\/www.huntersfriend.eu\/de\/wp-json\/wp\/v2\/product_brand?post=281965"},{"taxonomy":"product_cat","embeddable":true,"href":"https:\/\/www.huntersfriend.eu\/de\/wp-json\/wp\/v2\/product_cat?post=281965"},{"taxonomy":"product_tag","embeddable":true,"href":"https:\/\/www.huntersfriend.eu\/de\/wp-json\/wp\/v2\/product_tag?post=281965"}],"curies":[{"name":"wp","href":"https:\/\/api.w.org\/{rel}","templated":true}]}}