{"id":281964,"date":"2022-07-21T10:26:45","date_gmt":"2022-07-21T08:26:45","guid":{"rendered":"https:\/\/www.huntersfriend.eu\/product\/foxpro-shockwave-elektronischer-lockreiz\/"},"modified":"2026-03-04T12:53:40","modified_gmt":"2026-03-04T10:53:40","slug":"foxpro-shockwave-elektronischer-lockreiz","status":"publish","type":"product","link":"https:\/\/www.huntersfriend.eu\/de\/produkt\/foxpro-shockwave-elektronischer-lockreiz\/","title":{"rendered":"FoxPro ShockWave elektronischer Lockreiz"},"content":{"rendered":"<p>FOXPRO hat mit dem SHOCKWAVE erneut neue Ma\u00dfst\u00e4be gesetzt! Dieses Vier-Lautsprecher-System verf\u00fcgt \u00fcber zwei Hornsprecher und zwei Hocht\u00f6ner f\u00fcr exzellente Klangqualit\u00e4t und Lautst\u00e4rkef\u00e4higkeit. Es gibt zwei externe Lautsprecheranschl\u00fcsse f\u00fcr noch mehr Lautst\u00e4rke, einen Auxiliary-Anschluss zum Verbinden eines zugelassenen Ger\u00e4ts wie eines Jack Predator Decoy, sowie einen Ladeanschluss.  <\/p>\n<p>Der SHOCKWAVE wird mit 100 hochwertigen FOXPRO-Kl\u00e4ngen geliefert und kann bis zu 1.000 Kl\u00e4nge speichern und abrufen. Sie k\u00f6nnen den SHOCKWAVE manuell oder mit der SHOCKWAVE-Fernbedienung bedienen. Die SHOCKWAVE-Fernbedienung verf\u00fcgt \u00fcber einen Farbgrafik-LCD-Bildschirm, der Ihre Kl\u00e4ngeliste oder Klangkategorien anzeigt, sowie \u00fcber einen Barometer-Indikator, Mondphasen-Indikator, Temperatur-Indikator, Batteriestand-Anzeige, Timer oder Uhr, FOXBANG-Technologie und vieles mehr.  <\/p>\n<p>FOXPRO&#8217;s SHOCKWAVE definiert mit mehreren neuen FOXPRO-Innovationen neu, was ein elektronischer Wildlockreiz leisten kann. FOXMOTION erm\u00f6glicht es Ihnen, den Klang automatisch von den linken zu den rechten Lautsprechern zu \u00fcberblenden, um die Realit\u00e4t Ihrer Lockrufe zu \u201everst\u00e4rken\u201c. FOXFUSION erlaubt es Ihnen, beliebige zwei Kl\u00e4nge gleichzeitig w\u00e4hrend Ihrer Locksequenz zu mischen und anzupassen. FOXPITCH erm\u00f6glicht es Ihnen, die \u201eTonh\u00f6he\u201c des Klangs zu manipulieren, um eine Reaktion auszul\u00f6sen. FOXDATA erm\u00f6glicht es Ihnen, Echtzeitinformationen von jedem einzelnen Stand aufzuzeichnen, sodass Sie auf die Daten f\u00fcr zuk\u00fcnftige Referenzen zugreifen k\u00f6nnen. Der SHOCKWAVE wird durch eine 5-j\u00e4hrige eingeschr\u00e4nkte Garantie und den un\u00fcbertroffenen Kundensupport von FOXPRO unterst\u00fctzt und ist stolz in den USA hergestellt. F\u00fcr weitere Informationen.      <\/p>\n<p>Der TX-1000 verf\u00fcgt \u00fcber einen Farbgrafik-LCD-Bildschirm, der Ihre Kl\u00e4ngeliste oder Klangkategorien anzeigt. Er verf\u00fcgt zudem \u00fcber einen Barometer-Indikator, Mondphasen-Indikator, Temperatur-Indikator, Batteriestand-Anzeige, Timer oder Uhr, FOXBANG-Technologie und vieles mehr. FOXMotion erm\u00f6glicht es Ihnen, den Klang von den linken zu den rechten Lautsprechern zu \u00fcberblenden, um die Realit\u00e4t Ihrer Lockrufe zu verst\u00e4rken. FOXFusion erlaubt es Ihnen, beliebige zwei Kl\u00e4nge gleichzeitig w\u00e4hrend Ihrer Locksequenz zu mischen und anzupassen. FOXPitch erm\u00f6glicht es Ihnen, die Tonh\u00f6he des Klangs zu manipulieren, um eine Reaktion auszul\u00f6sen. FOXData erm\u00f6glicht es Ihnen, Echtzeitinformationen von jedem einzelnen Stand aufzuzeichnen, sodass Sie auf die Daten f\u00fcr zuk\u00fcnftige Referenzen zugreifen k\u00f6nnen. Der Shockwave wird durch eine 5-j\u00e4hrige eingeschr\u00e4nkte Garantie und den un\u00fcbertroffenen Kundensupport von FOXPRO unterst\u00fctzt und ist stolz in den USA hergestellt.      <\/p>\n<h2>Hauptmerkmale<\/h2>\n<ul>\n<li>FOXBANG Ordnet Ihren Caller nach Abfeuern Ihrer Schusswaffe automatisch einer voreingestellten Einstellung zu. (Siehe Bedienungsanleitung f\u00fcr FOXBANG-Optionen.) <\/li>\n<li>FOXMOTION Imitiert sich bewegende Beute durch \u00dcberblenden des Tons vom linken zum rechten Lautsprecher.<\/li>\n<li>FOXFUSION Mischen und kombinieren Sie beliebige zwei Kl\u00e4nge Ihrer Wahl.<\/li>\n<li>FOXPITCH Erm\u00f6glicht es Ihnen, die \u201eTonh\u00f6he\u201c jedes Klangs zu manipulieren, um eine Reaktion auszul\u00f6sen.<\/li>\n<li>FOXDATA Aktivieren Sie FOXDATA, und es zeichnet Echtzeit-Informationen (Temperatur, Luftdruck, Mondphase, Standdauer, Schusszeit) von jedem Stand auf. Mit der Zeit werden Sie in der Lage sein, Tieraktivit\u00e4t\/Jagderfolg basierend auf harten Daten vorherzusagen. <\/li>\n<li>FOXCAST Nahezu freih\u00e4ndiges Locken mit FOXCAST-Sequenzdateien.<\/li>\n<li>AUTO VOLUME Erh\u00f6ht und moduliert automatisch Ihre Lautst\u00e4rke.<\/li>\n<\/ul>\n<h2><span style=\"font-size: 100%;\">Ausstattung<\/span><\/h2>\n<table class=\"table table-bordered\">\n<tbody>\n<tr>\n<td>Abmessungen<\/td>\n<td>14,5 cm x 31 cm x 18 cm<\/td>\n<\/tr>\n<tr>\n<td>Gewicht<\/td>\n<td>1,76 kg<\/td>\n<\/tr>\n<tr>\n<td>Lautsprecher<\/td>\n<td>(2) Hornlautsprecher<br \/>\n(2) Hocht\u00f6ner<\/td>\n<\/tr>\n<tr>\n<td>Manuelle Bedienung<\/td>\n<td>Ja<\/td>\n<\/tr>\n<tr>\n<td>Wiedergabemodi<\/td>\n<td>Wiederholung, Einzeln, Jukebox<\/td>\n<\/tr>\n<tr>\n<td>Ladeanschluss<\/td>\n<td>Ja<\/td>\n<\/tr>\n<tr>\n<td>Externe Lautsprecheranschl\u00fcsse<\/td>\n<td>(2) 3,5mm<\/td>\n<\/tr>\n<tr>\n<td>Zusatzger\u00e4teanschluss<\/td>\n<td>(1) 3,5mm<\/td>\n<\/tr>\n<tr>\n<td>Vom Benutzer neu programmierbar<\/td>\n<td>Ja<\/td>\n<\/tr>\n<tr>\n<td>USB-Anschluss<\/td>\n<td>mini-USB<\/td>\n<\/tr>\n<tr>\n<td>Klangkapazit\u00e4t<\/td>\n<td>1.000 (Wird mit 100 geliefert)<\/td>\n<\/tr>\n<tr>\n<td>Interner Speicher<\/td>\n<td>8GB<\/td>\n<\/tr>\n<tr>\n<td>Dateikompatibilit\u00e4t<\/td>\n<td>MP3, WAV, FXP und 24B (16B Wiedergabe)<\/td>\n<\/tr>\n<tr>\n<td>Stromversorgung<\/td>\n<td>10 AA-Batterien<\/td>\n<\/tr>\n<tr>\n<td>Laufzeit<\/td>\n<td>3-7 Stunden<\/td>\n<\/tr>\n<\/tbody>\n<\/table>\n","protected":false},"excerpt":{"rendered":"<p>FOXPRO hat mit dem SHOCKWAVE erneut neue Ma\u00dfst\u00e4be gesetzt! Dieses Vier-Lautsprecher-System verf\u00fcgt \u00fcber zwei Hornsprecher und zwei Hocht\u00f6ner f\u00fcr exzellente Klangqualit\u00e4t und Lautst\u00e4rkef\u00e4higkeit. Es gibt zwei externe Lautsprecheranschl\u00fcsse f\u00fcr noch mehr Lautst\u00e4rke, einen Auxiliary-Anschluss zum Verbinden eines zugelassenen Ger\u00e4ts wie eines Jack Predator Decoy, sowie einen Ladeanschluss. Der SHOCKWAVE wird mit 100 hochwertigen FOXPRO-Kl\u00e4ngen geliefert [&#8230;]\n","protected":false},"featured_media":238860,"comment_status":"open","ping_status":"closed","template":"","meta":[],"product_brand":[],"product_cat":[2855,1306],"product_tag":[],"class_list":{"0":"post-281964","1":"product","2":"type-product","3":"status-publish","4":"has-post-thumbnail","6":"product_cat-elektroniska-lockjakter","7":"product_cat-electronic-calls","8":"product_shipping_class-medium-de","10":"first","11":"onbackorder","12":"taxable","13":"shipping-taxable","14":"purchasable","15":"product-type-simple"},"composite_virtual":false,"composite_layout":"","composite_add_to_cart_form_location":"","composite_editable_in_cart":false,"composite_sold_individually_context":"","composite_shop_price_calc":"","composite_components":[],"composite_scenarios":[],"group_of_quantity":0,"min_quantity":0,"max_quantity":"","exclude_order_quantity_value_rules":"no","exclude_category_quantity_rules":"no","combine_variations":"no","exclude_global_add_ons":[],"addons":[],"_links":{"self":[{"href":"https:\/\/www.huntersfriend.eu\/de\/wp-json\/wp\/v2\/product\/281964","targetHints":{"allow":["GET"]}}],"collection":[{"href":"https:\/\/www.huntersfriend.eu\/de\/wp-json\/wp\/v2\/product"}],"about":[{"href":"https:\/\/www.huntersfriend.eu\/de\/wp-json\/wp\/v2\/types\/product"}],"replies":[{"embeddable":true,"href":"https:\/\/www.huntersfriend.eu\/de\/wp-json\/wp\/v2\/comments?post=281964"}],"wp:featuredmedia":[{"embeddable":true,"href":"https:\/\/www.huntersfriend.eu\/de\/wp-json\/wp\/v2\/media\/238860"}],"wp:attachment":[{"href":"https:\/\/www.huntersfriend.eu\/de\/wp-json\/wp\/v2\/media?parent=281964"}],"wp:term":[{"taxonomy":"product_brand","embeddable":true,"href":"https:\/\/www.huntersfriend.eu\/de\/wp-json\/wp\/v2\/product_brand?post=281964"},{"taxonomy":"product_cat","embeddable":true,"href":"https:\/\/www.huntersfriend.eu\/de\/wp-json\/wp\/v2\/product_cat?post=281964"},{"taxonomy":"product_tag","embeddable":true,"href":"https:\/\/www.huntersfriend.eu\/de\/wp-json\/wp\/v2\/product_tag?post=281964"}],"curies":[{"name":"wp","href":"https:\/\/api.w.org\/{rel}","templated":true}]}}