{"id":281954,"date":"2022-07-05T07:44:19","date_gmt":"2025-06-23T10:39:14","guid":{"rendered":"https:\/\/www.huntersfriend.eu\/product\/sitka-trucker-cap-subalpine\/"},"modified":"2026-03-11T14:36:10","modified_gmt":"2026-03-11T12:36:10","slug":"sitka-trucker-cap-subalpine","status":"publish","type":"product","link":"https:\/\/www.huntersfriend.eu\/de\/produkt\/sitka-trucker-cap-subalpine\/","title":{"rendered":"SITKA Trucker Cap Subalpine"},"content":{"rendered":"<p>Der klassische Trucker wird im OPTIFADE\u2122-Muster angeboten und verf\u00fcgt \u00fcber eine flache Krempe sowie ein Netzr\u00fcckteil f\u00fcr erh\u00f6hte Atmungsaktivit\u00e4t. Es handelt sich um eine optisch ansprechende Kopfbedeckung, die sich sowohl f\u00fcr die Jagd als auch f\u00fcr den allt\u00e4glichen Gebrauch eignet. <\/p>\n<p>&nbsp;<\/p>\n<p>&nbsp;<\/p>\n","protected":false},"excerpt":{"rendered":"<p>Der klassische Trucker wird im OPTIFADE\u2122-Muster angeboten und verf\u00fcgt \u00fcber eine flache Krempe sowie ein Netzr\u00fcckteil f\u00fcr erh\u00f6hte Atmungsaktivit\u00e4t. Es handelt sich um eine optisch ansprechende Kopfbedeckung, die sich sowohl f\u00fcr die Jagd als auch f\u00fcr den allt\u00e4glichen Gebrauch eignet. &nbsp; &nbsp;<\/p>\n","protected":false},"featured_media":237287,"comment_status":"open","ping_status":"closed","template":"","meta":[],"product_brand":[],"product_cat":[2716,873],"product_tag":[],"class_list":{"0":"post-281954","1":"product","2":"type-product","3":"status-publish","4":"has-post-thumbnail","6":"product_cat-hattar-och-huvudbonader","7":"product_cat-hats-and-headwear","9":"first","10":"instock","11":"taxable","12":"shipping-taxable","13":"purchasable","14":"product-type-simple"},"composite_virtual":false,"composite_layout":"","composite_add_to_cart_form_location":"","composite_editable_in_cart":false,"composite_sold_individually_context":"","composite_shop_price_calc":"","composite_components":[],"composite_scenarios":[],"group_of_quantity":0,"min_quantity":0,"max_quantity":"","exclude_order_quantity_value_rules":"no","exclude_category_quantity_rules":"no","combine_variations":"no","exclude_global_add_ons":[],"addons":[],"_links":{"self":[{"href":"https:\/\/www.huntersfriend.eu\/de\/wp-json\/wp\/v2\/product\/281954","targetHints":{"allow":["GET"]}}],"collection":[{"href":"https:\/\/www.huntersfriend.eu\/de\/wp-json\/wp\/v2\/product"}],"about":[{"href":"https:\/\/www.huntersfriend.eu\/de\/wp-json\/wp\/v2\/types\/product"}],"replies":[{"embeddable":true,"href":"https:\/\/www.huntersfriend.eu\/de\/wp-json\/wp\/v2\/comments?post=281954"}],"wp:featuredmedia":[{"embeddable":true,"href":"https:\/\/www.huntersfriend.eu\/de\/wp-json\/wp\/v2\/media\/237287"}],"wp:attachment":[{"href":"https:\/\/www.huntersfriend.eu\/de\/wp-json\/wp\/v2\/media?parent=281954"}],"wp:term":[{"taxonomy":"product_brand","embeddable":true,"href":"https:\/\/www.huntersfriend.eu\/de\/wp-json\/wp\/v2\/product_brand?post=281954"},{"taxonomy":"product_cat","embeddable":true,"href":"https:\/\/www.huntersfriend.eu\/de\/wp-json\/wp\/v2\/product_cat?post=281954"},{"taxonomy":"product_tag","embeddable":true,"href":"https:\/\/www.huntersfriend.eu\/de\/wp-json\/wp\/v2\/product_tag?post=281954"}],"curies":[{"name":"wp","href":"https:\/\/api.w.org\/{rel}","templated":true}]}}