{"id":281949,"date":"2022-06-17T13:43:12","date_gmt":"2022-06-17T11:43:12","guid":{"rendered":"https:\/\/www.huntersfriend.eu\/product\/sitka-ws-cadence-hose-2\/"},"modified":"2026-04-23T12:22:17","modified_gmt":"2026-04-23T10:22:17","slug":"sitka-ws-cadence-hose-2","status":"publish","type":"product","link":"https:\/\/www.huntersfriend.eu\/de\/produkt\/sitka-ws-cadence-hose-2\/","title":{"rendered":"SITKA WS Cadence Hose"},"content":{"rendered":"<p>Die vielseitige und komfortable Cadence Hose ist aus einem ultraleichten, vierfach dehnbaren Polyester-Textil gefertigt, das federleichte Haltbarkeit gew\u00e4hrleistet. Ein versetzter Taillenverschluss reduziert Volumen und Faltenbildung bei der Verwendung als Schicht, w\u00e4hrend die artikulierte Schnittf\u00fchrung und Dehnbarkeit f\u00fcr optimale Bewegungsfreiheit sorgen &#8211; sei es als Au\u00dfenbekleidung bei fr\u00fchherbstlichen Jagden oder als Zwischenschicht bis in die Sp\u00e4tsaison hinein.  Die Cadence Pant ist die bevorzugte Hose f\u00fcr Wasserwildj\u00e4gerinnen, die ganzj\u00e4hrig einsetzbar ist.<\/p>\n<ul class=\"HeroSpecs__list\">\n<li>\n<p class=\"Hero-desc\"><strong>Stoff:<\/strong> 4-Wege-Stretch-Doppelgewebe (92% Polyester, 8% Elasthan).<\/p>\n<\/li>\n<li>\n<p class=\"Hero-desc\">Abriebfeste, spezielle Messertasche.<\/p>\n<\/li>\n<li>\n<p class=\"Hero-desc\">Diagonale Oberschenkeltaschen mit Rei\u00dfverschluss und Netzfutter.<\/p>\n<\/li>\n<li>\n<p class=\"Hero-desc\"><strong>Taillenbund mit niedrigem Profil:<\/strong> Von Frauen. F\u00fcr Frauen. 100% SITKA.  <\/p>\n<\/li>\n<li>\n<p class=\"Hero-desc\"><strong>Abriebfeste Messertasche:<\/strong> Bewahren Sie Ihr Messer in Griffweite auf.<\/p>\n<\/li>\n<\/ul>\n","protected":false},"excerpt":{"rendered":"<p>Die vielseitige und komfortable Cadence Hose ist aus einem ultraleichten, vierfach dehnbaren Polyester-Textil gefertigt, das federleichte Haltbarkeit gew\u00e4hrleistet. Ein versetzter Taillenverschluss reduziert Volumen und Faltenbildung bei der Verwendung als Schicht, w\u00e4hrend die artikulierte Schnittf\u00fchrung und Dehnbarkeit f\u00fcr optimale Bewegungsfreiheit sorgen &#8211; sei es als Au\u00dfenbekleidung bei fr\u00fchherbstlichen Jagden oder als Zwischenschicht bis in die Sp\u00e4tsaison [&#8230;]\n","protected":false},"featured_media":237672,"comment_status":"open","ping_status":"closed","template":"","meta":[],"product_brand":[],"product_cat":[2765,2117,2710],"product_tag":[],"class_list":{"0":"post-281949","1":"product","2":"type-product","3":"status-publish","4":"has-post-thumbnail","6":"product_cat-fyndlada-slutrea","7":"product_cat-jagdbekleidung-fur-damen","8":"product_cat-jaktklader-for-dam","10":"first","11":"instock","12":"sale","13":"taxable","14":"shipping-taxable","15":"purchasable","16":"product-type-variable"},"composite_virtual":false,"composite_layout":"","composite_add_to_cart_form_location":"","composite_editable_in_cart":false,"composite_sold_individually_context":"","composite_shop_price_calc":"","composite_components":[],"composite_scenarios":[],"group_of_quantity":0,"min_quantity":0,"max_quantity":"","exclude_order_quantity_value_rules":"no","exclude_category_quantity_rules":"no","combine_variations":"no","exclude_global_add_ons":[],"addons":[],"_links":{"self":[{"href":"https:\/\/www.huntersfriend.eu\/de\/wp-json\/wp\/v2\/product\/281949","targetHints":{"allow":["GET"]}}],"collection":[{"href":"https:\/\/www.huntersfriend.eu\/de\/wp-json\/wp\/v2\/product"}],"about":[{"href":"https:\/\/www.huntersfriend.eu\/de\/wp-json\/wp\/v2\/types\/product"}],"replies":[{"embeddable":true,"href":"https:\/\/www.huntersfriend.eu\/de\/wp-json\/wp\/v2\/comments?post=281949"}],"wp:featuredmedia":[{"embeddable":true,"href":"https:\/\/www.huntersfriend.eu\/de\/wp-json\/wp\/v2\/media\/237672"}],"wp:attachment":[{"href":"https:\/\/www.huntersfriend.eu\/de\/wp-json\/wp\/v2\/media?parent=281949"}],"wp:term":[{"taxonomy":"product_brand","embeddable":true,"href":"https:\/\/www.huntersfriend.eu\/de\/wp-json\/wp\/v2\/product_brand?post=281949"},{"taxonomy":"product_cat","embeddable":true,"href":"https:\/\/www.huntersfriend.eu\/de\/wp-json\/wp\/v2\/product_cat?post=281949"},{"taxonomy":"product_tag","embeddable":true,"href":"https:\/\/www.huntersfriend.eu\/de\/wp-json\/wp\/v2\/product_tag?post=281949"}],"curies":[{"name":"wp","href":"https:\/\/api.w.org\/{rel}","templated":true}]}}