{"id":281948,"date":"2022-06-17T13:43:11","date_gmt":"2025-06-23T10:39:10","guid":{"rendered":"https:\/\/www.huntersfriend.eu\/product\/sitka-halswaermer\/"},"modified":"2026-02-25T10:36:21","modified_gmt":"2026-02-25T08:36:21","slug":"sitka-halswaermer","status":"publish","type":"product","link":"https:\/\/www.huntersfriend.eu\/de\/produkt\/sitka-halswaermer\/","title":{"rendered":"SITKA Halsw\u00e4rmer"},"content":{"rendered":"<p>Seidig glatt und mit doppeldickem, hochflorigen Fleece gef\u00fcttert, bietet unser Halsw\u00e4rmer ultimative W\u00e4rme und Tarnung vom Hochsitz bis zum Tarnschirm.<\/p>\n<ul class=\"HeroSpecs__list\">\n<li>\n<p class=\"Hero-desc\"><strong>GORE\u2122 OPTIFADE\u2122 Concealment Elevated II <\/strong>ist konzipiert f\u00fcr das Pirschen und Auflauern von Huftieren auf Bodenh\u00f6he in baumbewachsenem und bewachsenem Gel\u00e4nde.<\/p>\n<\/li>\n<li>\n<p class=\"Hero-desc\"><strong>Material:<\/strong> Stretch-Polyester-Strick mit hochflorigem Polyester-Fleece-Futter.<\/p>\n<\/li>\n<li>\n<p class=\"Hero-desc\">Ein pl\u00fcschiges, hochfloriges Fleece-Innenfutter sorgt f\u00fcr ausreichend W\u00e4rme und maximalen Komfort<\/p>\n<\/li>\n<\/ul>\n","protected":false},"excerpt":{"rendered":"<p>Seidig glatt und mit doppeldickem, hochflorigen Fleece gef\u00fcttert, bietet unser Halsw\u00e4rmer ultimative W\u00e4rme und Tarnung vom Hochsitz bis zum Tarnschirm. GORE\u2122 OPTIFADE\u2122 Concealment Elevated II ist konzipiert f\u00fcr das Pirschen und Auflauern von Huftieren auf Bodenh\u00f6he in baumbewachsenem und bewachsenem Gel\u00e4nde. Material: Stretch-Polyester-Strick mit hochflorigem Polyester-Fleece-Futter. Ein pl\u00fcschiges, hochfloriges Fleece-Innenfutter sorgt f\u00fcr ausreichend W\u00e4rme und [&#8230;]\n","protected":false},"featured_media":254407,"comment_status":"open","ping_status":"closed","template":"","meta":[],"product_brand":[],"product_cat":[2716],"product_tag":[],"class_list":{"0":"post-281948","1":"product","2":"type-product","3":"status-publish","4":"has-post-thumbnail","6":"product_cat-hattar-och-huvudbonader","8":"first","9":"outofstock","10":"taxable","11":"shipping-taxable","12":"purchasable","13":"product-type-simple"},"composite_virtual":false,"composite_layout":"","composite_add_to_cart_form_location":"","composite_editable_in_cart":false,"composite_sold_individually_context":"","composite_shop_price_calc":"","composite_components":[],"composite_scenarios":[],"group_of_quantity":0,"min_quantity":0,"max_quantity":"","exclude_order_quantity_value_rules":"no","exclude_category_quantity_rules":"no","combine_variations":"no","exclude_global_add_ons":[],"addons":[],"_links":{"self":[{"href":"https:\/\/www.huntersfriend.eu\/de\/wp-json\/wp\/v2\/product\/281948","targetHints":{"allow":["GET"]}}],"collection":[{"href":"https:\/\/www.huntersfriend.eu\/de\/wp-json\/wp\/v2\/product"}],"about":[{"href":"https:\/\/www.huntersfriend.eu\/de\/wp-json\/wp\/v2\/types\/product"}],"replies":[{"embeddable":true,"href":"https:\/\/www.huntersfriend.eu\/de\/wp-json\/wp\/v2\/comments?post=281948"}],"wp:featuredmedia":[{"embeddable":true,"href":"https:\/\/www.huntersfriend.eu\/de\/wp-json\/wp\/v2\/media\/254407"}],"wp:attachment":[{"href":"https:\/\/www.huntersfriend.eu\/de\/wp-json\/wp\/v2\/media?parent=281948"}],"wp:term":[{"taxonomy":"product_brand","embeddable":true,"href":"https:\/\/www.huntersfriend.eu\/de\/wp-json\/wp\/v2\/product_brand?post=281948"},{"taxonomy":"product_cat","embeddable":true,"href":"https:\/\/www.huntersfriend.eu\/de\/wp-json\/wp\/v2\/product_cat?post=281948"},{"taxonomy":"product_tag","embeddable":true,"href":"https:\/\/www.huntersfriend.eu\/de\/wp-json\/wp\/v2\/product_tag?post=281948"}],"curies":[{"name":"wp","href":"https:\/\/api.w.org\/{rel}","templated":true}]}}