{"id":281932,"date":"2022-06-21T09:44:04","date_gmt":"2022-06-21T07:44:04","guid":{"rendered":"https:\/\/www.huntersfriend.eu\/product\/trophy-ridge-react-alpha-1-pin\/"},"modified":"2025-10-30T11:51:26","modified_gmt":"2025-10-30T09:51:26","slug":"trophy-ridge-react-alpha-1-pin","status":"publish","type":"product","link":"https:\/\/www.huntersfriend.eu\/de\/produkt\/trophy-ridge-react-alpha-1-pin\/","title":{"rendered":"Trophy Ridge React Alpha 1 Pin"},"content":{"rendered":"<p>Aufmerksamkeit aller Sch\u00fctzen mit Einzelnadel! Das React Alpha verf\u00fcgt \u00fcber eine einzige 0,019-Nadel mit einem einzigartigen A-Rahmen-Design, welches Ihre Pr\u00e4zision bei jedem Schuss erh\u00f6ht. <\/p>\n<ul>\n<li>Einzelnadel-Schiebezielvorrichtung<\/li>\n<li>Verf\u00fcgt \u00fcber React-Technologie, die akkurat Ihre Nadelposition f\u00fcr verschiedene Distanzen vorhersagt<\/li>\n<li>Nadelform konzipiert, um Ihren Blick auf das Ziel zu lenken<\/li>\n<li>Dritte-Achsen-Nivellierungsfunktion<\/li>\n<li>Optimal f\u00fcr Schie\u00dfgeschwindigkeiten von 265-330 Fu\u00df pro Sekunde<\/li>\n<\/ul>\n","protected":false},"excerpt":{"rendered":"<p>Aufmerksamkeit aller Sch\u00fctzen mit Einzelnadel! Das React Alpha verf\u00fcgt \u00fcber eine einzige 0,019-Nadel mit einem einzigartigen A-Rahmen-Design, welches Ihre Pr\u00e4zision bei jedem Schuss erh\u00f6ht. Einzelnadel-Schiebezielvorrichtung Verf\u00fcgt \u00fcber React-Technologie, die akkurat Ihre Nadelposition f\u00fcr verschiedene Distanzen vorhersagt Nadelform konzipiert, um Ihren Blick auf das Ziel zu lenken Dritte-Achsen-Nivellierungsfunktion Optimal f\u00fcr Schie\u00dfgeschwindigkeiten von 265-330 Fu\u00df pro Sekunde<\/p>\n","protected":false},"featured_media":236766,"comment_status":"open","ping_status":"closed","template":"","meta":[],"product_brand":[],"product_cat":[1119],"product_tag":[],"class_list":{"0":"post-281932","1":"product","2":"type-product","3":"status-publish","4":"has-post-thumbnail","6":"product_cat-jagd-visiere","8":"first","9":"instock","10":"taxable","11":"shipping-taxable","12":"purchasable","13":"product-type-simple"},"composite_virtual":false,"composite_layout":"","composite_add_to_cart_form_location":"","composite_editable_in_cart":false,"composite_sold_individually_context":"","composite_shop_price_calc":"","composite_components":[],"composite_scenarios":[],"group_of_quantity":0,"min_quantity":0,"max_quantity":"","exclude_order_quantity_value_rules":"no","exclude_category_quantity_rules":"no","combine_variations":"no","exclude_global_add_ons":[],"addons":[],"_links":{"self":[{"href":"https:\/\/www.huntersfriend.eu\/de\/wp-json\/wp\/v2\/product\/281932","targetHints":{"allow":["GET"]}}],"collection":[{"href":"https:\/\/www.huntersfriend.eu\/de\/wp-json\/wp\/v2\/product"}],"about":[{"href":"https:\/\/www.huntersfriend.eu\/de\/wp-json\/wp\/v2\/types\/product"}],"replies":[{"embeddable":true,"href":"https:\/\/www.huntersfriend.eu\/de\/wp-json\/wp\/v2\/comments?post=281932"}],"wp:featuredmedia":[{"embeddable":true,"href":"https:\/\/www.huntersfriend.eu\/de\/wp-json\/wp\/v2\/media\/236766"}],"wp:attachment":[{"href":"https:\/\/www.huntersfriend.eu\/de\/wp-json\/wp\/v2\/media?parent=281932"}],"wp:term":[{"taxonomy":"product_brand","embeddable":true,"href":"https:\/\/www.huntersfriend.eu\/de\/wp-json\/wp\/v2\/product_brand?post=281932"},{"taxonomy":"product_cat","embeddable":true,"href":"https:\/\/www.huntersfriend.eu\/de\/wp-json\/wp\/v2\/product_cat?post=281932"},{"taxonomy":"product_tag","embeddable":true,"href":"https:\/\/www.huntersfriend.eu\/de\/wp-json\/wp\/v2\/product_tag?post=281932"}],"curies":[{"name":"wp","href":"https:\/\/api.w.org\/{rel}","templated":true}]}}