{"id":281931,"date":"2022-06-17T12:45:01","date_gmt":"2025-06-23T10:39:07","guid":{"rendered":"https:\/\/www.huntersfriend.eu\/product\/sitka-core-mid-wt-zip-t-subalpine\/"},"modified":"2026-04-23T12:22:17","modified_gmt":"2026-04-23T10:22:17","slug":"sitka-core-mid-wt-zip-t-subalpine","status":"publish","type":"product","link":"https:\/\/www.huntersfriend.eu\/de\/produkt\/sitka-core-mid-wt-zip-t-subalpine\/","title":{"rendered":"SITKA Core Mid WT Zip-T (Subalpine)"},"content":{"rendered":"<p>Das CORE Midweight Zip-T zeichnet sich durch schnell trocknenden, komfortablen Stretch-Fleece mittlerer Gewichtsklasse und einen hochgezogenen Rei\u00dfverschlusskragen aus, der die K\u00f6rpertemperatur bei aktiver Bet\u00e4tigung reguliert, unabh\u00e4ngig davon, ob das Thermometer steigt oder f\u00e4llt. Die permanente Polygiene\u00ae Geruchskontrolltechnologie und die flache Nahtverarbeitung machen dieses Kleidungsst\u00fcck zu einer vielseitigen, hautnahen Schicht f\u00fcr ein breites Spektrum von Bedingungen und Aktivit\u00e4tsniveaus. <\/p>\n<p>GORE\u2122 OPTIFADE\u2122 Concealment Open Country ist wissenschaftlich optimiert f\u00fcr Einsatzreichweiten von 50 Yards und mehr auf Bodenh\u00f6he in felsigem Gel\u00e4nde oberhalb der Baumgrenze.<\/p>\n<p>GORE\u2122 OPTIFADE\u2122 Concealment Subalpine wurde f\u00fcr das Anpirschen und Auflauern von Huftieren auf Bodenh\u00f6he in baumbewachsenem und bewachsenem Gel\u00e4nde konzipiert.<\/p>\n<p>Gewicht: 283,49 Gramm. \/\/ Size L<\/p>\n<p>Stoff: Schnell trocknender, mittelgewichtiger Komfort-Stretchfleece (96% Polyester\/4% Elastan).<\/p>\n<p>Polygiene\u00ae Geruchskontrolltechnologie neutralisiert auf sichere Weise Ger\u00fcche, die durch Schwei\u00df verursacht werden.<\/p>\n","protected":false},"excerpt":{"rendered":"<p>Das CORE Midweight Zip-T zeichnet sich durch schnell trocknenden, komfortablen Stretch-Fleece mittlerer Gewichtsklasse und einen hochgezogenen Rei\u00dfverschlusskragen aus, der die K\u00f6rpertemperatur bei aktiver Bet\u00e4tigung reguliert, unabh\u00e4ngig davon, ob das Thermometer steigt oder f\u00e4llt. Die permanente Polygiene\u00ae Geruchskontrolltechnologie und die flache Nahtverarbeitung machen dieses Kleidungsst\u00fcck zu einer vielseitigen, hautnahen Schicht f\u00fcr ein breites Spektrum von Bedingungen [&#8230;]\n","protected":false},"featured_media":257914,"comment_status":"open","ping_status":"closed","template":"","meta":[],"product_brand":[],"product_cat":[2184,2580,2813],"product_tag":[],"class_list":{"0":"post-281931","1":"product","2":"type-product","3":"status-publish","4":"has-post-thumbnail","6":"product_cat-hemden-kapuzenpullover","7":"product_cat-lager-pa-lager","8":"product_cat-skjortor-hoodies","10":"first","11":"instock","12":"taxable","13":"shipping-taxable","14":"purchasable","15":"product-type-variable"},"composite_virtual":false,"composite_layout":"","composite_add_to_cart_form_location":"","composite_editable_in_cart":false,"composite_sold_individually_context":"","composite_shop_price_calc":"","composite_components":[],"composite_scenarios":[],"group_of_quantity":0,"min_quantity":0,"max_quantity":"","exclude_order_quantity_value_rules":"no","exclude_category_quantity_rules":"no","combine_variations":"no","exclude_global_add_ons":[],"addons":[],"_links":{"self":[{"href":"https:\/\/www.huntersfriend.eu\/de\/wp-json\/wp\/v2\/product\/281931","targetHints":{"allow":["GET"]}}],"collection":[{"href":"https:\/\/www.huntersfriend.eu\/de\/wp-json\/wp\/v2\/product"}],"about":[{"href":"https:\/\/www.huntersfriend.eu\/de\/wp-json\/wp\/v2\/types\/product"}],"replies":[{"embeddable":true,"href":"https:\/\/www.huntersfriend.eu\/de\/wp-json\/wp\/v2\/comments?post=281931"}],"wp:featuredmedia":[{"embeddable":true,"href":"https:\/\/www.huntersfriend.eu\/de\/wp-json\/wp\/v2\/media\/257914"}],"wp:attachment":[{"href":"https:\/\/www.huntersfriend.eu\/de\/wp-json\/wp\/v2\/media?parent=281931"}],"wp:term":[{"taxonomy":"product_brand","embeddable":true,"href":"https:\/\/www.huntersfriend.eu\/de\/wp-json\/wp\/v2\/product_brand?post=281931"},{"taxonomy":"product_cat","embeddable":true,"href":"https:\/\/www.huntersfriend.eu\/de\/wp-json\/wp\/v2\/product_cat?post=281931"},{"taxonomy":"product_tag","embeddable":true,"href":"https:\/\/www.huntersfriend.eu\/de\/wp-json\/wp\/v2\/product_tag?post=281931"}],"curies":[{"name":"wp","href":"https:\/\/api.w.org\/{rel}","templated":true}]}}